{"id":602,"date":"2025-10-06T18:25:22","date_gmt":"2025-10-06T16:25:22","guid":{"rendered":"https:\/\/rubi.com.py\/index.php\/producto\/placa-infrarroja-tokyo-olla-2000w-multifuncion-con-timer\/"},"modified":"2026-04-20T22:42:58","modified_gmt":"2026-04-20T20:42:58","slug":"placa-infrarroja-tokyo-olla-2000w-multifuncion-con-timer","status":"publish","type":"product","link":"https:\/\/rubi.com.py\/index.php\/producto\/placa-infrarroja-tokyo-olla-2000w-multifuncion-con-timer\/","title":{"rendered":"PLACA INFRARROJA TOKYO + OLLA 2000W MULTIFUNCI\u00d3N CON TIMER"},"content":{"rendered":"<p>* Protecci\u00f3n a sobrecalentamiento. * Pantalla y men\u00fas regulables. * Incluye olla de regalo. * Cocci\u00f3n infrarroja. * Potencia 2.000W. * Manejo simple. * Timer digital Im\u00e1genes meramente ilustrativas. Im\u00e1genes e informaci\u00f3n sujetas a cambios sin previo aviso. Detalles t\u00e9cnicos: \u2022 POTENCIA: 2000 Watts \u2022 TENSION ELECTRICA: 220-240 VOLTIOS \u2022 FRECUENCIA ELECTRICA: 50\/60 HERTZ \u2022 ANCHO: 17,5 CM \u2022 ALTO: 40 CM \u2022 LARGO: 31,5 CM \u2022 PESO: 2620 GR<\/p>\n","protected":false},"excerpt":{"rendered":"<p>* Protecci\u00f3n a sobrecalentamiento. * Pantalla y men\u00fas regulables. * Incluye olla de regalo. * Cocci\u00f3n infrarroja. * Potencia 2.000W. * Manejo simple. * Timer digital Im\u00e1genes meramente ilustrativas. Im\u00e1genes e informaci\u00f3n sujetas a cambios sin previo aviso.<\/p>\n","protected":false},"featured_media":4677,"comment_status":"open","ping_status":"closed","template":"","meta":{"_et_pb_use_builder":"","_et_pb_old_content":"","_et_gb_content_width":""},"product_brand":[],"product_cat":[33],"product_tag":[],"class_list":{"0":"post-602","1":"product","2":"type-product","3":"status-publish","4":"has-post-thumbnail","6":"product_cat-cocina-y-comedor","8":"first","9":"instock","10":"shipping-taxable","11":"purchasable","12":"product-type-simple"},"_links":{"self":[{"href":"https:\/\/rubi.com.py\/index.php\/wp-json\/wp\/v2\/product\/602","targetHints":{"allow":["GET"]}}],"collection":[{"href":"https:\/\/rubi.com.py\/index.php\/wp-json\/wp\/v2\/product"}],"about":[{"href":"https:\/\/rubi.com.py\/index.php\/wp-json\/wp\/v2\/types\/product"}],"replies":[{"embeddable":true,"href":"https:\/\/rubi.com.py\/index.php\/wp-json\/wp\/v2\/comments?post=602"}],"wp:featuredmedia":[{"embeddable":true,"href":"https:\/\/rubi.com.py\/index.php\/wp-json\/wp\/v2\/media\/4677"}],"wp:attachment":[{"href":"https:\/\/rubi.com.py\/index.php\/wp-json\/wp\/v2\/media?parent=602"}],"wp:term":[{"taxonomy":"product_brand","embeddable":true,"href":"https:\/\/rubi.com.py\/index.php\/wp-json\/wp\/v2\/product_brand?post=602"},{"taxonomy":"product_cat","embeddable":true,"href":"https:\/\/rubi.com.py\/index.php\/wp-json\/wp\/v2\/product_cat?post=602"},{"taxonomy":"product_tag","embeddable":true,"href":"https:\/\/rubi.com.py\/index.php\/wp-json\/wp\/v2\/product_tag?post=602"}],"curies":[{"name":"wp","href":"https:\/\/api.w.org\/{rel}","templated":true}]}}