{"id":610,"date":"2025-10-06T18:27:06","date_gmt":"2025-10-06T16:27:06","guid":{"rendered":"https:\/\/rubi.com.py\/index.php\/producto\/picadora-moulinex-pica-todo-1-2-3-mod-ad6011cl-750w-300grs-220v-50hz\/"},"modified":"2026-04-20T22:41:23","modified_gmt":"2026-04-20T20:41:23","slug":"picadora-moulinex-pica-todo-1-2-3-mod-ad6011cl-750w-300grs-220v-50hz","status":"publish","type":"product","link":"https:\/\/rubi.com.py\/index.php\/producto\/picadora-moulinex-pica-todo-1-2-3-mod-ad6011cl-750w-300grs-220v-50hz\/","title":{"rendered":"PICADORA MOULINEX PICA TODO 1-2-3 MOD AD6011CL 750W 300GRS 220V 50HZ"},"content":{"rendered":"<p>* Sistema de seguridad electr\u00f3nico, que evita que el motor funcione si el vaso se coloca mal. * Sistema de seguridad mec\u00e1nico que ofrece mayor estabilidad. * Pica toda clase de alimentos incluso carne cruda. * Cuchillas en acero inoxidable. * Potente, compacta y r\u00e1pida. * Funciones Picar y moler. * Sistema 1,2,3 sencillo. * Cierre de seguridad. * Capacidad 300 g. * Potencia 750 W. Im\u00e1genes meramente ilustrativas. Im\u00e1genes e informaci\u00f3n sujetas a cambios sin previo aviso. Detalles t\u00e9cnicos: \u2022 ANCHO: 18 CM \u2022 ALTO: 24 CM \u2022 LARGO: 18 CM \u2022 PESO: 3170 GR<\/p>\n","protected":false},"excerpt":{"rendered":"<p>* Sistema de seguridad electr\u00f3nico, que evita que el motor funcione si el vaso se coloca mal. * Sistema de seguridad mec\u00e1nico que ofrece mayor estabilidad. * Pica toda clase de alimentos incluso carne cruda. * Cuchillas en acero inoxidable. * Potente, compacta y r\u00e1pida. * Funciones Picar y moler. * Sistema 1,2,3 sencillo. * Cierre de seguridad. * Capacidad 300 g. * Potencia 750 W. Im\u00e1genes meramente ilustrativas. Im\u00e1genes e informaci\u00f3n sujetas a cambios sin previo aviso.<\/p>\n","protected":false},"featured_media":4671,"comment_status":"open","ping_status":"closed","template":"","meta":{"_et_pb_use_builder":"","_et_pb_old_content":"","_et_gb_content_width":""},"product_brand":[],"product_cat":[33],"product_tag":[],"class_list":{"0":"post-610","1":"product","2":"type-product","3":"status-publish","4":"has-post-thumbnail","6":"product_cat-cocina-y-comedor","8":"first","9":"instock","10":"shipping-taxable","11":"purchasable","12":"product-type-simple"},"_links":{"self":[{"href":"https:\/\/rubi.com.py\/index.php\/wp-json\/wp\/v2\/product\/610","targetHints":{"allow":["GET"]}}],"collection":[{"href":"https:\/\/rubi.com.py\/index.php\/wp-json\/wp\/v2\/product"}],"about":[{"href":"https:\/\/rubi.com.py\/index.php\/wp-json\/wp\/v2\/types\/product"}],"replies":[{"embeddable":true,"href":"https:\/\/rubi.com.py\/index.php\/wp-json\/wp\/v2\/comments?post=610"}],"wp:featuredmedia":[{"embeddable":true,"href":"https:\/\/rubi.com.py\/index.php\/wp-json\/wp\/v2\/media\/4671"}],"wp:attachment":[{"href":"https:\/\/rubi.com.py\/index.php\/wp-json\/wp\/v2\/media?parent=610"}],"wp:term":[{"taxonomy":"product_brand","embeddable":true,"href":"https:\/\/rubi.com.py\/index.php\/wp-json\/wp\/v2\/product_brand?post=610"},{"taxonomy":"product_cat","embeddable":true,"href":"https:\/\/rubi.com.py\/index.php\/wp-json\/wp\/v2\/product_cat?post=610"},{"taxonomy":"product_tag","embeddable":true,"href":"https:\/\/rubi.com.py\/index.php\/wp-json\/wp\/v2\/product_tag?post=610"}],"curies":[{"name":"wp","href":"https:\/\/api.w.org\/{rel}","templated":true}]}}