{"id":614,"date":"2025-10-06T18:27:46","date_gmt":"2025-10-06T16:27:46","guid":{"rendered":"https:\/\/rubi.com.py\/index.php\/producto\/picadora-mini-chopper-soleil-moulinex-dj360a10\/"},"modified":"2026-04-21T22:19:18","modified_gmt":"2026-04-21T20:19:18","slug":"picadora-mini-chopper-soleil-moulinex-dj360a10","status":"publish","type":"product","link":"https:\/\/rubi.com.py\/index.php\/producto\/picadora-mini-chopper-soleil-moulinex-dj360a10\/","title":{"rendered":"PICADORA MINI CHOPPER SOLEIL MOULINEX DJ360A10"},"content":{"rendered":"<p>* Sistema 1, 2, 3 sencillo. Con solo presionar parte superior. * Pr\u00e1ctico sistema para guardar el cable. * De forma r\u00e1pida, resultados perfectos. * 3 en 1 para picar, cincelar y mezclar. * Potencia 350 W. Im\u00e1genes meramente ilustrativas. Im\u00e1genes e informaci\u00f3n sujetas a cambios sin previo aviso. Detalles t\u00e9cnicos: \u2022 ANCHO: 11,3 CM \u2022 ALTO: 20,5 CM \u2022 LARGO: 11,3 CM \u2022 PESO: 7200 GR<\/p>\n","protected":false},"excerpt":{"rendered":"<p>* Sistema 1, 2, 3 sencillo. Con solo presionar parte superior. * Pr\u00e1ctico sistema para guardar el cable. * De forma r\u00e1pida, resultados perfectos. * 3 en 1 para picar, cincelar y mezclar. * Potencia 350 W. Im\u00e1genes meramente ilustrativas. Im\u00e1genes e informaci\u00f3n sujetas a cambios sin previo aviso.<\/p>\n","protected":false},"featured_media":4762,"comment_status":"open","ping_status":"closed","template":"","meta":{"_et_pb_use_builder":"","_et_pb_old_content":"","_et_gb_content_width":""},"product_brand":[],"product_cat":[33],"product_tag":[],"class_list":{"0":"post-614","1":"product","2":"type-product","3":"status-publish","4":"has-post-thumbnail","6":"product_cat-cocina-y-comedor","8":"first","9":"instock","10":"shipping-taxable","11":"purchasable","12":"product-type-simple"},"_links":{"self":[{"href":"https:\/\/rubi.com.py\/index.php\/wp-json\/wp\/v2\/product\/614","targetHints":{"allow":["GET"]}}],"collection":[{"href":"https:\/\/rubi.com.py\/index.php\/wp-json\/wp\/v2\/product"}],"about":[{"href":"https:\/\/rubi.com.py\/index.php\/wp-json\/wp\/v2\/types\/product"}],"replies":[{"embeddable":true,"href":"https:\/\/rubi.com.py\/index.php\/wp-json\/wp\/v2\/comments?post=614"}],"wp:featuredmedia":[{"embeddable":true,"href":"https:\/\/rubi.com.py\/index.php\/wp-json\/wp\/v2\/media\/4762"}],"wp:attachment":[{"href":"https:\/\/rubi.com.py\/index.php\/wp-json\/wp\/v2\/media?parent=614"}],"wp:term":[{"taxonomy":"product_brand","embeddable":true,"href":"https:\/\/rubi.com.py\/index.php\/wp-json\/wp\/v2\/product_brand?post=614"},{"taxonomy":"product_cat","embeddable":true,"href":"https:\/\/rubi.com.py\/index.php\/wp-json\/wp\/v2\/product_cat?post=614"},{"taxonomy":"product_tag","embeddable":true,"href":"https:\/\/rubi.com.py\/index.php\/wp-json\/wp\/v2\/product_tag?post=614"}],"curies":[{"name":"wp","href":"https:\/\/api.w.org\/{rel}","templated":true}]}}