{"id":621,"date":"2025-10-06T18:32:50","date_gmt":"2025-10-06T16:32:50","guid":{"rendered":"https:\/\/rubi.com.py\/index.php\/producto\/microondas-tokyo-mod-tok25bl-25lts-c-grill-blanco\/"},"modified":"2026-04-21T22:03:45","modified_gmt":"2026-04-21T20:03:45","slug":"microondas-tokyo-mod-tok25bl-25lts-c-grill-blanco","status":"publish","type":"product","link":"https:\/\/rubi.com.py\/index.php\/producto\/microondas-tokyo-mod-tok25bl-25lts-c-grill-blanco\/","title":{"rendered":"MICROONDAS TOKYO MOD TOK25BL 25LTS C\/GRILL BLANCO"},"content":{"rendered":"<p>* Descongelamiento por peso. * Bloqueo de seguridad. * Potencia microonda 800W. * Funci\u00f3n cocci\u00f3n r\u00e1pida. * 10 niveles de potencia. * Capacidad 25 litros. * Con grill. MEDIDAS DEL PRODUCTO. * Ancho 49 cm. * Altura con patitas 29 cm. * Altura sin patitas 27 cm. * Profundidad 35 cm. Im\u00e1genes meramente ilustrativas. Im\u00e1genes e informaci\u00f3n sujetas a cambios sin previo aviso. Detalles t\u00e9cnicos: \u2022 ANCHO: 42 CM \u2022 ALTO: 33 CM \u2022 LARGO: 54 CM \u2022 PESO: GR<\/p>\n","protected":false},"excerpt":{"rendered":"<p>* Descongelamiento por peso. * Bloqueo de seguridad. * Potencia microonda 800W. * Funci\u00f3n cocci\u00f3n r\u00e1pida. * 10 niveles de potencia. * Capacidad 25 litros. * Con grill. MEDIDAS DEL PRODUCTO. * Ancho 49 cm. * Altura con patitas 29 cm. * Altura sin patitas 27 cm. * Profundidad 35 cm. Im\u00e1genes meramente ilustrativas. Im\u00e1genes e informaci\u00f3n sujetas a cambios sin previo aviso.<\/p>\n","protected":false},"featured_media":4756,"comment_status":"open","ping_status":"closed","template":"","meta":{"_et_pb_use_builder":"","_et_pb_old_content":"","_et_gb_content_width":""},"product_brand":[],"product_cat":[33],"product_tag":[],"class_list":{"0":"post-621","1":"product","2":"type-product","3":"status-publish","4":"has-post-thumbnail","6":"product_cat-cocina-y-comedor","8":"first","9":"instock","10":"shipping-taxable","11":"purchasable","12":"product-type-simple"},"_links":{"self":[{"href":"https:\/\/rubi.com.py\/index.php\/wp-json\/wp\/v2\/product\/621","targetHints":{"allow":["GET"]}}],"collection":[{"href":"https:\/\/rubi.com.py\/index.php\/wp-json\/wp\/v2\/product"}],"about":[{"href":"https:\/\/rubi.com.py\/index.php\/wp-json\/wp\/v2\/types\/product"}],"replies":[{"embeddable":true,"href":"https:\/\/rubi.com.py\/index.php\/wp-json\/wp\/v2\/comments?post=621"}],"wp:featuredmedia":[{"embeddable":true,"href":"https:\/\/rubi.com.py\/index.php\/wp-json\/wp\/v2\/media\/4756"}],"wp:attachment":[{"href":"https:\/\/rubi.com.py\/index.php\/wp-json\/wp\/v2\/media?parent=621"}],"wp:term":[{"taxonomy":"product_brand","embeddable":true,"href":"https:\/\/rubi.com.py\/index.php\/wp-json\/wp\/v2\/product_brand?post=621"},{"taxonomy":"product_cat","embeddable":true,"href":"https:\/\/rubi.com.py\/index.php\/wp-json\/wp\/v2\/product_cat?post=621"},{"taxonomy":"product_tag","embeddable":true,"href":"https:\/\/rubi.com.py\/index.php\/wp-json\/wp\/v2\/product_tag?post=621"}],"curies":[{"name":"wp","href":"https:\/\/api.w.org\/{rel}","templated":true}]}}