{"id":623,"date":"2025-10-06T18:34:53","date_gmt":"2025-10-06T16:34:53","guid":{"rendered":"https:\/\/rubi.com.py\/index.php\/producto\/microondas-tokyo-mod-orbit-tok20lo-20lts-manual-sin-grill\/"},"modified":"2026-04-21T22:03:23","modified_gmt":"2026-04-21T20:03:23","slug":"microondas-tokyo-mod-orbit-tok20lo-20lts-manual-sin-grill","status":"publish","type":"product","link":"https:\/\/rubi.com.py\/index.php\/producto\/microondas-tokyo-mod-orbit-tok20lo-20lts-manual-sin-grill\/","title":{"rendered":"MICROONDAS TOKYO MOD ORBIT TOK20LO 20LTS MANUAL SIN GRILL"},"content":{"rendered":"<p>* Temporizador mec\u00e1nico. * 5 niveles de potencia. * Capacidad 20 litros. * Potencia 700W. * Control a perilla. Im\u00e1genes meramente ilustrativas. Im\u00e1genes e informaci\u00f3n sujetas a cambios sin previo aviso. Detalles t\u00e9cnicos: \u2022 TENSION ELECTRICA: 220-240 VOLTIOS \u2022 FRECUENCIA ELECTRICA: 50 HERTZ \u2022 CAPACIDAD: 20 Litros \u2022 POTENCIA: 700 Watts \u2022 ANCHO: 49 CM \u2022 ALTO: 29 CM \u2022 LARGO: 38 CM \u2022 PESO: 11840 GR<\/p>\n","protected":false},"excerpt":{"rendered":"<p>* Temporizador mec\u00e1nico. * 5 niveles de potencia. * Capacidad 20 litros. * Potencia 700W. * Control a perilla. Im\u00e1genes meramente ilustrativas. Im\u00e1genes e informaci\u00f3n sujetas a cambios sin previo aviso.<\/p>\n","protected":false},"featured_media":4755,"comment_status":"open","ping_status":"closed","template":"","meta":{"_et_pb_use_builder":"","_et_pb_old_content":"","_et_gb_content_width":""},"product_brand":[],"product_cat":[33],"product_tag":[],"class_list":{"0":"post-623","1":"product","2":"type-product","3":"status-publish","4":"has-post-thumbnail","6":"product_cat-cocina-y-comedor","8":"first","9":"instock","10":"shipping-taxable","11":"purchasable","12":"product-type-simple"},"_links":{"self":[{"href":"https:\/\/rubi.com.py\/index.php\/wp-json\/wp\/v2\/product\/623","targetHints":{"allow":["GET"]}}],"collection":[{"href":"https:\/\/rubi.com.py\/index.php\/wp-json\/wp\/v2\/product"}],"about":[{"href":"https:\/\/rubi.com.py\/index.php\/wp-json\/wp\/v2\/types\/product"}],"replies":[{"embeddable":true,"href":"https:\/\/rubi.com.py\/index.php\/wp-json\/wp\/v2\/comments?post=623"}],"wp:featuredmedia":[{"embeddable":true,"href":"https:\/\/rubi.com.py\/index.php\/wp-json\/wp\/v2\/media\/4755"}],"wp:attachment":[{"href":"https:\/\/rubi.com.py\/index.php\/wp-json\/wp\/v2\/media?parent=623"}],"wp:term":[{"taxonomy":"product_brand","embeddable":true,"href":"https:\/\/rubi.com.py\/index.php\/wp-json\/wp\/v2\/product_brand?post=623"},{"taxonomy":"product_cat","embeddable":true,"href":"https:\/\/rubi.com.py\/index.php\/wp-json\/wp\/v2\/product_cat?post=623"},{"taxonomy":"product_tag","embeddable":true,"href":"https:\/\/rubi.com.py\/index.php\/wp-json\/wp\/v2\/product_tag?post=623"}],"curies":[{"name":"wp","href":"https:\/\/api.w.org\/{rel}","templated":true}]}}