{"id":629,"date":"2025-10-06T18:37:50","date_gmt":"2025-10-06T16:37:50","guid":{"rendered":"https:\/\/rubi.com.py\/index.php\/producto\/mata-insectos-geisha-gecko-c-ventil-de-atraccion\/"},"modified":"2026-04-21T22:34:58","modified_gmt":"2026-04-21T20:34:58","slug":"mata-insectos-geisha-gecko-c-ventil-de-atraccion","status":"publish","type":"product","link":"https:\/\/rubi.com.py\/index.php\/producto\/mata-insectos-geisha-gecko-c-ventil-de-atraccion\/","title":{"rendered":"MATA INSECTOS GEISHA GECKO C\/VENTIL. DE ATRACCION"},"content":{"rendered":"<p>* Pr\u00e1ctico bot\u00f3n de encendido y apagado. * Tubo lum\u00ednico que emite UV-A, ideal para atraer insectos. * Sistema de succi\u00f3n con 2 ventiladores. * Bandeja desmontable. * 2 modos de uso, colgante y colocado sobre una superficie. * Tensi\u00f3n el\u00e9ctrica 220V-50Hz. * Tipo de iluminaci\u00f3n T5BL (8W x1). * Potencia 14W. IMAGEN ILUSTRATIVA. Detalles t\u00e9cnicos: \u2022 POTENCIA: 14 Watts \u2022 TENSION ELECTRICA: 220-240 VOLTIOS \u2022 FRECUENCIA ELECTRICA: 50 HERTZ \u2022 ANCHO: 11,5 CM \u2022 ALTO: 26,7 CM \u2022 LARGO: 41 CM \u2022 PESO: 2050 GR<\/p>\n","protected":false},"excerpt":{"rendered":"<p>* Pr\u00e1ctico bot\u00f3n de encendido y apagado. * Tubo lum\u00ednico que emite UV-A, ideal para atraer insectos. * Sistema de succi\u00f3n con 2 ventiladores. * Bandeja desmontable. * 2 modos de uso, colgante y colocado sobre una superficie. * Tensi\u00f3n el\u00e9ctrica 220V-50Hz. * Tipo de iluminaci\u00f3n T5BL (8W x1). * Potencia 14W. IMAGEN ILUSTRATIVA.<\/p>\n","protected":false},"featured_media":4773,"comment_status":"open","ping_status":"closed","template":"","meta":{"_et_pb_use_builder":"","_et_pb_old_content":"","_et_gb_content_width":""},"product_brand":[],"product_cat":[38],"product_tag":[],"class_list":{"0":"post-629","1":"product","2":"type-product","3":"status-publish","4":"has-post-thumbnail","6":"product_cat-hogar-y-limpieza","8":"first","9":"instock","10":"shipping-taxable","11":"purchasable","12":"product-type-simple"},"_links":{"self":[{"href":"https:\/\/rubi.com.py\/index.php\/wp-json\/wp\/v2\/product\/629","targetHints":{"allow":["GET"]}}],"collection":[{"href":"https:\/\/rubi.com.py\/index.php\/wp-json\/wp\/v2\/product"}],"about":[{"href":"https:\/\/rubi.com.py\/index.php\/wp-json\/wp\/v2\/types\/product"}],"replies":[{"embeddable":true,"href":"https:\/\/rubi.com.py\/index.php\/wp-json\/wp\/v2\/comments?post=629"}],"wp:featuredmedia":[{"embeddable":true,"href":"https:\/\/rubi.com.py\/index.php\/wp-json\/wp\/v2\/media\/4773"}],"wp:attachment":[{"href":"https:\/\/rubi.com.py\/index.php\/wp-json\/wp\/v2\/media?parent=629"}],"wp:term":[{"taxonomy":"product_brand","embeddable":true,"href":"https:\/\/rubi.com.py\/index.php\/wp-json\/wp\/v2\/product_brand?post=629"},{"taxonomy":"product_cat","embeddable":true,"href":"https:\/\/rubi.com.py\/index.php\/wp-json\/wp\/v2\/product_cat?post=629"},{"taxonomy":"product_tag","embeddable":true,"href":"https:\/\/rubi.com.py\/index.php\/wp-json\/wp\/v2\/product_tag?post=629"}],"curies":[{"name":"wp","href":"https:\/\/api.w.org\/{rel}","templated":true}]}}