{"id":631,"date":"2025-10-06T18:38:17","date_gmt":"2025-10-06T16:38:17","guid":{"rendered":"https:\/\/rubi.com.py\/index.php\/producto\/mata-insectos-comercial-geisha-jasmine-c-colgante\/"},"modified":"2026-04-21T22:34:34","modified_gmt":"2026-04-21T20:34:34","slug":"mata-insectos-comercial-geisha-jasmine-c-colgante","status":"publish","type":"product","link":"https:\/\/rubi.com.py\/index.php\/producto\/mata-insectos-comercial-geisha-jasmine-c-colgante\/","title":{"rendered":"MATA INSECTOS COMERCIAL GEISHA JASMINE C\/ COLGANTE"},"content":{"rendered":"<p>* Sencillo proceso de limpieza y mantenimiento. * Bandeja de recolecci\u00f3n incorporada. * Tensi\u00f3n el\u00e9ctrica 220V-50Hz. * LED UV-A de alta calidad. * Carcasa ignifuga de ABS. * Ideal para comercios. * Potencia 6W. Im\u00e1genes meramente ilustrativas. Im\u00e1genes e informaci\u00f3n sujetas a cambios sin previo aviso. Detalles t\u00e9cnicos: \u2022 POTENCIA: 6 Watts \u2022 TENSION ELECTRICA: 220-240 VOLTIOS \u2022 FRECUENCIA ELECTRICA: 50 HERTZ \u2022 ANCHO: 11,2 CM \u2022 ALTO: 27 CM \u2022 LARGO: 34 CM \u2022 PESO: 8450 GR<\/p>\n","protected":false},"excerpt":{"rendered":"<p>* Sencillo proceso de limpieza y mantenimiento. * Bandeja de recolecci\u00f3n incorporada. * Tensi\u00f3n el\u00e9ctrica 220V-50Hz. * LED UV-A de alta calidad. * Carcasa ignifuga de ABS. * Ideal para comercios. * Potencia 6W. Im\u00e1genes meramente ilustrativas. Im\u00e1genes e informaci\u00f3n sujetas a cambios sin previo aviso.<\/p>\n","protected":false},"featured_media":4772,"comment_status":"open","ping_status":"closed","template":"","meta":{"_et_pb_use_builder":"","_et_pb_old_content":"","_et_gb_content_width":""},"product_brand":[],"product_cat":[38],"product_tag":[],"class_list":{"0":"post-631","1":"product","2":"type-product","3":"status-publish","4":"has-post-thumbnail","6":"product_cat-hogar-y-limpieza","8":"first","9":"instock","10":"shipping-taxable","11":"purchasable","12":"product-type-simple"},"_links":{"self":[{"href":"https:\/\/rubi.com.py\/index.php\/wp-json\/wp\/v2\/product\/631","targetHints":{"allow":["GET"]}}],"collection":[{"href":"https:\/\/rubi.com.py\/index.php\/wp-json\/wp\/v2\/product"}],"about":[{"href":"https:\/\/rubi.com.py\/index.php\/wp-json\/wp\/v2\/types\/product"}],"replies":[{"embeddable":true,"href":"https:\/\/rubi.com.py\/index.php\/wp-json\/wp\/v2\/comments?post=631"}],"wp:featuredmedia":[{"embeddable":true,"href":"https:\/\/rubi.com.py\/index.php\/wp-json\/wp\/v2\/media\/4772"}],"wp:attachment":[{"href":"https:\/\/rubi.com.py\/index.php\/wp-json\/wp\/v2\/media?parent=631"}],"wp:term":[{"taxonomy":"product_brand","embeddable":true,"href":"https:\/\/rubi.com.py\/index.php\/wp-json\/wp\/v2\/product_brand?post=631"},{"taxonomy":"product_cat","embeddable":true,"href":"https:\/\/rubi.com.py\/index.php\/wp-json\/wp\/v2\/product_cat?post=631"},{"taxonomy":"product_tag","embeddable":true,"href":"https:\/\/rubi.com.py\/index.php\/wp-json\/wp\/v2\/product_tag?post=631"}],"curies":[{"name":"wp","href":"https:\/\/api.w.org\/{rel}","templated":true}]}}