{"id":633,"date":"2025-10-06T18:38:42","date_gmt":"2025-10-06T16:38:42","guid":{"rendered":"https:\/\/rubi.com.py\/index.php\/producto\/licuadora-vitamix-alta-rotacion-1-4l-mod-the-quiet-one-3hp\/"},"modified":"2026-04-21T22:34:09","modified_gmt":"2026-04-21T20:34:09","slug":"licuadora-vitamix-alta-rotacion-1-4l-mod-the-quiet-one-3hp","status":"publish","type":"product","link":"https:\/\/rubi.com.py\/index.php\/producto\/licuadora-vitamix-alta-rotacion-1-4l-mod-the-quiet-one-3hp\/","title":{"rendered":"LICUADORA VITAMIX ALTA ROTACION 1.4L MOD THE QUIET ONE 3HP"},"content":{"rendered":"<p>* La licuadora m\u00e1s silenciosa, elegida por las grandes cadenas. * 3 motor de potencia de salida m\u00e1xima. * Vaso Advance, reducci\u00f3n del ruido. * C\u00fapula de reducci\u00f3n del sonido. * 120 V, 50-60 Hz, 15 amperios. * Hasta 4 veces m\u00e1s silencioso. * 34 programas optimizados. * 6 botones programables. * F\u00e1cil de limpiar. * Motor de 3HP. * Voltaje 220V. * 1500 W. Im\u00e1genes meramente ilustrativas. Im\u00e1genes e informaci\u00f3n sujetas a cambios sin previo aviso. Detalles t\u00e9cnicos: \u2022 ANCHO: 30 CM \u2022 ALTO: 32 CM \u2022 LARGO: 48 CM \u2022 PESO: 2500 GR<\/p>\n","protected":false},"excerpt":{"rendered":"<p>* La licuadora m\u00e1s silenciosa, elegida por las grandes cadenas. * 3 motor de potencia de salida m\u00e1xima. * Vaso Advance, reducci\u00f3n del ruido. * C\u00fapula de reducci\u00f3n del sonido. * 120 V, 50-60 Hz, 15 amperios. * Hasta 4 veces m\u00e1s silencioso. * 34 programas optimizados. * 6 botones programables. * F\u00e1cil de limpiar. * Motor de 3HP. * Voltaje 220V. * 1500 W. Im\u00e1genes meramente ilustrativas. Im\u00e1genes e informaci\u00f3n sujetas a cambios sin previo aviso.<\/p>\n","protected":false},"featured_media":4771,"comment_status":"open","ping_status":"closed","template":"","meta":{"_et_pb_use_builder":"","_et_pb_old_content":"","_et_gb_content_width":""},"product_brand":[],"product_cat":[33],"product_tag":[],"class_list":{"0":"post-633","1":"product","2":"type-product","3":"status-publish","4":"has-post-thumbnail","6":"product_cat-cocina-y-comedor","8":"first","9":"instock","10":"shipping-taxable","11":"purchasable","12":"product-type-simple"},"_links":{"self":[{"href":"https:\/\/rubi.com.py\/index.php\/wp-json\/wp\/v2\/product\/633","targetHints":{"allow":["GET"]}}],"collection":[{"href":"https:\/\/rubi.com.py\/index.php\/wp-json\/wp\/v2\/product"}],"about":[{"href":"https:\/\/rubi.com.py\/index.php\/wp-json\/wp\/v2\/types\/product"}],"replies":[{"embeddable":true,"href":"https:\/\/rubi.com.py\/index.php\/wp-json\/wp\/v2\/comments?post=633"}],"wp:featuredmedia":[{"embeddable":true,"href":"https:\/\/rubi.com.py\/index.php\/wp-json\/wp\/v2\/media\/4771"}],"wp:attachment":[{"href":"https:\/\/rubi.com.py\/index.php\/wp-json\/wp\/v2\/media?parent=633"}],"wp:term":[{"taxonomy":"product_brand","embeddable":true,"href":"https:\/\/rubi.com.py\/index.php\/wp-json\/wp\/v2\/product_brand?post=633"},{"taxonomy":"product_cat","embeddable":true,"href":"https:\/\/rubi.com.py\/index.php\/wp-json\/wp\/v2\/product_cat?post=633"},{"taxonomy":"product_tag","embeddable":true,"href":"https:\/\/rubi.com.py\/index.php\/wp-json\/wp\/v2\/product_tag?post=633"}],"curies":[{"name":"wp","href":"https:\/\/api.w.org\/{rel}","templated":true}]}}