{"id":640,"date":"2025-10-06T18:40:32","date_gmt":"2025-10-06T16:40:32","guid":{"rendered":"https:\/\/rubi.com.py\/index.php\/producto\/licuadora-tokyo-licua-max-5-velocidades-500w-220v-50hz\/"},"modified":"2026-04-21T22:21:00","modified_gmt":"2026-04-21T20:21:00","slug":"licuadora-tokyo-licua-max-5-velocidades-500w-220v-50hz","status":"publish","type":"product","link":"https:\/\/rubi.com.py\/index.php\/producto\/licuadora-tokyo-licua-max-5-velocidades-500w-220v-50hz\/","title":{"rendered":"LICUADORA TOKYO LICUA MAX 5 VELOCIDADES 500W 220V\/50HZ"},"content":{"rendered":"<p>* Con cuchilla desmontable. * 5 velocidades + pulsar. * Capacidad 1,5 litros. * Con jarra acr\u00edlica. * Potencia 500W. Im\u00e1genes meramente ilustrativas. Im\u00e1genes e informaci\u00f3n sujetas a cambios sin previo aviso. Detalles t\u00e9cnicos: \u2022 ANCHO: 18,3 CM \u2022 ALTO: 38,7 CM \u2022 LARGO: 22 CM \u2022 PESO: 1900 GR<\/p>\n","protected":false},"excerpt":{"rendered":"<p>* Con cuchilla desmontable. * 5 velocidades + pulsar. * Capacidad 1,5 litros. * Con jarra acr\u00edlica. * Potencia 500W. Im\u00e1genes meramente ilustrativas. Im\u00e1genes e informaci\u00f3n sujetas a cambios sin previo aviso.<\/p>\n","protected":false},"featured_media":4766,"comment_status":"open","ping_status":"closed","template":"","meta":{"_et_pb_use_builder":"","_et_pb_old_content":"","_et_gb_content_width":""},"product_brand":[],"product_cat":[33],"product_tag":[],"class_list":{"0":"post-640","1":"product","2":"type-product","3":"status-publish","4":"has-post-thumbnail","6":"product_cat-cocina-y-comedor","8":"first","9":"instock","10":"shipping-taxable","11":"purchasable","12":"product-type-simple"},"_links":{"self":[{"href":"https:\/\/rubi.com.py\/index.php\/wp-json\/wp\/v2\/product\/640","targetHints":{"allow":["GET"]}}],"collection":[{"href":"https:\/\/rubi.com.py\/index.php\/wp-json\/wp\/v2\/product"}],"about":[{"href":"https:\/\/rubi.com.py\/index.php\/wp-json\/wp\/v2\/types\/product"}],"replies":[{"embeddable":true,"href":"https:\/\/rubi.com.py\/index.php\/wp-json\/wp\/v2\/comments?post=640"}],"wp:featuredmedia":[{"embeddable":true,"href":"https:\/\/rubi.com.py\/index.php\/wp-json\/wp\/v2\/media\/4766"}],"wp:attachment":[{"href":"https:\/\/rubi.com.py\/index.php\/wp-json\/wp\/v2\/media?parent=640"}],"wp:term":[{"taxonomy":"product_brand","embeddable":true,"href":"https:\/\/rubi.com.py\/index.php\/wp-json\/wp\/v2\/product_brand?post=640"},{"taxonomy":"product_cat","embeddable":true,"href":"https:\/\/rubi.com.py\/index.php\/wp-json\/wp\/v2\/product_cat?post=640"},{"taxonomy":"product_tag","embeddable":true,"href":"https:\/\/rubi.com.py\/index.php\/wp-json\/wp\/v2\/product_tag?post=640"}],"curies":[{"name":"wp","href":"https:\/\/api.w.org\/{rel}","templated":true}]}}