{"id":644,"date":"2025-10-06T18:41:18","date_gmt":"2025-10-06T16:41:18","guid":{"rendered":"https:\/\/rubi.com.py\/index.php\/producto\/licuadora-tokyo-licua-inox-15-lts-pica-hielo-5veloc-500w\/"},"modified":"2026-04-21T22:46:04","modified_gmt":"2026-04-21T20:46:04","slug":"licuadora-tokyo-licua-inox-15-lts-pica-hielo-5veloc-500w","status":"publish","type":"product","link":"https:\/\/rubi.com.py\/index.php\/producto\/licuadora-tokyo-licua-inox-15-lts-pica-hielo-5veloc-500w\/","title":{"rendered":"LICUADORA TOKYO LICUA INOX 1,5 LTS PICA HIELO 5VELOC 500W"},"content":{"rendered":"<p>* Capacidad 1,5 litros. * Potencia 500W. * 5 velocidades + pulsar. * Funci\u00f3n Pica Hielo. * Jarra met\u00e1lica. Detalles t\u00e9cnicos: \u2022 ANCHO: 24 CM \u2022 ALTO: 32 CM \u2022 LARGO: 19 CM \u2022 PESO: 2900 GR<\/p>\n","protected":false},"excerpt":{"rendered":"<p>* Capacidad 1,5 litros. * Potencia 500W. * 5 velocidades + pulsar. * Funci\u00f3n Pica Hielo. * Jarra met\u00e1lica.<\/p>\n","protected":false},"featured_media":4786,"comment_status":"open","ping_status":"closed","template":"","meta":{"_et_pb_use_builder":"","_et_pb_old_content":"","_et_gb_content_width":""},"product_brand":[],"product_cat":[33],"product_tag":[],"class_list":{"0":"post-644","1":"product","2":"type-product","3":"status-publish","4":"has-post-thumbnail","6":"product_cat-cocina-y-comedor","8":"first","9":"instock","10":"shipping-taxable","11":"purchasable","12":"product-type-simple"},"_links":{"self":[{"href":"https:\/\/rubi.com.py\/index.php\/wp-json\/wp\/v2\/product\/644","targetHints":{"allow":["GET"]}}],"collection":[{"href":"https:\/\/rubi.com.py\/index.php\/wp-json\/wp\/v2\/product"}],"about":[{"href":"https:\/\/rubi.com.py\/index.php\/wp-json\/wp\/v2\/types\/product"}],"replies":[{"embeddable":true,"href":"https:\/\/rubi.com.py\/index.php\/wp-json\/wp\/v2\/comments?post=644"}],"wp:featuredmedia":[{"embeddable":true,"href":"https:\/\/rubi.com.py\/index.php\/wp-json\/wp\/v2\/media\/4786"}],"wp:attachment":[{"href":"https:\/\/rubi.com.py\/index.php\/wp-json\/wp\/v2\/media?parent=644"}],"wp:term":[{"taxonomy":"product_brand","embeddable":true,"href":"https:\/\/rubi.com.py\/index.php\/wp-json\/wp\/v2\/product_brand?post=644"},{"taxonomy":"product_cat","embeddable":true,"href":"https:\/\/rubi.com.py\/index.php\/wp-json\/wp\/v2\/product_cat?post=644"},{"taxonomy":"product_tag","embeddable":true,"href":"https:\/\/rubi.com.py\/index.php\/wp-json\/wp\/v2\/product_tag?post=644"}],"curies":[{"name":"wp","href":"https:\/\/api.w.org\/{rel}","templated":true}]}}