{"id":655,"date":"2025-10-06T18:45:04","date_gmt":"2025-10-06T16:45:04","guid":{"rendered":"https:\/\/rubi.com.py\/index.php\/producto\/licuadora-personal-moulinex-mix-move-600ml-300w\/"},"modified":"2026-04-21T22:44:54","modified_gmt":"2026-04-21T20:44:54","slug":"licuadora-personal-moulinex-mix-move-600ml-300w","status":"publish","type":"product","link":"https:\/\/rubi.com.py\/index.php\/producto\/licuadora-personal-moulinex-mix-move-600ml-300w\/","title":{"rendered":"LICUADORA PERSONAL MOULINEX MIX &amp; MOVE 600ML 300W"},"content":{"rendered":"<p>* Licuadora personal Mix &amp; move de Moulinex, ofrece una mezcla excepcional en todos tus batidos favoritos. * Dos pr\u00e1cticas botellas para llevar con capacidad de 0,6L cada una. * Cuchillas extra\u00edbles y f\u00e1ciles de limpiar, 300W de potencia. Im\u00e1genes meramente ilustrativas. Im\u00e1genes e informaci\u00f3n sujetas a cambios sin previo aviso. Detalles t\u00e9cnicos: \u2022 ANCHO: 13,9 CM \u2022 ALTO: 26,6 CM \u2022 LARGO: 38,3 CM \u2022 PESO: GR<\/p>\n","protected":false},"excerpt":{"rendered":"<p>* Licuadora personal Mix &amp; move de Moulinex, ofrece una mezcla excepcional en todos tus batidos favoritos. * Dos pr\u00e1cticas botellas para llevar con capacidad de 0,6L cada una. * Cuchillas extra\u00edbles y f\u00e1ciles de limpiar, 300W de potencia. Im\u00e1genes meramente ilustrativas. Im\u00e1genes e informaci\u00f3n sujetas a cambios sin previo aviso.<\/p>\n","protected":false},"featured_media":4782,"comment_status":"open","ping_status":"closed","template":"","meta":{"_et_pb_use_builder":"","_et_pb_old_content":"","_et_gb_content_width":""},"product_brand":[],"product_cat":[33],"product_tag":[],"class_list":{"0":"post-655","1":"product","2":"type-product","3":"status-publish","4":"has-post-thumbnail","6":"product_cat-cocina-y-comedor","8":"first","9":"instock","10":"shipping-taxable","11":"purchasable","12":"product-type-simple"},"_links":{"self":[{"href":"https:\/\/rubi.com.py\/index.php\/wp-json\/wp\/v2\/product\/655","targetHints":{"allow":["GET"]}}],"collection":[{"href":"https:\/\/rubi.com.py\/index.php\/wp-json\/wp\/v2\/product"}],"about":[{"href":"https:\/\/rubi.com.py\/index.php\/wp-json\/wp\/v2\/types\/product"}],"replies":[{"embeddable":true,"href":"https:\/\/rubi.com.py\/index.php\/wp-json\/wp\/v2\/comments?post=655"}],"wp:featuredmedia":[{"embeddable":true,"href":"https:\/\/rubi.com.py\/index.php\/wp-json\/wp\/v2\/media\/4782"}],"wp:attachment":[{"href":"https:\/\/rubi.com.py\/index.php\/wp-json\/wp\/v2\/media?parent=655"}],"wp:term":[{"taxonomy":"product_brand","embeddable":true,"href":"https:\/\/rubi.com.py\/index.php\/wp-json\/wp\/v2\/product_brand?post=655"},{"taxonomy":"product_cat","embeddable":true,"href":"https:\/\/rubi.com.py\/index.php\/wp-json\/wp\/v2\/product_cat?post=655"},{"taxonomy":"product_tag","embeddable":true,"href":"https:\/\/rubi.com.py\/index.php\/wp-json\/wp\/v2\/product_tag?post=655"}],"curies":[{"name":"wp","href":"https:\/\/api.w.org\/{rel}","templated":true}]}}