{"id":657,"date":"2025-10-06T18:45:22","date_gmt":"2025-10-06T16:45:22","guid":{"rendered":"https:\/\/rubi.com.py\/index.php\/producto\/licuadora-moulinex-perfectmix-mod-lm811-vaso-cristal-2-lts-1200w\/"},"modified":"2026-04-21T22:44:29","modified_gmt":"2026-04-21T20:44:29","slug":"licuadora-moulinex-perfectmix-mod-lm811-vaso-cristal-2-lts-1200w","status":"publish","type":"product","link":"https:\/\/rubi.com.py\/index.php\/producto\/licuadora-moulinex-perfectmix-mod-lm811-vaso-cristal-2-lts-1200w\/","title":{"rendered":"LICUADORA MOULINEX PERFECTMIX MOD LM811 VASO CRISTAL 2 LTS 1200W"},"content":{"rendered":"<p>* Disfruta con la batidora Perfectmix + de la experiencia de mezclado definitiva gracias a la tecnolog\u00eda Triple Ax que combina 6 cuchillas de Acero inoxidable con 3 acciones complementarias para proporcionar resultados perfectos con cualquier ingrediente. * Cuenta con 3 programas inteligentes. * Resistente a altas temperaturas. * Capacidad 1,5 litros. * Potencia 1200W. * Jarra de vidrio. * 6 cuchillas. Im\u00e1genes meramente ilustrativas. Im\u00e1genes e informaci\u00f3n sujetas a cambios sin previo aviso. Detalles t\u00e9cnicos: \u2022 ANCHO: 23 CM \u2022 ALTO: 30 CM \u2022 LARGO: 29 CM \u2022 PESO: 1880 GR<\/p>\n","protected":false},"excerpt":{"rendered":"<p>* Disfruta con la batidora Perfectmix + de la experiencia de mezclado definitiva gracias a la tecnolog\u00eda Triple Ax que combina 6 cuchillas de Acero inoxidable con 3 acciones complementarias para proporcionar resultados perfectos con cualquier ingrediente. * Cuenta con 3 programas inteligentes. * Resistente a altas temperaturas. * Capacidad 1,5 litros. * Potencia 1200W. * Jarra de vidrio. * 6 cuchillas. Im\u00e1genes meramente ilustrativas. Im\u00e1genes e informaci\u00f3n sujetas a cambios sin previo aviso.<\/p>\n","protected":false},"featured_media":4780,"comment_status":"open","ping_status":"closed","template":"","meta":{"_et_pb_use_builder":"","_et_pb_old_content":"","_et_gb_content_width":""},"product_brand":[],"product_cat":[33],"product_tag":[],"class_list":{"0":"post-657","1":"product","2":"type-product","3":"status-publish","4":"has-post-thumbnail","6":"product_cat-cocina-y-comedor","8":"first","9":"instock","10":"shipping-taxable","11":"purchasable","12":"product-type-simple"},"_links":{"self":[{"href":"https:\/\/rubi.com.py\/index.php\/wp-json\/wp\/v2\/product\/657","targetHints":{"allow":["GET"]}}],"collection":[{"href":"https:\/\/rubi.com.py\/index.php\/wp-json\/wp\/v2\/product"}],"about":[{"href":"https:\/\/rubi.com.py\/index.php\/wp-json\/wp\/v2\/types\/product"}],"replies":[{"embeddable":true,"href":"https:\/\/rubi.com.py\/index.php\/wp-json\/wp\/v2\/comments?post=657"}],"wp:featuredmedia":[{"embeddable":true,"href":"https:\/\/rubi.com.py\/index.php\/wp-json\/wp\/v2\/media\/4780"}],"wp:attachment":[{"href":"https:\/\/rubi.com.py\/index.php\/wp-json\/wp\/v2\/media?parent=657"}],"wp:term":[{"taxonomy":"product_brand","embeddable":true,"href":"https:\/\/rubi.com.py\/index.php\/wp-json\/wp\/v2\/product_brand?post=657"},{"taxonomy":"product_cat","embeddable":true,"href":"https:\/\/rubi.com.py\/index.php\/wp-json\/wp\/v2\/product_cat?post=657"},{"taxonomy":"product_tag","embeddable":true,"href":"https:\/\/rubi.com.py\/index.php\/wp-json\/wp\/v2\/product_tag?post=657"}],"curies":[{"name":"wp","href":"https:\/\/api.w.org\/{rel}","templated":true}]}}