{"id":659,"date":"2025-10-06T18:45:40","date_gmt":"2025-10-06T16:45:40","guid":{"rendered":"https:\/\/rubi.com.py\/index.php\/producto\/licuadora-moulinex-lm435-2v-175l-800w-vaso-vidrio-negro\/"},"modified":"2026-04-21T22:44:02","modified_gmt":"2026-04-21T20:44:02","slug":"licuadora-moulinex-lm435-2v-175l-800w-vaso-vidrio-negro","status":"publish","type":"product","link":"https:\/\/rubi.com.py\/index.php\/producto\/licuadora-moulinex-lm435-2v-175l-800w-vaso-vidrio-negro\/","title":{"rendered":"LICUADORA MOULINEX LM435 2V 1,75L 800W VASO VIDRIO NEGRO"},"content":{"rendered":"<p>* Cuchillas de geometr\u00eda avanzada. * Vaso de cristal termoresistente. * Rendimiento de corte \u00f3ptimo. * Pica hielo de forma segura. * Bot\u00f3n giratorio ergon\u00f3mico. * Sistema de refrigeraci\u00f3n. * Tecnolog\u00eda Powelix. * Bloqueo inteligente. * Durabilidad \u00f3ptima. Im\u00e1genes meramente ilustrativas. Im\u00e1genes e informaci\u00f3n sujetas a cambios sin previo aviso. Detalles t\u00e9cnicos: \u2022 ANCHO: 25 CM \u2022 ALTO: 18,5 CM \u2022 LARGO: 32 CM \u2022 PESO: 2927 GR<\/p>\n","protected":false},"excerpt":{"rendered":"<p>* Cuchillas de geometr\u00eda avanzada. * Vaso de cristal termoresistente. * Rendimiento de corte \u00f3ptimo. * Pica hielo de forma segura. * Bot\u00f3n giratorio ergon\u00f3mico. * Sistema de refrigeraci\u00f3n. * Tecnolog\u00eda Powelix. * Bloqueo inteligente. * Durabilidad \u00f3ptima. Im\u00e1genes meramente ilustrativas. Im\u00e1genes e informaci\u00f3n sujetas a cambios sin previo aviso.<\/p>\n","protected":false},"featured_media":4779,"comment_status":"open","ping_status":"closed","template":"","meta":{"_et_pb_use_builder":"","_et_pb_old_content":"","_et_gb_content_width":""},"product_brand":[],"product_cat":[33],"product_tag":[],"class_list":{"0":"post-659","1":"product","2":"type-product","3":"status-publish","4":"has-post-thumbnail","6":"product_cat-cocina-y-comedor","8":"first","9":"instock","10":"shipping-taxable","11":"purchasable","12":"product-type-simple"},"_links":{"self":[{"href":"https:\/\/rubi.com.py\/index.php\/wp-json\/wp\/v2\/product\/659","targetHints":{"allow":["GET"]}}],"collection":[{"href":"https:\/\/rubi.com.py\/index.php\/wp-json\/wp\/v2\/product"}],"about":[{"href":"https:\/\/rubi.com.py\/index.php\/wp-json\/wp\/v2\/types\/product"}],"replies":[{"embeddable":true,"href":"https:\/\/rubi.com.py\/index.php\/wp-json\/wp\/v2\/comments?post=659"}],"wp:featuredmedia":[{"embeddable":true,"href":"https:\/\/rubi.com.py\/index.php\/wp-json\/wp\/v2\/media\/4779"}],"wp:attachment":[{"href":"https:\/\/rubi.com.py\/index.php\/wp-json\/wp\/v2\/media?parent=659"}],"wp:term":[{"taxonomy":"product_brand","embeddable":true,"href":"https:\/\/rubi.com.py\/index.php\/wp-json\/wp\/v2\/product_brand?post=659"},{"taxonomy":"product_cat","embeddable":true,"href":"https:\/\/rubi.com.py\/index.php\/wp-json\/wp\/v2\/product_cat?post=659"},{"taxonomy":"product_tag","embeddable":true,"href":"https:\/\/rubi.com.py\/index.php\/wp-json\/wp\/v2\/product_tag?post=659"}],"curies":[{"name":"wp","href":"https:\/\/api.w.org\/{rel}","templated":true}]}}