{"id":664,"date":"2025-10-06T18:46:26","date_gmt":"2025-10-06T16:46:26","guid":{"rendered":"https:\/\/rubi.com.py\/index.php\/producto\/licuadora-moulinex-lm430-2v-175l-800w-vaso-vidrio-roja\/"},"modified":"2026-04-21T22:38:23","modified_gmt":"2026-04-21T20:38:23","slug":"licuadora-moulinex-lm430-2v-175l-800w-vaso-vidrio-roja","status":"publish","type":"product","link":"https:\/\/rubi.com.py\/index.php\/producto\/licuadora-moulinex-lm430-2v-175l-800w-vaso-vidrio-roja\/","title":{"rendered":"LICUADORA MOULINEX LM430 2V 1,75L 800W VASO VIDRIO ROJA"},"content":{"rendered":"<p>* Batidora con agarre ergon\u00f3mico y textura en relieve alrededor del bot\u00f3n de funciones para hacerlo m\u00e1s c\u00f3modo y f\u00e1cil de usar. * Hasta 3 minutos de funcionamiento ininterrumpido en cualquiera de sus tres velocidades (alta, baja, Pulse). * Sistema de refrigeraci\u00f3n para optimizar la circulaci\u00f3n del aire alrededor del motor y evitar que este se recaliente. * Sistema de bloqueo inteligente de 3 pasos para procesar los alimentos sin esfuerzo. * La funci\u00f3n de granizado es muy eficiente y no sobrecarga el motor ni da\u00f1a la jarra. * Ventosas en la base para dar mayor estabilidad a la batidora de vaso. * Vaso de 1,75 L de cristal termorresistente (hasta 80 \u00b0C). * Potente batidora de vaso de 800 W. Im\u00e1genes meramente ilustrativas. Im\u00e1genes e informaci\u00f3n sujetas a cambios sin previo aviso. Detalles t\u00e9cnicos: \u2022 ANCHO: 25 CM \u2022 ALTO: 18,5 CM \u2022 LARGO: 32 CM \u2022 PESO: 2927 GR<\/p>\n","protected":false},"excerpt":{"rendered":"<p>* Batidora con agarre ergon\u00f3mico y textura en relieve alrededor del bot\u00f3n de funciones para hacerlo m\u00e1s c\u00f3modo y f\u00e1cil de usar. * Hasta 3 minutos de funcionamiento ininterrumpido en cualquiera de sus tres velocidades (alta, baja, Pulse). * Sistema de refrigeraci\u00f3n para optimizar la circulaci\u00f3n del aire alrededor del motor y evitar que este se recaliente. * Sistema de bloqueo inteligente de 3 pasos para procesar los alimentos sin esfuerzo. * La funci\u00f3n de granizado es muy eficiente y no sobrecarga el motor ni da\u00f1a la jarra. * Ventosas en la base para dar mayor estabilidad a la batidora de vaso. * Vaso de 1,75 L de cristal termorresistente (hasta 80 \u00b0C). * Potente batidora de vaso de 800 W. Im\u00e1genes meramente ilustrativas. Im\u00e1genes e informaci\u00f3n sujetas a cambios sin previo aviso.<\/p>\n","protected":false},"featured_media":4777,"comment_status":"open","ping_status":"closed","template":"","meta":{"_et_pb_use_builder":"","_et_pb_old_content":"","_et_gb_content_width":""},"product_brand":[],"product_cat":[33],"product_tag":[],"class_list":{"0":"post-664","1":"product","2":"type-product","3":"status-publish","4":"has-post-thumbnail","6":"product_cat-cocina-y-comedor","8":"first","9":"instock","10":"shipping-taxable","11":"purchasable","12":"product-type-simple"},"_links":{"self":[{"href":"https:\/\/rubi.com.py\/index.php\/wp-json\/wp\/v2\/product\/664","targetHints":{"allow":["GET"]}}],"collection":[{"href":"https:\/\/rubi.com.py\/index.php\/wp-json\/wp\/v2\/product"}],"about":[{"href":"https:\/\/rubi.com.py\/index.php\/wp-json\/wp\/v2\/types\/product"}],"replies":[{"embeddable":true,"href":"https:\/\/rubi.com.py\/index.php\/wp-json\/wp\/v2\/comments?post=664"}],"wp:featuredmedia":[{"embeddable":true,"href":"https:\/\/rubi.com.py\/index.php\/wp-json\/wp\/v2\/media\/4777"}],"wp:attachment":[{"href":"https:\/\/rubi.com.py\/index.php\/wp-json\/wp\/v2\/media?parent=664"}],"wp:term":[{"taxonomy":"product_brand","embeddable":true,"href":"https:\/\/rubi.com.py\/index.php\/wp-json\/wp\/v2\/product_brand?post=664"},{"taxonomy":"product_cat","embeddable":true,"href":"https:\/\/rubi.com.py\/index.php\/wp-json\/wp\/v2\/product_cat?post=664"},{"taxonomy":"product_tag","embeddable":true,"href":"https:\/\/rubi.com.py\/index.php\/wp-json\/wp\/v2\/product_tag?post=664"}],"curies":[{"name":"wp","href":"https:\/\/api.w.org\/{rel}","templated":true}]}}