{"id":666,"date":"2025-10-06T18:46:57","date_gmt":"2025-10-06T16:46:57","guid":{"rendered":"https:\/\/rubi.com.py\/index.php\/producto\/licuadora-arno-lq33-power-mix-limpia-facil-negra-15vel-700w\/"},"modified":"2026-04-21T22:38:00","modified_gmt":"2026-04-21T20:38:00","slug":"licuadora-arno-lq33-power-mix-limpia-facil-negra-15vel-700w","status":"publish","type":"product","link":"https:\/\/rubi.com.py\/index.php\/producto\/licuadora-arno-lq33-power-mix-limpia-facil-negra-15vel-700w\/","title":{"rendered":"LICUADORA ARNO LQ33 POWER MIX LIMPIA FACIL NEGRA 15VEL 700W"},"content":{"rendered":"<p>* Capacidad 1,4 litros. * Potencia 700 W. * 15 velocidades. * F\u00e1cil de limpiar. MEDIDAS DEL PRODUCTO. * Alto 39,4 cm. * Ancho 20,3 cm. * Profundidad 18,5 cm Im\u00e1genes meramente ilustrativas. Im\u00e1genes e informaci\u00f3n sujetas a cambios sin previo aviso. Detalles t\u00e9cnicos: \u2022 ANCHO: 17 CM \u2022 ALTO: 29 CM \u2022 LARGO: 26 CM \u2022 PESO: 1610 GR<\/p>\n","protected":false},"excerpt":{"rendered":"<p>* Capacidad 1,4 litros. * Potencia 700 W. * 15 velocidades. * F\u00e1cil de limpiar. MEDIDAS DEL PRODUCTO. * Alto 39,4 cm. * Ancho 20,3 cm. * Profundidad 18,5 cm Im\u00e1genes meramente ilustrativas. Im\u00e1genes e informaci\u00f3n sujetas a cambios sin previo aviso.<\/p>\n","protected":false},"featured_media":4776,"comment_status":"open","ping_status":"closed","template":"","meta":{"_et_pb_use_builder":"","_et_pb_old_content":"","_et_gb_content_width":""},"product_brand":[],"product_cat":[33],"product_tag":[],"class_list":{"0":"post-666","1":"product","2":"type-product","3":"status-publish","4":"has-post-thumbnail","6":"product_cat-cocina-y-comedor","8":"first","9":"instock","10":"shipping-taxable","11":"purchasable","12":"product-type-simple"},"_links":{"self":[{"href":"https:\/\/rubi.com.py\/index.php\/wp-json\/wp\/v2\/product\/666","targetHints":{"allow":["GET"]}}],"collection":[{"href":"https:\/\/rubi.com.py\/index.php\/wp-json\/wp\/v2\/product"}],"about":[{"href":"https:\/\/rubi.com.py\/index.php\/wp-json\/wp\/v2\/types\/product"}],"replies":[{"embeddable":true,"href":"https:\/\/rubi.com.py\/index.php\/wp-json\/wp\/v2\/comments?post=666"}],"wp:featuredmedia":[{"embeddable":true,"href":"https:\/\/rubi.com.py\/index.php\/wp-json\/wp\/v2\/media\/4776"}],"wp:attachment":[{"href":"https:\/\/rubi.com.py\/index.php\/wp-json\/wp\/v2\/media?parent=666"}],"wp:term":[{"taxonomy":"product_brand","embeddable":true,"href":"https:\/\/rubi.com.py\/index.php\/wp-json\/wp\/v2\/product_brand?post=666"},{"taxonomy":"product_cat","embeddable":true,"href":"https:\/\/rubi.com.py\/index.php\/wp-json\/wp\/v2\/product_cat?post=666"},{"taxonomy":"product_tag","embeddable":true,"href":"https:\/\/rubi.com.py\/index.php\/wp-json\/wp\/v2\/product_tag?post=666"}],"curies":[{"name":"wp","href":"https:\/\/api.w.org\/{rel}","templated":true}]}}