{"id":670,"date":"2025-10-06T18:48:14","date_gmt":"2025-10-06T16:48:14","guid":{"rendered":"https:\/\/rubi.com.py\/index.php\/producto\/licuadora-arno-lq10-powermix-negra-2veloc-550w-220v\/"},"modified":"2026-04-21T22:56:27","modified_gmt":"2026-04-21T20:56:27","slug":"licuadora-arno-lq10-powermix-negra-2veloc-550w-220v","status":"publish","type":"product","link":"https:\/\/rubi.com.py\/index.php\/producto\/licuadora-arno-lq10-powermix-negra-2veloc-550w-220v\/","title":{"rendered":"LICUADORA ARNO LQ10 POWERMIX NEGRA 2VELOC 550W 220V"},"content":{"rendered":"<p>* Capacidad neta 1,25 litros. * Jarra de pl\u00e1stico acr\u00edlico. * 2 velocidades + pulsar. * Potencia 550W. Im\u00e1genes meramente ilustrativas. Im\u00e1genes e informaci\u00f3n sujetas a cambios sin previo aviso. Detalles t\u00e9cnicos: \u2022 POTENCIA: 550 Watts \u2022 CAPACIDAD: 1.25 Litros \u2022 ANCHO: 17 CM \u2022 ALTO: 29,5 CM \u2022 LARGO: 25 CM \u2022 PESO: 1 GR<\/p>\n","protected":false},"excerpt":{"rendered":"<p>* Capacidad neta 1,25 litros. * Jarra de pl\u00e1stico acr\u00edlico. * 2 velocidades + pulsar. * Potencia 550W. Im\u00e1genes meramente ilustrativas. Im\u00e1genes e informaci\u00f3n sujetas a cambios sin previo aviso.<\/p>\n","protected":false},"featured_media":4796,"comment_status":"open","ping_status":"closed","template":"","meta":{"_et_pb_use_builder":"","_et_pb_old_content":"","_et_gb_content_width":""},"product_brand":[],"product_cat":[33],"product_tag":[],"class_list":{"0":"post-670","1":"product","2":"type-product","3":"status-publish","4":"has-post-thumbnail","6":"product_cat-cocina-y-comedor","8":"first","9":"instock","10":"shipping-taxable","11":"purchasable","12":"product-type-simple"},"_links":{"self":[{"href":"https:\/\/rubi.com.py\/index.php\/wp-json\/wp\/v2\/product\/670","targetHints":{"allow":["GET"]}}],"collection":[{"href":"https:\/\/rubi.com.py\/index.php\/wp-json\/wp\/v2\/product"}],"about":[{"href":"https:\/\/rubi.com.py\/index.php\/wp-json\/wp\/v2\/types\/product"}],"replies":[{"embeddable":true,"href":"https:\/\/rubi.com.py\/index.php\/wp-json\/wp\/v2\/comments?post=670"}],"wp:featuredmedia":[{"embeddable":true,"href":"https:\/\/rubi.com.py\/index.php\/wp-json\/wp\/v2\/media\/4796"}],"wp:attachment":[{"href":"https:\/\/rubi.com.py\/index.php\/wp-json\/wp\/v2\/media?parent=670"}],"wp:term":[{"taxonomy":"product_brand","embeddable":true,"href":"https:\/\/rubi.com.py\/index.php\/wp-json\/wp\/v2\/product_brand?post=670"},{"taxonomy":"product_cat","embeddable":true,"href":"https:\/\/rubi.com.py\/index.php\/wp-json\/wp\/v2\/product_cat?post=670"},{"taxonomy":"product_tag","embeddable":true,"href":"https:\/\/rubi.com.py\/index.php\/wp-json\/wp\/v2\/product_tag?post=670"}],"curies":[{"name":"wp","href":"https:\/\/api.w.org\/{rel}","templated":true}]}}