{"id":678,"date":"2025-10-06T18:50:21","date_gmt":"2025-10-06T16:50:21","guid":{"rendered":"https:\/\/rubi.com.py\/index.php\/producto\/lavavajillas-whirlpool-inverter-mod-wsfo3t-silver-10set-45cm\/"},"modified":"2026-04-21T22:53:05","modified_gmt":"2026-04-21T20:53:05","slug":"lavavajillas-whirlpool-inverter-mod-wsfo3t-silver-10set-45cm","status":"publish","type":"product","link":"https:\/\/rubi.com.py\/index.php\/producto\/lavavajillas-whirlpool-inverter-mod-wsfo3t-silver-10set-45cm\/","title":{"rendered":"LAVAVAJILLAS WHIRLPOOL INVERTER MOD WSFO3T SILVER 10SET 45CM"},"content":{"rendered":"<p>* Tecnolog\u00eda Sexto Sentido Ajuste autom\u00e1tico de la intensidad del lavado seg\u00fan la suciedad de los cubiertos. * Power Clean Pro Sensores inteligentes que detectan el nivel de suciedad y adaptan la presi\u00f3n del agua. * Programas Diario 50\u00b0, Eco 50\u00b0, 6th Sense, Cristal, Prelavado, Intensivo 65\u00b0, Silencioso, R\u00e1pido 30\u00b0. * Xpert Inverter Menor consumo de energ\u00eda, lavado eficiente y optimizaci\u00f3n de recursos. * Flexi Spaces Espacios adaptables en el interior seg\u00fan tus necesidades. * Multi Zone Lav\u00e1 cargas reducidas y ahorr\u00e1 recursos. * Eficiencia energ\u00e9tica A+. * Funci\u00f3n de encendido. * Inicio diferido. * 8 programas. MEDIDAS DEL PRODUCTO * Alto 85 cm. * Ancho 45 cm. * Profundidad 59 cm. Im\u00e1genes meramente ilustrativas. Im\u00e1genes e informaci\u00f3n sujetas a cambios sin previo aviso. Detalles t\u00e9cnicos: \u2022 ANCHO: 70 CM \u2022 ALTO: 86 CM \u2022 LARGO: 76 CM \u2022 PESO: 1 GR<\/p>\n","protected":false},"excerpt":{"rendered":"<p>* Tecnolog\u00eda Sexto Sentido Ajuste autom\u00e1tico de la intensidad del lavado seg\u00fan la suciedad de los cubiertos. * Power Clean Pro Sensores inteligentes que detectan el nivel de suciedad y adaptan la presi\u00f3n del agua. * Programas Diario 50\u00b0, Eco 50\u00b0, 6th Sense, Cristal, Prelavado, Intensivo 65\u00b0, Silencioso, R\u00e1pido 30\u00b0. * Xpert Inverter Menor consumo de energ\u00eda, lavado eficiente y optimizaci\u00f3n de recursos. * Flexi Spaces Espacios adaptables en el interior seg\u00fan tus necesidades. * Multi Zone Lav\u00e1 cargas reducidas y ahorr\u00e1 recursos. * Eficiencia energ\u00e9tica A+. * Funci\u00f3n de encendido. * Inicio diferido. * 8 programas. MEDIDAS DEL PRODUCTO * Alto 85 cm. * Ancho 45 cm. * Profundidad 59 cm. Im\u00e1genes meramente ilustrativas. Im\u00e1genes e informaci\u00f3n sujetas a cambios sin previo aviso.<\/p>\n","protected":false},"featured_media":4792,"comment_status":"open","ping_status":"closed","template":"","meta":{"_et_pb_use_builder":"","_et_pb_old_content":"","_et_gb_content_width":""},"product_brand":[],"product_cat":[33],"product_tag":[],"class_list":{"0":"post-678","1":"product","2":"type-product","3":"status-publish","4":"has-post-thumbnail","6":"product_cat-cocina-y-comedor","8":"first","9":"instock","10":"shipping-taxable","11":"purchasable","12":"product-type-simple"},"_links":{"self":[{"href":"https:\/\/rubi.com.py\/index.php\/wp-json\/wp\/v2\/product\/678","targetHints":{"allow":["GET"]}}],"collection":[{"href":"https:\/\/rubi.com.py\/index.php\/wp-json\/wp\/v2\/product"}],"about":[{"href":"https:\/\/rubi.com.py\/index.php\/wp-json\/wp\/v2\/types\/product"}],"replies":[{"embeddable":true,"href":"https:\/\/rubi.com.py\/index.php\/wp-json\/wp\/v2\/comments?post=678"}],"wp:featuredmedia":[{"embeddable":true,"href":"https:\/\/rubi.com.py\/index.php\/wp-json\/wp\/v2\/media\/4792"}],"wp:attachment":[{"href":"https:\/\/rubi.com.py\/index.php\/wp-json\/wp\/v2\/media?parent=678"}],"wp:term":[{"taxonomy":"product_brand","embeddable":true,"href":"https:\/\/rubi.com.py\/index.php\/wp-json\/wp\/v2\/product_brand?post=678"},{"taxonomy":"product_cat","embeddable":true,"href":"https:\/\/rubi.com.py\/index.php\/wp-json\/wp\/v2\/product_cat?post=678"},{"taxonomy":"product_tag","embeddable":true,"href":"https:\/\/rubi.com.py\/index.php\/wp-json\/wp\/v2\/product_tag?post=678"}],"curies":[{"name":"wp","href":"https:\/\/api.w.org\/{rel}","templated":true}]}}