{"id":682,"date":"2025-10-06T18:51:49","date_gmt":"2025-10-06T16:51:49","guid":{"rendered":"https:\/\/rubi.com.py\/index.php\/producto\/lavasecarropas-whirlpool-wwd09sf-silver-9-6kg-inverter-1400rpm\/"},"modified":"2026-04-21T22:48:23","modified_gmt":"2026-04-21T20:48:23","slug":"lavasecarropas-whirlpool-wwd09sf-silver-9-6kg-inverter-1400rpm","status":"publish","type":"product","link":"https:\/\/rubi.com.py\/index.php\/producto\/lavasecarropas-whirlpool-wwd09sf-silver-9-6kg-inverter-1400rpm\/","title":{"rendered":"LAVASECARROPAS WHIRLPOOL WWD09SF SILVER 9\/6KG INVERTER 1400RPM"},"content":{"rendered":"<p>* Wash&amp;Dry 45&#8242; Lava y seca hasta 1 kg de ropa en tan s\u00f3lo 45 minutos, ofreciendo \u00f3ptimos resultados en menos tiempo. * Xpert Inverter Motor m\u00e1s durable, ahorra energ\u00eda, reduce ruido y vibraciones. * Secado autom\u00e1tico y por tiempo. * Capacidad de secado 6 kilos. * Capacidad de lavado 9 kilos. * Velocidad 1400 RPM. * Tecnolog\u00eda Inverter. * Funci\u00f3n Fresh Care. * 14 ciclos de lavado. * Inicio diferido. * 1.400 RPM. Im\u00e1genes meramente ilustrativas. Im\u00e1genes e informaci\u00f3n sujetas a cambios sin previo aviso. Detalles t\u00e9cnicos: \u2022 CAPACIDAD: 9 kilogramo \u2022 CAPACIDAD: 6 kilogramo \u2022 ANCHO: 59,5 CM \u2022 ALTO: 85 CM \u2022 LARGO: 54 CM \u2022 PESO: 67500 GR<\/p>\n","protected":false},"excerpt":{"rendered":"<p>* Wash&amp;Dry 45&#8242; Lava y seca hasta 1 kg de ropa en tan s\u00f3lo 45 minutos, ofreciendo \u00f3ptimos resultados en menos tiempo. * Xpert Inverter Motor m\u00e1s durable, ahorra energ\u00eda, reduce ruido y vibraciones. * Secado autom\u00e1tico y por tiempo. * Capacidad de secado 6 kilos. * Capacidad de lavado 9 kilos. * Velocidad 1400 RPM. * Tecnolog\u00eda Inverter. * Funci\u00f3n Fresh Care. * 14 ciclos de lavado. * Inicio diferido. * 1.400 RPM. Im\u00e1genes meramente ilustrativas. Im\u00e1genes e informaci\u00f3n sujetas a cambios sin previo aviso.<\/p>\n","protected":false},"featured_media":4790,"comment_status":"open","ping_status":"closed","template":"","meta":{"_et_pb_use_builder":"","_et_pb_old_content":"","_et_gb_content_width":""},"product_brand":[],"product_cat":[41],"product_tag":[],"class_list":{"0":"post-682","1":"product","2":"type-product","3":"status-publish","4":"has-post-thumbnail","6":"product_cat-lavado-y-cuidado-de-prendas","8":"first","9":"instock","10":"shipping-taxable","11":"purchasable","12":"product-type-simple"},"_links":{"self":[{"href":"https:\/\/rubi.com.py\/index.php\/wp-json\/wp\/v2\/product\/682","targetHints":{"allow":["GET"]}}],"collection":[{"href":"https:\/\/rubi.com.py\/index.php\/wp-json\/wp\/v2\/product"}],"about":[{"href":"https:\/\/rubi.com.py\/index.php\/wp-json\/wp\/v2\/types\/product"}],"replies":[{"embeddable":true,"href":"https:\/\/rubi.com.py\/index.php\/wp-json\/wp\/v2\/comments?post=682"}],"wp:featuredmedia":[{"embeddable":true,"href":"https:\/\/rubi.com.py\/index.php\/wp-json\/wp\/v2\/media\/4790"}],"wp:attachment":[{"href":"https:\/\/rubi.com.py\/index.php\/wp-json\/wp\/v2\/media?parent=682"}],"wp:term":[{"taxonomy":"product_brand","embeddable":true,"href":"https:\/\/rubi.com.py\/index.php\/wp-json\/wp\/v2\/product_brand?post=682"},{"taxonomy":"product_cat","embeddable":true,"href":"https:\/\/rubi.com.py\/index.php\/wp-json\/wp\/v2\/product_cat?post=682"},{"taxonomy":"product_tag","embeddable":true,"href":"https:\/\/rubi.com.py\/index.php\/wp-json\/wp\/v2\/product_tag?post=682"}],"curies":[{"name":"wp","href":"https:\/\/api.w.org\/{rel}","templated":true}]}}