{"id":684,"date":"2025-10-06T18:52:05","date_gmt":"2025-10-06T16:52:05","guid":{"rendered":"https:\/\/rubi.com.py\/index.php\/producto\/lavasecarropas-whirlpool-wcf10bf-10-5-7kg-inverter-1600rpm\/"},"modified":"2026-04-21T22:47:46","modified_gmt":"2026-04-21T20:47:46","slug":"lavasecarropas-whirlpool-wcf10bf-10-5-7kg-inverter-1600rpm","status":"publish","type":"product","link":"https:\/\/rubi.com.py\/index.php\/producto\/lavasecarropas-whirlpool-wcf10bf-10-5-7kg-inverter-1600rpm\/","title":{"rendered":"LAVASECARROPAS WHIRLPOOL WCF10BF 10.5 \/ 7KG INVERTER 1600RPM"},"content":{"rendered":"<p>* Wash &amp; Dry 45\u00ba Lava y seca hasta 1 kg de ropa en tan s\u00f3lo 45 minutos, ofreciendo \u00f3ptimos resultados en menos tiempo. * Soft Move Movimiento de tambor personalizado para el cuidado personalizado de sus prendas. * Sense Inverter Dise\u00f1o de motor que optimiz el consumo energ\u00e9tico en cada lavado. * Xpert Inverter Motor que optimiza el consumo energ\u00e9tico en cada lavado. * FreshCare+ Ropa fresca y sin olores hasta 6 horas despu\u00e9s del lavado. * Colours 15\u00b0 Lavado en fr\u00edo, colores brillantes. * 10,5 Kg capacidad lavado. * 7 Kg capacidad secado. * 14 ciclos de lavado. * Panel t\u00e1ctil. * 1600 RPM. MEDIDAS DEL PRODUCTO. * Alto 85 cm. * Ancho 59,5 cm. * Profundidad 60,5 cm. Im\u00e1genes meramente ilustrativas. Im\u00e1genes e informaci\u00f3n sujetas a cambios sin previo aviso. Detalles t\u00e9cnicos: \u2022 ANCHO: 66 CM \u2022 ALTO: 88,5 CM \u2022 LARGO: 64 CM \u2022 PESO: 67500 GR<\/p>\n","protected":false},"excerpt":{"rendered":"<p>* Wash &amp; Dry 45\u00ba Lava y seca hasta 1 kg de ropa en tan s\u00f3lo 45 minutos, ofreciendo \u00f3ptimos resultados en menos tiempo. * Soft Move Movimiento de tambor personalizado para el cuidado personalizado de sus prendas. * Sense Inverter Dise\u00f1o de motor que optimiz el consumo energ\u00e9tico en cada lavado. * Xpert Inverter Motor que optimiza el consumo energ\u00e9tico en cada lavado. * FreshCare+ Ropa fresca y sin olores hasta 6 horas despu\u00e9s del lavado. * Colours 15\u00b0 Lavado en fr\u00edo, colores brillantes. * 10,5 Kg capacidad lavado. * 7 Kg capacidad secado. * 14 ciclos de lavado. * Panel t\u00e1ctil. * 1600 RPM. MEDIDAS DEL PRODUCTO. * Alto 85 cm. * Ancho 59,5 cm. * Profundidad 60,5 cm. Im\u00e1genes meramente ilustrativas. Im\u00e1genes e informaci\u00f3n sujetas a cambios sin previo aviso.<\/p>\n","protected":false},"featured_media":4788,"comment_status":"open","ping_status":"closed","template":"","meta":{"_et_pb_use_builder":"","_et_pb_old_content":"","_et_gb_content_width":""},"product_brand":[],"product_cat":[41],"product_tag":[],"class_list":{"0":"post-684","1":"product","2":"type-product","3":"status-publish","4":"has-post-thumbnail","6":"product_cat-lavado-y-cuidado-de-prendas","8":"first","9":"instock","10":"shipping-taxable","11":"purchasable","12":"product-type-simple"},"_links":{"self":[{"href":"https:\/\/rubi.com.py\/index.php\/wp-json\/wp\/v2\/product\/684","targetHints":{"allow":["GET"]}}],"collection":[{"href":"https:\/\/rubi.com.py\/index.php\/wp-json\/wp\/v2\/product"}],"about":[{"href":"https:\/\/rubi.com.py\/index.php\/wp-json\/wp\/v2\/types\/product"}],"replies":[{"embeddable":true,"href":"https:\/\/rubi.com.py\/index.php\/wp-json\/wp\/v2\/comments?post=684"}],"wp:featuredmedia":[{"embeddable":true,"href":"https:\/\/rubi.com.py\/index.php\/wp-json\/wp\/v2\/media\/4788"}],"wp:attachment":[{"href":"https:\/\/rubi.com.py\/index.php\/wp-json\/wp\/v2\/media?parent=684"}],"wp:term":[{"taxonomy":"product_brand","embeddable":true,"href":"https:\/\/rubi.com.py\/index.php\/wp-json\/wp\/v2\/product_brand?post=684"},{"taxonomy":"product_cat","embeddable":true,"href":"https:\/\/rubi.com.py\/index.php\/wp-json\/wp\/v2\/product_cat?post=684"},{"taxonomy":"product_tag","embeddable":true,"href":"https:\/\/rubi.com.py\/index.php\/wp-json\/wp\/v2\/product_tag?post=684"}],"curies":[{"name":"wp","href":"https:\/\/api.w.org\/{rel}","templated":true}]}}