{"id":687,"date":"2025-10-06T18:52:30","date_gmt":"2025-10-06T16:52:30","guid":{"rendered":"https:\/\/rubi.com.py\/index.php\/producto\/lavarropas-whirlpool-wwn16ab-16kg-carga-sup-negro-660rpm\/"},"modified":"2026-04-21T22:47:12","modified_gmt":"2026-04-21T20:47:12","slug":"lavarropas-whirlpool-wwn16ab-16kg-carga-sup-negro-660rpm","status":"publish","type":"product","link":"https:\/\/rubi.com.py\/index.php\/producto\/lavarropas-whirlpool-wwn16ab-16kg-carga-sup-negro-660rpm\/","title":{"rendered":"LAVARROPAS WHIRLPOOL WWN16AB 16KG CARGA SUP NEGRO 660RPM"},"content":{"rendered":"<p>* Ciclo m\u00e1s silencioso, mediante un exclusivo sistema de agitaci\u00f3n y centrifugaci\u00f3n que genera menos ruido. * Le permite omitir pasos en el proceso de lavado para mayor comodidad cuando sea necesario. * Los pasos de enjuague adicionales eliminan 4 veces m\u00e1s residuos de jab\u00f3n. * El Ciclo R\u00e1pido limpia la ropa ligeramente sucia en menos de 30 minutos. * Ciclo de lavado especial que evita la formaci\u00f3n de bolitas en la ropa. * Sensores inteligentes que ajustan autom\u00e1ticamente el nivel del agua. * Ciclo indicado para lavar un edred\u00f3n tama\u00f1o King Size. Im\u00e1genes meramente ilustrativas. Im\u00e1genes e informaci\u00f3n sujetas a cambios sin previo aviso. Detalles t\u00e9cnicos: \u2022 ANCHO: 68 CM \u2022 ALTO: 108 CM \u2022 LARGO: 72 CM \u2022 PESO: 41220 GR<\/p>\n","protected":false},"excerpt":{"rendered":"<p>* Ciclo m\u00e1s silencioso, mediante un exclusivo sistema de agitaci\u00f3n y centrifugaci\u00f3n que genera menos ruido. * Le permite omitir pasos en el proceso de lavado para mayor comodidad cuando sea necesario. * Los pasos de enjuague adicionales eliminan 4 veces m\u00e1s residuos de jab\u00f3n. * El Ciclo R\u00e1pido limpia la ropa ligeramente sucia en menos de 30 minutos. * Ciclo de lavado especial que evita la formaci\u00f3n de bolitas en la ropa. * Sensores inteligentes que ajustan autom\u00e1ticamente el nivel del agua. * Ciclo indicado para lavar un edred\u00f3n tama\u00f1o King Size. Im\u00e1genes meramente ilustrativas. Im\u00e1genes e informaci\u00f3n sujetas a cambios sin previo aviso.<\/p>\n","protected":false},"featured_media":4787,"comment_status":"open","ping_status":"closed","template":"","meta":{"_et_pb_use_builder":"","_et_pb_old_content":"","_et_gb_content_width":""},"product_brand":[],"product_cat":[41],"product_tag":[],"class_list":{"0":"post-687","1":"product","2":"type-product","3":"status-publish","4":"has-post-thumbnail","6":"product_cat-lavado-y-cuidado-de-prendas","8":"first","9":"instock","10":"shipping-taxable","11":"purchasable","12":"product-type-simple"},"_links":{"self":[{"href":"https:\/\/rubi.com.py\/index.php\/wp-json\/wp\/v2\/product\/687","targetHints":{"allow":["GET"]}}],"collection":[{"href":"https:\/\/rubi.com.py\/index.php\/wp-json\/wp\/v2\/product"}],"about":[{"href":"https:\/\/rubi.com.py\/index.php\/wp-json\/wp\/v2\/types\/product"}],"replies":[{"embeddable":true,"href":"https:\/\/rubi.com.py\/index.php\/wp-json\/wp\/v2\/comments?post=687"}],"wp:featuredmedia":[{"embeddable":true,"href":"https:\/\/rubi.com.py\/index.php\/wp-json\/wp\/v2\/media\/4787"}],"wp:attachment":[{"href":"https:\/\/rubi.com.py\/index.php\/wp-json\/wp\/v2\/media?parent=687"}],"wp:term":[{"taxonomy":"product_brand","embeddable":true,"href":"https:\/\/rubi.com.py\/index.php\/wp-json\/wp\/v2\/product_brand?post=687"},{"taxonomy":"product_cat","embeddable":true,"href":"https:\/\/rubi.com.py\/index.php\/wp-json\/wp\/v2\/product_cat?post=687"},{"taxonomy":"product_tag","embeddable":true,"href":"https:\/\/rubi.com.py\/index.php\/wp-json\/wp\/v2\/product_tag?post=687"}],"curies":[{"name":"wp","href":"https:\/\/api.w.org\/{rel}","templated":true}]}}