{"id":689,"date":"2025-10-06T18:52:51","date_gmt":"2025-10-06T16:52:51","guid":{"rendered":"https:\/\/rubi.com.py\/index.php\/producto\/lavarropas-whirlpool-wwi13a-13kg-inverter-carga-sup-sand-gold-700rpm\/"},"modified":"2026-04-21T23:09:22","modified_gmt":"2026-04-21T21:09:22","slug":"lavarropas-whirlpool-wwi13a-13kg-inverter-carga-sup-sand-gold-700rpm","status":"publish","type":"product","link":"https:\/\/rubi.com.py\/index.php\/producto\/lavarropas-whirlpool-wwi13a-13kg-inverter-carga-sup-sand-gold-700rpm\/","title":{"rendered":"LAVARROPAS WHIRLPOOL WWI13A 13KG INVERTER CARGA SUP SAND GOLD 700RPM"},"content":{"rendered":"<p>* Tecnolog\u00eda 6th sense Optimiza el consumo de agua, energ\u00eda y la duraci\u00f3n del ciclo a la carga del lavado. * Remoci\u00f3n de manchas funci\u00f3n que optimiza la remoci\u00f3n de distintos tipos de manchas en las ropas. * Xpert Inverter Motor m\u00e1s durable, ahorra energ\u00eda, reduce ruido y vibraciones. * Calentador interno ajuste de temperatura en 4 niveles fr\u00eda 25\u00b0, 35\u00b0 y 45\u00b0. * Capacidad de carga 13KG. * N\u00famero de programas 11. * Peso del producto 39 kg. * Potencia 700 RPM. * 8 ciclos de lavado. * Voltaje 220 V. * Panel touch. MEDIDAS DEL PRODUCTO. * Ancho 57 cm. * Alto 98.5 cm. * Profundidad 59.3 cm. Im\u00e1genes meramente ilustrativas. Im\u00e1genes e informaci\u00f3n sujetas a cambios sin previo aviso. Detalles t\u00e9cnicos: \u2022 ANCHO: 65 CM \u2022 ALTO: 106 CM \u2022 LARGO: 65,5 CM \u2022 PESO: 45000 GR<\/p>\n","protected":false},"excerpt":{"rendered":"<p>* Tecnolog\u00eda 6th sense Optimiza el consumo de agua, energ\u00eda y la duraci\u00f3n del ciclo a la carga del lavado. * Remoci\u00f3n de manchas funci\u00f3n que optimiza la remoci\u00f3n de distintos tipos de manchas en las ropas. * Xpert Inverter Motor m\u00e1s durable, ahorra energ\u00eda, reduce ruido y vibraciones. * Calentador interno ajuste de temperatura en 4 niveles fr\u00eda 25\u00b0, 35\u00b0 y 45\u00b0. * Capacidad de carga 13KG. * N\u00famero de programas 11. * Peso del producto 39 kg. * Potencia 700 RPM. * 8 ciclos de lavado. * Voltaje 220 V. * Panel touch. MEDIDAS DEL PRODUCTO. * Ancho 57 cm. * Alto 98.5 cm. * Profundidad 59.3 cm. Im\u00e1genes meramente ilustrativas. Im\u00e1genes e informaci\u00f3n sujetas a cambios sin previo aviso.<\/p>\n","protected":false},"featured_media":4807,"comment_status":"open","ping_status":"closed","template":"","meta":{"_et_pb_use_builder":"","_et_pb_old_content":"","_et_gb_content_width":""},"product_brand":[],"product_cat":[41],"product_tag":[],"class_list":{"0":"post-689","1":"product","2":"type-product","3":"status-publish","4":"has-post-thumbnail","6":"product_cat-lavado-y-cuidado-de-prendas","8":"first","9":"instock","10":"shipping-taxable","11":"purchasable","12":"product-type-simple"},"_links":{"self":[{"href":"https:\/\/rubi.com.py\/index.php\/wp-json\/wp\/v2\/product\/689","targetHints":{"allow":["GET"]}}],"collection":[{"href":"https:\/\/rubi.com.py\/index.php\/wp-json\/wp\/v2\/product"}],"about":[{"href":"https:\/\/rubi.com.py\/index.php\/wp-json\/wp\/v2\/types\/product"}],"replies":[{"embeddable":true,"href":"https:\/\/rubi.com.py\/index.php\/wp-json\/wp\/v2\/comments?post=689"}],"wp:featuredmedia":[{"embeddable":true,"href":"https:\/\/rubi.com.py\/index.php\/wp-json\/wp\/v2\/media\/4807"}],"wp:attachment":[{"href":"https:\/\/rubi.com.py\/index.php\/wp-json\/wp\/v2\/media?parent=689"}],"wp:term":[{"taxonomy":"product_brand","embeddable":true,"href":"https:\/\/rubi.com.py\/index.php\/wp-json\/wp\/v2\/product_brand?post=689"},{"taxonomy":"product_cat","embeddable":true,"href":"https:\/\/rubi.com.py\/index.php\/wp-json\/wp\/v2\/product_cat?post=689"},{"taxonomy":"product_tag","embeddable":true,"href":"https:\/\/rubi.com.py\/index.php\/wp-json\/wp\/v2\/product_tag?post=689"}],"curies":[{"name":"wp","href":"https:\/\/api.w.org\/{rel}","templated":true}]}}