{"id":691,"date":"2025-10-06T18:53:17","date_gmt":"2025-10-06T16:53:17","guid":{"rendered":"https:\/\/rubi.com.py\/index.php\/producto\/lavarropas-whirlpool-wwi12aw-12kg-carga-sup-blanco-850rpm\/"},"modified":"2026-04-21T23:09:04","modified_gmt":"2026-04-21T21:09:04","slug":"lavarropas-whirlpool-wwi12aw-12kg-carga-sup-blanco-850rpm","status":"publish","type":"product","link":"https:\/\/rubi.com.py\/index.php\/producto\/lavarropas-whirlpool-wwi12aw-12kg-carga-sup-blanco-850rpm\/","title":{"rendered":"LAVARROPAS WHIRLPOOL WWI12AW 12KG CARGA SUP BLANCO 850RPM"},"content":{"rendered":"<p>* Bloqueo para ni\u00f1os Tecla especial de bloqueo para evitar travesuras y asegurar el cuidado de tu familia. * Inicio Diferido Posterga el lavado con las funciones seleccionadas hasta 24 horas. * SmartCycle Calcula autom\u00e1ticamente el nivel del agua. * Fast Cycle Ropa limpia en 26 minutos. * Doble entrada de agua (fr\u00edacaliente). * Control intuitivo con panel de LED. * Dispensador de jab\u00f3n suavizante. * Tambor de Acero Inoxidable. * Sistema de lavado a turbina. * 850 RPM de centrifugado. * Tapa de vidrio templado. * Eficiencia energ\u00e9tica A. * 6 programas de lavado. * 8 Niveles de agua. * Capacidad 12 Kg. * 2 temperatura. MEDIDAS DEL PRODUCTO. * Ancho 59,2 cm. * Alto 95 cm. * Profundidad 57 cm. Im\u00e1genes meramente ilustrativas. Im\u00e1genes e informaci\u00f3n sujetas a cambios sin previo aviso. Detalles t\u00e9cnicos: \u2022 CAPACIDAD: 12 kilogramo \u2022 COLOR: BLANCO COLOR \u2022 ANCHO: 65 CM \u2022 ALTO: 102 CM \u2022 LARGO: 63 CM \u2022 PESO: 39000 GR<\/p>\n","protected":false},"excerpt":{"rendered":"<p>* Bloqueo para ni\u00f1os Tecla especial de bloqueo para evitar travesuras y asegurar el cuidado de tu familia. * Inicio Diferido Posterga el lavado con las funciones seleccionadas hasta 24 horas. * SmartCycle Calcula autom\u00e1ticamente el nivel del agua. * Fast Cycle Ropa limpia en 26 minutos. * Doble entrada de agua (fr\u00edacaliente). * Control intuitivo con panel de LED. * Dispensador de jab\u00f3n suavizante. * Tambor de Acero Inoxidable. * Sistema de lavado a turbina. * 850 RPM de centrifugado. * Tapa de vidrio templado. * Eficiencia energ\u00e9tica A. * 6 programas de lavado. * 8 Niveles de agua. * Capacidad 12 Kg. * 2 temperatura. MEDIDAS DEL PRODUCTO. * Ancho 59,2 cm. * Alto 95 cm. * Profundidad 57 cm. Im\u00e1genes meramente ilustrativas. Im\u00e1genes e informaci\u00f3n sujetas a cambios sin previo aviso.<\/p>\n","protected":false},"featured_media":4806,"comment_status":"open","ping_status":"closed","template":"","meta":{"_et_pb_use_builder":"","_et_pb_old_content":"","_et_gb_content_width":""},"product_brand":[],"product_cat":[41],"product_tag":[],"class_list":{"0":"post-691","1":"product","2":"type-product","3":"status-publish","4":"has-post-thumbnail","6":"product_cat-lavado-y-cuidado-de-prendas","8":"first","9":"instock","10":"shipping-taxable","11":"purchasable","12":"product-type-simple"},"_links":{"self":[{"href":"https:\/\/rubi.com.py\/index.php\/wp-json\/wp\/v2\/product\/691","targetHints":{"allow":["GET"]}}],"collection":[{"href":"https:\/\/rubi.com.py\/index.php\/wp-json\/wp\/v2\/product"}],"about":[{"href":"https:\/\/rubi.com.py\/index.php\/wp-json\/wp\/v2\/types\/product"}],"replies":[{"embeddable":true,"href":"https:\/\/rubi.com.py\/index.php\/wp-json\/wp\/v2\/comments?post=691"}],"wp:featuredmedia":[{"embeddable":true,"href":"https:\/\/rubi.com.py\/index.php\/wp-json\/wp\/v2\/media\/4806"}],"wp:attachment":[{"href":"https:\/\/rubi.com.py\/index.php\/wp-json\/wp\/v2\/media?parent=691"}],"wp:term":[{"taxonomy":"product_brand","embeddable":true,"href":"https:\/\/rubi.com.py\/index.php\/wp-json\/wp\/v2\/product_brand?post=691"},{"taxonomy":"product_cat","embeddable":true,"href":"https:\/\/rubi.com.py\/index.php\/wp-json\/wp\/v2\/product_cat?post=691"},{"taxonomy":"product_tag","embeddable":true,"href":"https:\/\/rubi.com.py\/index.php\/wp-json\/wp\/v2\/product_tag?post=691"}],"curies":[{"name":"wp","href":"https:\/\/api.w.org\/{rel}","templated":true}]}}