{"id":693,"date":"2025-10-06T18:53:53","date_gmt":"2025-10-06T16:53:53","guid":{"rendered":"https:\/\/rubi.com.py\/index.php\/producto\/lavarropas-whirlpool-wwi11ai-11kg-inverter-carga-sup-sand-gold-700rpm\/"},"modified":"2026-04-21T23:08:48","modified_gmt":"2026-04-21T21:08:48","slug":"lavarropas-whirlpool-wwi11ai-11kg-inverter-carga-sup-sand-gold-700rpm","status":"publish","type":"product","link":"https:\/\/rubi.com.py\/index.php\/producto\/lavarropas-whirlpool-wwi11ai-11kg-inverter-carga-sup-sand-gold-700rpm\/","title":{"rendered":"LAVARROPAS WHIRLPOOL WWI11AI 11KG INVERTER CARGA SUP SAND GOLD 700RPM"},"content":{"rendered":"<p>* Tecnolog\u00eda 6th sense Optimiza el consumo de agua, energ\u00eda y la duraci\u00f3n del ciclo a la carga del lavado. * REMOCI\u00d3N DE MANCHAS perfil de temperatura optimizado para la remoci\u00f3n de manchas en la ropa. * CALENTADOR INTERNO ajuste de temperatura en 4 niveles fr\u00eda, 25\u00b0, 35\u00b0 y 45\u00b0. * Xpert Inverter Motor m\u00e1s durable, ahorra energ\u00eda, reduce ruido y vibraciones. * TECNOLOG\u00cdA 6TH SENSE optimizaci\u00f3n al m\u00e1ximo de los lavados. * Capacidad de lavado 11 kg. * Peso del producto 34 kg. * Potencia 750 RPM. * 8 ciclos de lavado. * Panel touch. MEDIDAS DEL PRODUCTO. * Alto 96,5 cm. * Ancho 54 cm. * Profundidad 56,8 cm. Im\u00e1genes meramente ilustrativas. Im\u00e1genes e informaci\u00f3n sujetas a cambios sin previo aviso. Detalles t\u00e9cnicos: \u2022 ANCHO: 62 CM \u2022 ALTO: 104 CM \u2022 LARGO: 63 CM \u2022 PESO: 39000 GR<\/p>\n","protected":false},"excerpt":{"rendered":"<p>* Tecnolog\u00eda 6th sense Optimiza el consumo de agua, energ\u00eda y la duraci\u00f3n del ciclo a la carga del lavado. * REMOCI\u00d3N DE MANCHAS perfil de temperatura optimizado para la remoci\u00f3n de manchas en la ropa. * CALENTADOR INTERNO ajuste de temperatura en 4 niveles fr\u00eda, 25\u00b0, 35\u00b0 y 45\u00b0. * Xpert Inverter Motor m\u00e1s durable, ahorra energ\u00eda, reduce ruido y vibraciones. * TECNOLOG\u00cdA 6TH SENSE optimizaci\u00f3n al m\u00e1ximo de los lavados. * Capacidad de lavado 11 kg. * Peso del producto 34 kg. * Potencia 750 RPM. * 8 ciclos de lavado. * Panel touch. MEDIDAS DEL PRODUCTO. * Alto 96,5 cm. * Ancho 54 cm. * Profundidad 56,8 cm. Im\u00e1genes meramente ilustrativas. Im\u00e1genes e informaci\u00f3n sujetas a cambios sin previo aviso.<\/p>\n","protected":false},"featured_media":4805,"comment_status":"open","ping_status":"closed","template":"","meta":{"_et_pb_use_builder":"","_et_pb_old_content":"","_et_gb_content_width":""},"product_brand":[],"product_cat":[41],"product_tag":[],"class_list":{"0":"post-693","1":"product","2":"type-product","3":"status-publish","4":"has-post-thumbnail","6":"product_cat-lavado-y-cuidado-de-prendas","8":"first","9":"instock","10":"shipping-taxable","11":"purchasable","12":"product-type-simple"},"_links":{"self":[{"href":"https:\/\/rubi.com.py\/index.php\/wp-json\/wp\/v2\/product\/693","targetHints":{"allow":["GET"]}}],"collection":[{"href":"https:\/\/rubi.com.py\/index.php\/wp-json\/wp\/v2\/product"}],"about":[{"href":"https:\/\/rubi.com.py\/index.php\/wp-json\/wp\/v2\/types\/product"}],"replies":[{"embeddable":true,"href":"https:\/\/rubi.com.py\/index.php\/wp-json\/wp\/v2\/comments?post=693"}],"wp:featuredmedia":[{"embeddable":true,"href":"https:\/\/rubi.com.py\/index.php\/wp-json\/wp\/v2\/media\/4805"}],"wp:attachment":[{"href":"https:\/\/rubi.com.py\/index.php\/wp-json\/wp\/v2\/media?parent=693"}],"wp:term":[{"taxonomy":"product_brand","embeddable":true,"href":"https:\/\/rubi.com.py\/index.php\/wp-json\/wp\/v2\/product_brand?post=693"},{"taxonomy":"product_cat","embeddable":true,"href":"https:\/\/rubi.com.py\/index.php\/wp-json\/wp\/v2\/product_cat?post=693"},{"taxonomy":"product_tag","embeddable":true,"href":"https:\/\/rubi.com.py\/index.php\/wp-json\/wp\/v2\/product_tag?post=693"}],"curies":[{"name":"wp","href":"https:\/\/api.w.org\/{rel}","templated":true}]}}