{"id":699,"date":"2025-10-06T19:24:00","date_gmt":"2025-10-06T17:24:00","guid":{"rendered":"https:\/\/rubi.com.py\/index.php\/producto\/lavarropas-whirlpool-wwi08bs9ls-8-5kg-carga-sup-silver-720rpm\/"},"modified":"2026-04-21T23:07:38","modified_gmt":"2026-04-21T21:07:38","slug":"lavarropas-whirlpool-wwi08bs9ls-8-5kg-carga-sup-silver-720rpm","status":"publish","type":"product","link":"https:\/\/rubi.com.py\/index.php\/producto\/lavarropas-whirlpool-wwi08bs9ls-8-5kg-carga-sup-silver-720rpm\/","title":{"rendered":"LAVARROPAS WHIRLPOOL WWI08BS9LS 8.5KG CARGA SUP SILVER 720RPM"},"content":{"rendered":"<p>* Fast cycle, ropa limpia en 26 minutos. * Filtro para pelusas desmontable. * Tambor acero inoxidable. * 6 ciclos de lavado. * Capacidad 8.5kg. * Panel digital LED. * Lavado r\u00e1pido. * Ecofriendly. * 720rpm. MEDIDAS DEL PRODUCTO. * Alto 95 cm. * Ancho 58,5 cm. * Profundidad 57 cm. Im\u00e1genes meramente ilustrativas. Im\u00e1genes e informaci\u00f3n sujetas a cambios sin previo aviso. Detalles t\u00e9cnicos: \u2022 CAPACIDAD: 8.5 kilogramo \u2022 COLOR: GRIS COLOR \u2022 ANCHO: 58 CM \u2022 ALTO: 104 CM \u2022 LARGO: 59,2 CM \u2022 PESO: 37000 GR<\/p>\n","protected":false},"excerpt":{"rendered":"<p>* Fast cycle, ropa limpia en 26 minutos. * Filtro para pelusas desmontable. * Tambor acero inoxidable. * 6 ciclos de lavado. * Capacidad 8.5kg. * Panel digital LED. * Lavado r\u00e1pido. * Ecofriendly. * 720rpm. MEDIDAS DEL PRODUCTO. * Alto 95 cm. * Ancho 58,5 cm. * Profundidad 57 cm. Im\u00e1genes meramente ilustrativas. Im\u00e1genes e informaci\u00f3n sujetas a cambios sin previo aviso.<\/p>\n","protected":false},"featured_media":4801,"comment_status":"open","ping_status":"closed","template":"","meta":{"_et_pb_use_builder":"","_et_pb_old_content":"","_et_gb_content_width":""},"product_brand":[],"product_cat":[41],"product_tag":[],"class_list":{"0":"post-699","1":"product","2":"type-product","3":"status-publish","4":"has-post-thumbnail","6":"product_cat-lavado-y-cuidado-de-prendas","8":"first","9":"instock","10":"shipping-taxable","11":"purchasable","12":"product-type-simple"},"_links":{"self":[{"href":"https:\/\/rubi.com.py\/index.php\/wp-json\/wp\/v2\/product\/699","targetHints":{"allow":["GET"]}}],"collection":[{"href":"https:\/\/rubi.com.py\/index.php\/wp-json\/wp\/v2\/product"}],"about":[{"href":"https:\/\/rubi.com.py\/index.php\/wp-json\/wp\/v2\/types\/product"}],"replies":[{"embeddable":true,"href":"https:\/\/rubi.com.py\/index.php\/wp-json\/wp\/v2\/comments?post=699"}],"wp:featuredmedia":[{"embeddable":true,"href":"https:\/\/rubi.com.py\/index.php\/wp-json\/wp\/v2\/media\/4801"}],"wp:attachment":[{"href":"https:\/\/rubi.com.py\/index.php\/wp-json\/wp\/v2\/media?parent=699"}],"wp:term":[{"taxonomy":"product_brand","embeddable":true,"href":"https:\/\/rubi.com.py\/index.php\/wp-json\/wp\/v2\/product_brand?post=699"},{"taxonomy":"product_cat","embeddable":true,"href":"https:\/\/rubi.com.py\/index.php\/wp-json\/wp\/v2\/product_cat?post=699"},{"taxonomy":"product_tag","embeddable":true,"href":"https:\/\/rubi.com.py\/index.php\/wp-json\/wp\/v2\/product_tag?post=699"}],"curies":[{"name":"wp","href":"https:\/\/api.w.org\/{rel}","templated":true}]}}