{"id":701,"date":"2025-10-06T19:24:25","date_gmt":"2025-10-06T17:24:25","guid":{"rendered":"https:\/\/rubi.com.py\/index.php\/producto\/lavarropas-whirlpool-wwh18at-dual-wash-18kg-carga-sup-titanium\/"},"modified":"2026-03-13T17:31:32","modified_gmt":"2026-03-13T16:31:32","slug":"lavarropas-whirlpool-wwh18at-dual-wash-18kg-carga-sup-titanium","status":"publish","type":"product","link":"https:\/\/rubi.com.py\/index.php\/producto\/lavarropas-whirlpool-wwh18at-dual-wash-18kg-carga-sup-titanium\/","title":{"rendered":"LAVARROPAS WHIRLPOOL WWH18AT DUAL WASH 18KG CARGA SUP TITANIUM"},"content":{"rendered":"<p>* Ciclo Anti-al\u00e9rgico Pasos de enjuague adicionales promueven la eliminaci\u00f3n de suavizante y residuos de jab\u00f3n de manera m\u00e1s eficiente. * Xpert Dual Wash Tecnolog\u00eda con doble canasto que permite lavar simult\u00e1neamente prendas de distinto tipo. * Quitamanchas Pro Remueve m\u00e1s de 40 tipos de manchas con agua fr\u00eda. * Ciclo Edred\u00f3n Remueve los residuos de jab\u00f3n de manera m\u00e1s eficiente. * 12 ciclos de lavado. * Capacidad 18 kg. * 700 RPM. MEDIDAS DEL PRODUCTO. * Ancho 68 cm. * Altura 110 cm. * Profundidad 75 cm. Im\u00e1genes meramente ilustrativas. Im\u00e1genes e informaci\u00f3n sujetas a cambios sin previo aviso. Detalles t\u00e9cnicos: \u2022 ANCHO: 69,5 CM \u2022 ALTO: 106 CM \u2022 LARGO: 65 CM \u2022 PESO: 13000 GR<\/p>\n","protected":false},"excerpt":{"rendered":"<p>* Ciclo Anti-al\u00e9rgico Pasos de enjuague adicionales promueven la eliminaci\u00f3n de suavizante y residuos de jab\u00f3n de manera m\u00e1s eficiente. * Xpert Dual Wash Tecnolog\u00eda con doble canasto que permite lavar simult\u00e1neamente prendas de distinto tipo. * Quitamanchas Pro Remueve m\u00e1s de 40 tipos de manchas con agua fr\u00eda. * Ciclo Edred\u00f3n Remueve los residuos de jab\u00f3n de manera m\u00e1s eficiente. * 12 ciclos de lavado. * Capacidad 18 kg. * 700 RPM. MEDIDAS DEL PRODUCTO. * Ancho 68 cm. * Altura 110 cm. * Profundidad 75 cm. Im\u00e1genes meramente ilustrativas. Im\u00e1genes e informaci\u00f3n sujetas a cambios sin previo aviso.<\/p>\n","protected":false},"featured_media":2105,"comment_status":"open","ping_status":"closed","template":"","meta":{"_et_pb_use_builder":"","_et_pb_old_content":"","_et_gb_content_width":""},"product_brand":[],"product_cat":[41],"product_tag":[],"class_list":{"0":"post-701","1":"product","2":"type-product","3":"status-publish","4":"has-post-thumbnail","6":"product_cat-lavado-y-cuidado-de-prendas","8":"first","9":"instock","10":"shipping-taxable","11":"purchasable","12":"product-type-simple"},"_links":{"self":[{"href":"https:\/\/rubi.com.py\/index.php\/wp-json\/wp\/v2\/product\/701","targetHints":{"allow":["GET"]}}],"collection":[{"href":"https:\/\/rubi.com.py\/index.php\/wp-json\/wp\/v2\/product"}],"about":[{"href":"https:\/\/rubi.com.py\/index.php\/wp-json\/wp\/v2\/types\/product"}],"replies":[{"embeddable":true,"href":"https:\/\/rubi.com.py\/index.php\/wp-json\/wp\/v2\/comments?post=701"}],"wp:featuredmedia":[{"embeddable":true,"href":"https:\/\/rubi.com.py\/index.php\/wp-json\/wp\/v2\/media\/2105"}],"wp:attachment":[{"href":"https:\/\/rubi.com.py\/index.php\/wp-json\/wp\/v2\/media?parent=701"}],"wp:term":[{"taxonomy":"product_brand","embeddable":true,"href":"https:\/\/rubi.com.py\/index.php\/wp-json\/wp\/v2\/product_brand?post=701"},{"taxonomy":"product_cat","embeddable":true,"href":"https:\/\/rubi.com.py\/index.php\/wp-json\/wp\/v2\/product_cat?post=701"},{"taxonomy":"product_tag","embeddable":true,"href":"https:\/\/rubi.com.py\/index.php\/wp-json\/wp\/v2\/product_tag?post=701"}],"curies":[{"name":"wp","href":"https:\/\/api.w.org\/{rel}","templated":true}]}}