{"id":703,"date":"2025-10-06T19:24:47","date_gmt":"2025-10-06T17:24:47","guid":{"rendered":"https:\/\/rubi.com.py\/index.php\/producto\/lavarropas-whirlpool-wwh13ab-13kg-carga-sup-blanco-750rpm-c-agua-calie\/"},"modified":"2026-04-21T23:07:04","modified_gmt":"2026-04-21T21:07:04","slug":"lavarropas-whirlpool-wwh13ab-13kg-carga-sup-blanco-750rpm-c-agua-calie","status":"publish","type":"product","link":"https:\/\/rubi.com.py\/index.php\/producto\/lavarropas-whirlpool-wwh13ab-13kg-carga-sup-blanco-750rpm-c-agua-calie\/","title":{"rendered":"LAVARROPAS WHIRLPOOL WWH13AB 13KG CARGA SUP BLANCO 750RPM C\/ AGUA CALIE"},"content":{"rendered":"<p>* Ciclo Remoci\u00f3n de Manchas Pro Elimina m\u00e1s de 40 tipos de manchas como grasa, desodorante y marcadores de colores, sin da\u00f1ar las ropas. * Ciclo Pelusas y Motas Evita la formaci\u00f3n de bolitas en la ropa, manteni\u00e9ndolas como nuevas por m\u00e1s tiempo. * Ciclo Antial\u00e9rgico Promueve la eliminaci\u00f3n de suavizante y residuos de jab\u00f3n de manera m\u00e1s eficiente. * 13 Kg capacidad. * Agua Caliente. * 750 RPM MEDIDAS DEL PRODUCTO. * Ancho 63 cm. * Alto 107 cm. * Profundidad 71 cm. Im\u00e1genes meramente ilustrativas. Im\u00e1genes e informaci\u00f3n sujetas a cambios sin previo aviso. Detalles t\u00e9cnicos: \u2022 ANCHO: 69,5 CM \u2022 ALTO: 106 CM \u2022 LARGO: 65 CM \u2022 PESO: 13000 GR<\/p>\n","protected":false},"excerpt":{"rendered":"<p>* Ciclo Remoci\u00f3n de Manchas Pro Elimina m\u00e1s de 40 tipos de manchas como grasa, desodorante y marcadores de colores, sin da\u00f1ar las ropas. * Ciclo Pelusas y Motas Evita la formaci\u00f3n de bolitas en la ropa, manteni\u00e9ndolas como nuevas por m\u00e1s tiempo. * Ciclo Antial\u00e9rgico Promueve la eliminaci\u00f3n de suavizante y residuos de jab\u00f3n de manera m\u00e1s eficiente. * 13 Kg capacidad. * Agua Caliente. * 750 RPM MEDIDAS DEL PRODUCTO. * Ancho 63 cm. * Alto 107 cm. * Profundidad 71 cm. Im\u00e1genes meramente ilustrativas. Im\u00e1genes e informaci\u00f3n sujetas a cambios sin previo aviso.<\/p>\n","protected":false},"featured_media":4799,"comment_status":"open","ping_status":"closed","template":"","meta":{"_et_pb_use_builder":"","_et_pb_old_content":"","_et_gb_content_width":""},"product_brand":[],"product_cat":[41],"product_tag":[],"class_list":{"0":"post-703","1":"product","2":"type-product","3":"status-publish","4":"has-post-thumbnail","6":"product_cat-lavado-y-cuidado-de-prendas","8":"first","9":"instock","10":"sale","11":"shipping-taxable","12":"purchasable","13":"product-type-simple"},"_links":{"self":[{"href":"https:\/\/rubi.com.py\/index.php\/wp-json\/wp\/v2\/product\/703","targetHints":{"allow":["GET"]}}],"collection":[{"href":"https:\/\/rubi.com.py\/index.php\/wp-json\/wp\/v2\/product"}],"about":[{"href":"https:\/\/rubi.com.py\/index.php\/wp-json\/wp\/v2\/types\/product"}],"replies":[{"embeddable":true,"href":"https:\/\/rubi.com.py\/index.php\/wp-json\/wp\/v2\/comments?post=703"}],"wp:featuredmedia":[{"embeddable":true,"href":"https:\/\/rubi.com.py\/index.php\/wp-json\/wp\/v2\/media\/4799"}],"wp:attachment":[{"href":"https:\/\/rubi.com.py\/index.php\/wp-json\/wp\/v2\/media?parent=703"}],"wp:term":[{"taxonomy":"product_brand","embeddable":true,"href":"https:\/\/rubi.com.py\/index.php\/wp-json\/wp\/v2\/product_brand?post=703"},{"taxonomy":"product_cat","embeddable":true,"href":"https:\/\/rubi.com.py\/index.php\/wp-json\/wp\/v2\/product_cat?post=703"},{"taxonomy":"product_tag","embeddable":true,"href":"https:\/\/rubi.com.py\/index.php\/wp-json\/wp\/v2\/product_tag?post=703"}],"curies":[{"name":"wp","href":"https:\/\/api.w.org\/{rel}","templated":true}]}}