{"id":710,"date":"2025-10-06T19:30:41","date_gmt":"2025-10-06T17:30:41","guid":{"rendered":"https:\/\/rubi.com.py\/index.php\/producto\/lavarropas-whirlpool-freshcare-wlf902b-9kg-inverter-carga-frontal-1200rpm\/"},"modified":"2026-04-21T23:15:54","modified_gmt":"2026-04-21T21:15:54","slug":"lavarropas-whirlpool-freshcare-wlf902b-9kg-inverter-carga-frontal-1200rpm","status":"publish","type":"product","link":"https:\/\/rubi.com.py\/index.php\/producto\/lavarropas-whirlpool-freshcare-wlf902b-9kg-inverter-carga-frontal-1200rpm\/","title":{"rendered":"LAVARROPAS WHIRLPOOL FRESHCARE WLF902B 9KG INVERTER CARGA FRONTAL 1200RPM"},"content":{"rendered":"<p>FreshCare+ Ropa fresca y sin olores hasta 6 horas despu\u00e9s del lavado. Xpert Inverter Motor m\u00e1s durable, ahorra energ\u00eda. Colours 15\u00b0 Lavado en fr\u00edo, colores brillantes. Lavado r\u00e1pido Renov\u00e1tu ropa en 30 minutos. Panel pantalla grande (pantalla grande). Eficiencia Energ\u00e9tica A +++. Reduce ruido y vibraciones. Tapa Vidrio Blanca. 14 ciclos de lavado. SENSE INVERTER. Peso neto 71 Kg. Potencia 1850W. Capacidad 9 Kg. Capacidad 9 Kg. Lavado r\u00e1pido. 1200RPM. MEDIDAS DEL PRODUCTO. * Ancho 59,5 cm. * Altura 84,5 cm. * Profundidad 63 cm. Im\u00e1genes meramente ilustrativas. Im\u00e1genes e informaci\u00f3n sujetas a cambios sin previo aviso. Detalles t\u00e9cnicos: \u2022 ANCHO: 64 CM \u2022 ALTO: 85,5 CM \u2022 LARGO: 63 CM \u2022 PESO: 9000 GR<\/p>\n","protected":false},"excerpt":{"rendered":"<p>FreshCare+ Ropa fresca y sin olores hasta 6 horas despu\u00e9s del lavado. Xpert Inverter Motor m\u00e1s durable, ahorra energ\u00eda. Colours 15\u00b0 Lavado en fr\u00edo, colores brillantes. Lavado r\u00e1pido Renov\u00e1tu ropa en 30 minutos. Panel pantalla grande (pantalla grande). Eficiencia Energ\u00e9tica A +++. Reduce ruido y vibraciones. Tapa Vidrio Blanca. 14 ciclos de lavado. SENSE INVERTER. Peso neto 71 Kg. Potencia 1850W. Capacidad 9 Kg. Capacidad 9 Kg. Lavado r\u00e1pido. 1200RPM. MEDIDAS DEL PRODUCTO. * Ancho 59,5 cm. * Altura 84,5 cm. * Profundidad 63 cm. Im\u00e1genes meramente ilustrativas. Im\u00e1genes e informaci\u00f3n sujetas a cambios sin previo aviso.<\/p>\n","protected":false},"featured_media":4817,"comment_status":"open","ping_status":"closed","template":"","meta":{"_et_pb_use_builder":"","_et_pb_old_content":"","_et_gb_content_width":""},"product_brand":[],"product_cat":[41],"product_tag":[],"class_list":{"0":"post-710","1":"product","2":"type-product","3":"status-publish","4":"has-post-thumbnail","6":"product_cat-lavado-y-cuidado-de-prendas","8":"first","9":"instock","10":"shipping-taxable","11":"purchasable","12":"product-type-simple"},"_links":{"self":[{"href":"https:\/\/rubi.com.py\/index.php\/wp-json\/wp\/v2\/product\/710","targetHints":{"allow":["GET"]}}],"collection":[{"href":"https:\/\/rubi.com.py\/index.php\/wp-json\/wp\/v2\/product"}],"about":[{"href":"https:\/\/rubi.com.py\/index.php\/wp-json\/wp\/v2\/types\/product"}],"replies":[{"embeddable":true,"href":"https:\/\/rubi.com.py\/index.php\/wp-json\/wp\/v2\/comments?post=710"}],"wp:featuredmedia":[{"embeddable":true,"href":"https:\/\/rubi.com.py\/index.php\/wp-json\/wp\/v2\/media\/4817"}],"wp:attachment":[{"href":"https:\/\/rubi.com.py\/index.php\/wp-json\/wp\/v2\/media?parent=710"}],"wp:term":[{"taxonomy":"product_brand","embeddable":true,"href":"https:\/\/rubi.com.py\/index.php\/wp-json\/wp\/v2\/product_brand?post=710"},{"taxonomy":"product_cat","embeddable":true,"href":"https:\/\/rubi.com.py\/index.php\/wp-json\/wp\/v2\/product_cat?post=710"},{"taxonomy":"product_tag","embeddable":true,"href":"https:\/\/rubi.com.py\/index.php\/wp-json\/wp\/v2\/product_tag?post=710"}],"curies":[{"name":"wp","href":"https:\/\/api.w.org\/{rel}","templated":true}]}}