{"id":712,"date":"2025-10-06T19:31:30","date_gmt":"2025-10-06T17:31:30","guid":{"rendered":"https:\/\/rubi.com.py\/index.php\/producto\/lavarropas-whirlpool-freshcare-wlf752b-7-5kg-inverter-carga-frontal-1200rpm\/"},"modified":"2026-04-21T23:15:21","modified_gmt":"2026-04-21T21:15:21","slug":"lavarropas-whirlpool-freshcare-wlf752b-7-5kg-inverter-carga-frontal-1200rpm","status":"publish","type":"product","link":"https:\/\/rubi.com.py\/index.php\/producto\/lavarropas-whirlpool-freshcare-wlf752b-7-5kg-inverter-carga-frontal-1200rpm\/","title":{"rendered":"LAVARROPAS WHIRLPOOL FRESHCARE WLF752B 7.5KG INVERTER CARGA FRONTAL 1200RPM"},"content":{"rendered":"<p>* FreshCare+ Ropa fresca y sin olores hasta 6 horas despu\u00e9s del lavado. * Colours 15\u00b0 Lavado en fr\u00edo, colores brillantes. * Lavado r\u00e1pido Renov\u00e1 tu ropa en 30 minutos. * Conexi\u00f3n de agua Fr\u00eda con calentador. * Xpert Inverter Motor m\u00e1s durable. * Reduce ruido y vibraciones. * 14 ciclos de lavado. * Capacidad 7,5 Kg. * Ropa sin olores. * Ahorra energ\u00eda. * \u00d3ptimo lavado. * 1200RPM. MEDIDAS DEL PRODUCTO. * Ancho 59,5 cm. * Altura 84,5 cm. * Profundidad 63 cm. Im\u00e1genes meramente ilustrativas. Im\u00e1genes e informaci\u00f3n sujetas a cambios sin previo aviso. Detalles t\u00e9cnicos: \u2022 ANCHO: 65 CM \u2022 ALTO: 86 CM \u2022 LARGO: 62 CM \u2022 PESO: 7500 GR<\/p>\n","protected":false},"excerpt":{"rendered":"<p>* FreshCare+ Ropa fresca y sin olores hasta 6 horas despu\u00e9s del lavado. * Colours 15\u00b0 Lavado en fr\u00edo, colores brillantes. * Lavado r\u00e1pido Renov\u00e1 tu ropa en 30 minutos. * Conexi\u00f3n de agua Fr\u00eda con calentador. * Xpert Inverter Motor m\u00e1s durable. * Reduce ruido y vibraciones. * 14 ciclos de lavado. * Capacidad 7,5 Kg. * Ropa sin olores. * Ahorra energ\u00eda. * \u00d3ptimo lavado. * 1200RPM. MEDIDAS DEL PRODUCTO. * Ancho 59,5 cm. * Altura 84,5 cm. * Profundidad 63 cm. Im\u00e1genes meramente ilustrativas. Im\u00e1genes e informaci\u00f3n sujetas a cambios sin previo aviso.<\/p>\n","protected":false},"featured_media":4816,"comment_status":"open","ping_status":"closed","template":"","meta":{"_et_pb_use_builder":"","_et_pb_old_content":"","_et_gb_content_width":""},"product_brand":[],"product_cat":[41],"product_tag":[],"class_list":{"0":"post-712","1":"product","2":"type-product","3":"status-publish","4":"has-post-thumbnail","6":"product_cat-lavado-y-cuidado-de-prendas","8":"first","9":"instock","10":"shipping-taxable","11":"purchasable","12":"product-type-simple"},"_links":{"self":[{"href":"https:\/\/rubi.com.py\/index.php\/wp-json\/wp\/v2\/product\/712","targetHints":{"allow":["GET"]}}],"collection":[{"href":"https:\/\/rubi.com.py\/index.php\/wp-json\/wp\/v2\/product"}],"about":[{"href":"https:\/\/rubi.com.py\/index.php\/wp-json\/wp\/v2\/types\/product"}],"replies":[{"embeddable":true,"href":"https:\/\/rubi.com.py\/index.php\/wp-json\/wp\/v2\/comments?post=712"}],"wp:featuredmedia":[{"embeddable":true,"href":"https:\/\/rubi.com.py\/index.php\/wp-json\/wp\/v2\/media\/4816"}],"wp:attachment":[{"href":"https:\/\/rubi.com.py\/index.php\/wp-json\/wp\/v2\/media?parent=712"}],"wp:term":[{"taxonomy":"product_brand","embeddable":true,"href":"https:\/\/rubi.com.py\/index.php\/wp-json\/wp\/v2\/product_brand?post=712"},{"taxonomy":"product_cat","embeddable":true,"href":"https:\/\/rubi.com.py\/index.php\/wp-json\/wp\/v2\/product_cat?post=712"},{"taxonomy":"product_tag","embeddable":true,"href":"https:\/\/rubi.com.py\/index.php\/wp-json\/wp\/v2\/product_tag?post=712"}],"curies":[{"name":"wp","href":"https:\/\/api.w.org\/{rel}","templated":true}]}}