{"id":721,"date":"2025-10-06T19:33:03","date_gmt":"2025-10-06T17:33:03","guid":{"rendered":"https:\/\/rubi.com.py\/index.php\/producto\/lavarropas-semiautomatico-10kg-tokyo-lavamax-eco-plus\/"},"modified":"2026-04-21T23:11:48","modified_gmt":"2026-04-21T21:11:48","slug":"lavarropas-semiautomatico-10kg-tokyo-lavamax-eco-plus","status":"publish","type":"product","link":"https:\/\/rubi.com.py\/index.php\/producto\/lavarropas-semiautomatico-10kg-tokyo-lavamax-eco-plus\/","title":{"rendered":"LAVARROPAS SEMIAUTOMATICO 10KG TOKYO LAVAMAX ECO PLUS"},"content":{"rendered":"<p>* 3 remojos y apagado autom\u00e1tico. * Dispensador para jab\u00f3n. * 6 programas de lavado. * Timer de 28 minutos. * Filtro para pelusas. * 3 niveles de agua. * Turbina gigante. Im\u00e1genes meramente ilustrativas. Im\u00e1genes e informaci\u00f3n sujetas a cambios sin previo aviso. Detalles t\u00e9cnicos: \u2022 ANCHO: 50 CM \u2022 ALTO: 96 CM \u2022 LARGO: 55 CM \u2022 PESO: 11500 GR<\/p>\n","protected":false},"excerpt":{"rendered":"<p>* 3 remojos y apagado autom\u00e1tico. * Dispensador para jab\u00f3n. * 6 programas de lavado. * Timer de 28 minutos. * Filtro para pelusas. * 3 niveles de agua. * Turbina gigante. Im\u00e1genes meramente ilustrativas. Im\u00e1genes e informaci\u00f3n sujetas a cambios sin previo aviso.<\/p>\n","protected":false},"featured_media":4811,"comment_status":"open","ping_status":"closed","template":"","meta":{"_et_pb_use_builder":"","_et_pb_old_content":"","_et_gb_content_width":""},"product_brand":[],"product_cat":[41],"product_tag":[],"class_list":{"0":"post-721","1":"product","2":"type-product","3":"status-publish","4":"has-post-thumbnail","6":"product_cat-lavado-y-cuidado-de-prendas","8":"first","9":"instock","10":"shipping-taxable","11":"purchasable","12":"product-type-simple"},"_links":{"self":[{"href":"https:\/\/rubi.com.py\/index.php\/wp-json\/wp\/v2\/product\/721","targetHints":{"allow":["GET"]}}],"collection":[{"href":"https:\/\/rubi.com.py\/index.php\/wp-json\/wp\/v2\/product"}],"about":[{"href":"https:\/\/rubi.com.py\/index.php\/wp-json\/wp\/v2\/types\/product"}],"replies":[{"embeddable":true,"href":"https:\/\/rubi.com.py\/index.php\/wp-json\/wp\/v2\/comments?post=721"}],"wp:featuredmedia":[{"embeddable":true,"href":"https:\/\/rubi.com.py\/index.php\/wp-json\/wp\/v2\/media\/4811"}],"wp:attachment":[{"href":"https:\/\/rubi.com.py\/index.php\/wp-json\/wp\/v2\/media?parent=721"}],"wp:term":[{"taxonomy":"product_brand","embeddable":true,"href":"https:\/\/rubi.com.py\/index.php\/wp-json\/wp\/v2\/product_brand?post=721"},{"taxonomy":"product_cat","embeddable":true,"href":"https:\/\/rubi.com.py\/index.php\/wp-json\/wp\/v2\/product_cat?post=721"},{"taxonomy":"product_tag","embeddable":true,"href":"https:\/\/rubi.com.py\/index.php\/wp-json\/wp\/v2\/product_tag?post=721"}],"curies":[{"name":"wp","href":"https:\/\/api.w.org\/{rel}","templated":true}]}}