{"id":728,"date":"2025-10-06T19:34:17","date_gmt":"2025-10-06T17:34:17","guid":{"rendered":"https:\/\/rubi.com.py\/index.php\/producto\/lavarropas-mas-secarropas-maytag-mod-mle22pnagw-9kgs-1000rpm\/"},"modified":"2026-04-21T23:09:55","modified_gmt":"2026-04-21T21:09:55","slug":"lavarropas-mas-secarropas-maytag-mod-mle22pnagw-9kgs-1000rpm","status":"publish","type":"product","link":"https:\/\/rubi.com.py\/index.php\/producto\/lavarropas-mas-secarropas-maytag-mod-mle22pnagw-9kgs-1000rpm\/","title":{"rendered":"LAVARROPAS MAS SECARROPAS MAYTAG MOD MLE22PNAGW 9KGS 1000RPM"},"content":{"rendered":"<p>* Sistema de Transmisi\u00f3n DURACORE Dise\u00f1ado para alcanzar una m\u00e1xima duraci\u00f3n y el mejor desempe\u00f1o. Cuenta con sellos pl\u00e1sticos flexibles que impiden el paso de la humedad hacia los ejes y las partes m\u00f3viles. Los rodamientos empleados brindan una rotaci\u00f3n suave y silenciosa. * Tecnolog\u00eda Inteligente de Control Este sistema ayuda a aumentar la eficiencia y productividad del aparato. Permite la configuraci\u00f3n de cada ciclo de acuerdo a la necesidad y se adapta a las exigencias y requerimientos del usuario final. * Centrifugado de \u00daltima Generaci\u00f3n Utilizando una suspensi\u00f3n de 6 puntos de apoyo, aceler\u00f3metro, control progresivo y una bomba de drenaje optimizada, este producto alcanza tiempos precisos y un excelente rendimiento para todo tipo de prendas. * Sistema de Secado TurboVent Una turbina dise\u00f1ada especialmente para cargas pesadas, junto con un tambor interno de gran tama\u00f1o permiten reducir el tiempo de secado y bajar el consumo de energ\u00eda. IMAGEN ILUSTRATIVA. Detalles t\u00e9cnicos: \u2022 ANCHO: 87 CM \u2022 ALTO: 192 CM \u2022 LARGO: 74 CM \u2022 PESO: 173700 GR<\/p>\n","protected":false},"excerpt":{"rendered":"<p>* Sistema de Transmisi\u00f3n DURACORE Dise\u00f1ado para alcanzar una m\u00e1xima duraci\u00f3n y el mejor desempe\u00f1o. Cuenta con sellos pl\u00e1sticos flexibles que impiden el paso de la humedad hacia los ejes y las partes m\u00f3viles. Los rodamientos empleados brindan una rotaci\u00f3n suave y silenciosa. * Tecnolog\u00eda Inteligente de Control Este sistema ayuda a aumentar la eficiencia y productividad del aparato. Permite la configuraci\u00f3n de cada ciclo de acuerdo a la necesidad y se adapta a las exigencias y requerimientos del usuario final. * Centrifugado de \u00daltima Generaci\u00f3n Utilizando una suspensi\u00f3n de 6 puntos de apoyo, aceler\u00f3metro, control progresivo y una bomba de drenaje optimizada, este producto alcanza tiempos precisos y un excelente rendimiento para todo tipo de prendas. * Sistema de Secado TurboVent Una turbina dise\u00f1ada especialmente para cargas pesadas, junto con un tambor interno de gran tama\u00f1o permiten reducir el tiempo de secado y bajar el consumo de energ\u00eda. IMAGEN ILUSTRATIVA.<\/p>\n","protected":false},"featured_media":4808,"comment_status":"open","ping_status":"closed","template":"","meta":{"_et_pb_use_builder":"","_et_pb_old_content":"","_et_gb_content_width":""},"product_brand":[],"product_cat":[41],"product_tag":[],"class_list":{"0":"post-728","1":"product","2":"type-product","3":"status-publish","4":"has-post-thumbnail","6":"product_cat-lavado-y-cuidado-de-prendas","8":"first","9":"instock","10":"shipping-taxable","11":"purchasable","12":"product-type-simple"},"_links":{"self":[{"href":"https:\/\/rubi.com.py\/index.php\/wp-json\/wp\/v2\/product\/728","targetHints":{"allow":["GET"]}}],"collection":[{"href":"https:\/\/rubi.com.py\/index.php\/wp-json\/wp\/v2\/product"}],"about":[{"href":"https:\/\/rubi.com.py\/index.php\/wp-json\/wp\/v2\/types\/product"}],"replies":[{"embeddable":true,"href":"https:\/\/rubi.com.py\/index.php\/wp-json\/wp\/v2\/comments?post=728"}],"wp:featuredmedia":[{"embeddable":true,"href":"https:\/\/rubi.com.py\/index.php\/wp-json\/wp\/v2\/media\/4808"}],"wp:attachment":[{"href":"https:\/\/rubi.com.py\/index.php\/wp-json\/wp\/v2\/media?parent=728"}],"wp:term":[{"taxonomy":"product_brand","embeddable":true,"href":"https:\/\/rubi.com.py\/index.php\/wp-json\/wp\/v2\/product_brand?post=728"},{"taxonomy":"product_cat","embeddable":true,"href":"https:\/\/rubi.com.py\/index.php\/wp-json\/wp\/v2\/product_cat?post=728"},{"taxonomy":"product_tag","embeddable":true,"href":"https:\/\/rubi.com.py\/index.php\/wp-json\/wp\/v2\/product_tag?post=728"}],"curies":[{"name":"wp","href":"https:\/\/api.w.org\/{rel}","templated":true}]}}