{"id":735,"date":"2025-10-06T19:36:04","date_gmt":"2025-10-06T17:36:04","guid":{"rendered":"https:\/\/rubi.com.py\/index.php\/producto\/lavarropas-automatica-tokyo-cecilia-clean-mas-slim-6kg-1000rpm\/"},"modified":"2026-04-22T13:19:08","modified_gmt":"2026-04-22T11:19:08","slug":"lavarropas-automatica-tokyo-cecilia-clean-mas-slim-6kg-1000rpm","status":"publish","type":"product","link":"https:\/\/rubi.com.py\/index.php\/producto\/lavarropas-automatica-tokyo-cecilia-clean-mas-slim-6kg-1000rpm\/","title":{"rendered":"LAVARROPAS AUTOMATICA TOKYO CECILIA CLEAN MAS SLIM 6KG 1000RPM"},"content":{"rendered":"<p>* Potencia 2050W. * 15 programas. * Categor\u00eda Energ\u00e9tica A+. * Con Bloqueo para ni\u00f1os. * Velocidad m\u00e1xima 1000 RPM. * Temperatura m\u00e1x. del agua 90 \u00baC. * Filtro de pelusas. * 6 kg Capacidad. MEDIDAS DEL PRODUCTO. * Ancho 60 cm. * Altura 85 cm. * Profundidad 54 cm. Im\u00e1genes meramente ilustrativas. Im\u00e1genes e informaci\u00f3n sujetas a cambios sin previo aviso. Detalles t\u00e9cnicos: \u2022 TENSION ELECTRICA: 220-240 VOLTIOS \u2022 FRECUENCIA ELECTRICA: 50 HERTZ \u2022 POTENCIA: 2050 Watts \u2022 ANCHO: 50 CM \u2022 ALTO: 88,5 CM \u2022 LARGO: 65,5 CM \u2022 PESO: 54000 GR<\/p>\n","protected":false},"excerpt":{"rendered":"<p>* Potencia 2050W. * 15 programas. * Categor\u00eda Energ\u00e9tica A+. * Con Bloqueo para ni\u00f1os. * Velocidad m\u00e1xima 1000 RPM. * Temperatura m\u00e1x. del agua 90 \u00baC. * Filtro de pelusas. * 6 kg Capacidad. MEDIDAS DEL PRODUCTO. * Ancho 60 cm. * Altura 85 cm. * Profundidad 54 cm. Im\u00e1genes meramente ilustrativas. Im\u00e1genes e informaci\u00f3n sujetas a cambios sin previo aviso.<\/p>\n","protected":false},"featured_media":4828,"comment_status":"open","ping_status":"closed","template":"","meta":{"_et_pb_use_builder":"","_et_pb_old_content":"","_et_gb_content_width":""},"product_brand":[],"product_cat":[41],"product_tag":[],"class_list":{"0":"post-735","1":"product","2":"type-product","3":"status-publish","4":"has-post-thumbnail","6":"product_cat-lavado-y-cuidado-de-prendas","8":"first","9":"instock","10":"shipping-taxable","11":"purchasable","12":"product-type-simple"},"_links":{"self":[{"href":"https:\/\/rubi.com.py\/index.php\/wp-json\/wp\/v2\/product\/735","targetHints":{"allow":["GET"]}}],"collection":[{"href":"https:\/\/rubi.com.py\/index.php\/wp-json\/wp\/v2\/product"}],"about":[{"href":"https:\/\/rubi.com.py\/index.php\/wp-json\/wp\/v2\/types\/product"}],"replies":[{"embeddable":true,"href":"https:\/\/rubi.com.py\/index.php\/wp-json\/wp\/v2\/comments?post=735"}],"wp:featuredmedia":[{"embeddable":true,"href":"https:\/\/rubi.com.py\/index.php\/wp-json\/wp\/v2\/media\/4828"}],"wp:attachment":[{"href":"https:\/\/rubi.com.py\/index.php\/wp-json\/wp\/v2\/media?parent=735"}],"wp:term":[{"taxonomy":"product_brand","embeddable":true,"href":"https:\/\/rubi.com.py\/index.php\/wp-json\/wp\/v2\/product_brand?post=735"},{"taxonomy":"product_cat","embeddable":true,"href":"https:\/\/rubi.com.py\/index.php\/wp-json\/wp\/v2\/product_cat?post=735"},{"taxonomy":"product_tag","embeddable":true,"href":"https:\/\/rubi.com.py\/index.php\/wp-json\/wp\/v2\/product_tag?post=735"}],"curies":[{"name":"wp","href":"https:\/\/api.w.org\/{rel}","templated":true}]}}