{"id":738,"date":"2025-10-06T19:36:42","date_gmt":"2025-10-06T17:36:42","guid":{"rendered":"https:\/\/rubi.com.py\/index.php\/producto\/lavarropas-arno-lavete-extreme-ml91-10kg-400w-func-extra\/"},"modified":"2026-04-22T13:18:31","modified_gmt":"2026-04-22T11:18:31","slug":"lavarropas-arno-lavete-extreme-ml91-10kg-400w-func-extra","status":"publish","type":"product","link":"https:\/\/rubi.com.py\/index.php\/producto\/lavarropas-arno-lavete-extreme-ml91-10kg-400w-func-extra\/","title":{"rendered":"LAVARROPAS ARNO LAVETE EXTREME ML91 10KG 400W FUNC EXTRA"},"content":{"rendered":"<p>* Sistema Cyclonic 3D, que proporciona un alto movimiento del agua en toda la m\u00e1quina, lo que permite eliminar la suciedad de la ropa m\u00e1s f\u00e1cilmente. * Su potente y exclusivo Extreme Cycle garantiza m\u00e1s tiempo de remojo y lavado de ropa, dando la mejor eficiencia de lavado en la categor\u00eda. * Nuevo dispensador Maxx permite la dosificaci\u00f3n ideal de jab\u00f3n y suavizante, sin desperdicio y con excelente disoluci\u00f3n para ropa m\u00e1s limpia. * Capacidad de 10 kg para lavar hasta 36 toallas corporales, 22 fundas de almohada y 3 s\u00e1banas. * CICLO EXTREMO, para lavado profundo, alfombra y edred\u00f3n. * Alta durabilidad para lavar m\u00e1s de 2.400 veces. * Filtro integrado sistema de filtraci\u00f3n m\u00faltiple. * Consumo (kW &#8211; h * &#8211; mes) 0,1. * 5 programas de lavado. * Potencia 400 W. * Funda extra\u00edble, * Volumen 10KG. Im\u00e1genes meramente ilustrativas. Im\u00e1genes e informaci\u00f3n sujetas a cambios sin previo aviso. Detalles t\u00e9cnicos: \u2022 POTENCIA: 400 Watts \u2022 CAPACIDAD: 10 kilogramo \u2022 ANCHO: 54 CM \u2022 ALTO: 96 CM \u2022 LARGO: 52 CM \u2022 PESO: 13600 GR<\/p>\n","protected":false},"excerpt":{"rendered":"<p>* Sistema Cyclonic 3D, que proporciona un alto movimiento del agua en toda la m\u00e1quina, lo que permite eliminar la suciedad de la ropa m\u00e1s f\u00e1cilmente. * Su potente y exclusivo Extreme Cycle garantiza m\u00e1s tiempo de remojo y lavado de ropa, dando la mejor eficiencia de lavado en la categor\u00eda. * Nuevo dispensador Maxx permite la dosificaci\u00f3n ideal de jab\u00f3n y suavizante, sin desperdicio y con excelente disoluci\u00f3n para ropa m\u00e1s limpia. * Capacidad de 10 kg para lavar hasta 36 toallas corporales, 22 fundas de almohada y 3 s\u00e1banas. * CICLO EXTREMO, para lavado profundo, alfombra y edred\u00f3n. * Alta durabilidad para lavar m\u00e1s de 2.400 veces. * Filtro integrado sistema de filtraci\u00f3n m\u00faltiple. * Consumo (kW &#8211; h * &#8211; mes) 0,1. * 5 programas de lavado. * Potencia 400 W. * Funda extra\u00edble, * Volumen 10KG. Im\u00e1genes meramente ilustrativas. Im\u00e1genes e informaci\u00f3n sujetas a cambios sin previo aviso.<\/p>\n","protected":false},"featured_media":4826,"comment_status":"open","ping_status":"closed","template":"","meta":{"_et_pb_use_builder":"","_et_pb_old_content":"","_et_gb_content_width":""},"product_brand":[],"product_cat":[41],"product_tag":[],"class_list":{"0":"post-738","1":"product","2":"type-product","3":"status-publish","4":"has-post-thumbnail","6":"product_cat-lavado-y-cuidado-de-prendas","8":"first","9":"instock","10":"shipping-taxable","11":"purchasable","12":"product-type-simple"},"_links":{"self":[{"href":"https:\/\/rubi.com.py\/index.php\/wp-json\/wp\/v2\/product\/738","targetHints":{"allow":["GET"]}}],"collection":[{"href":"https:\/\/rubi.com.py\/index.php\/wp-json\/wp\/v2\/product"}],"about":[{"href":"https:\/\/rubi.com.py\/index.php\/wp-json\/wp\/v2\/types\/product"}],"replies":[{"embeddable":true,"href":"https:\/\/rubi.com.py\/index.php\/wp-json\/wp\/v2\/comments?post=738"}],"wp:featuredmedia":[{"embeddable":true,"href":"https:\/\/rubi.com.py\/index.php\/wp-json\/wp\/v2\/media\/4826"}],"wp:attachment":[{"href":"https:\/\/rubi.com.py\/index.php\/wp-json\/wp\/v2\/media?parent=738"}],"wp:term":[{"taxonomy":"product_brand","embeddable":true,"href":"https:\/\/rubi.com.py\/index.php\/wp-json\/wp\/v2\/product_brand?post=738"},{"taxonomy":"product_cat","embeddable":true,"href":"https:\/\/rubi.com.py\/index.php\/wp-json\/wp\/v2\/product_cat?post=738"},{"taxonomy":"product_tag","embeddable":true,"href":"https:\/\/rubi.com.py\/index.php\/wp-json\/wp\/v2\/product_tag?post=738"}],"curies":[{"name":"wp","href":"https:\/\/api.w.org\/{rel}","templated":true}]}}