{"id":740,"date":"2025-10-06T19:37:09","date_gmt":"2025-10-06T17:37:09","guid":{"rendered":"https:\/\/rubi.com.py\/index.php\/producto\/lavarropas-arno-lavete-eco-ml81-10kg-400w\/"},"modified":"2026-04-22T13:18:14","modified_gmt":"2026-04-22T11:18:14","slug":"lavarropas-arno-lavete-eco-ml81-10kg-400w","status":"publish","type":"product","link":"https:\/\/rubi.com.py\/index.php\/producto\/lavarropas-arno-lavete-eco-ml81-10kg-400w\/","title":{"rendered":"LAVARROPAS ARNO LAVETE ECO ML81 10KG 400W"},"content":{"rendered":"<p>* 5 programas de lavado (S\u00faper r\u00e1pido, ropa interior r\u00e1pido, seda y tejidos finos d\u00eda a d\u00eda, para algod\u00f3n, ropa de cama y ba\u00f1o completo, para jeans y pantalones deportivos y super completo, para alfombra y edred\u00f3n. * Nuevo dispensador Maxx permite la dosificaci\u00f3n ideal de jab\u00f3n y suavizante, sin desperdicio y con excelente disoluci\u00f3n para ropa m\u00e1s limpia. * Sistema Cyclonic 3D, alto movimiento de agua en toda la m\u00e1quina, lo que permite eliminar la suciedad de la ropa con mayor facilidad. * Capacidad de 10 kg para lavar hasta 18 s\u00e1banas extragrandes. * Alta durabilidad para lavar m\u00e1s de 2.400 veces. * Filtro integrado sistema de filtraci\u00f3n m\u00faltiple. * Bajo consumo de agua y energ\u00eda. * Consumo (kW &#8211; h * &#8211; mes) 0,08. * Potencia 400 W. * Volumen 10KG. * Funda extra\u00edble. Im\u00e1genes meramente ilustrativas. Im\u00e1genes e informaci\u00f3n sujetas a cambios sin previo aviso. Detalles t\u00e9cnicos: \u2022 POTENCIA: 400 Watts \u2022 CAPACIDAD: 10 kilogramo \u2022 ANCHO: 52 CM \u2022 ALTO: 96 CM \u2022 LARGO: 54 CM \u2022 PESO: 13600 GR<\/p>\n","protected":false},"excerpt":{"rendered":"<p>* 5 programas de lavado (S\u00faper r\u00e1pido, ropa interior r\u00e1pido, seda y tejidos finos d\u00eda a d\u00eda, para algod\u00f3n, ropa de cama y ba\u00f1o completo, para jeans y pantalones deportivos y super completo, para alfombra y edred\u00f3n. * Nuevo dispensador Maxx permite la dosificaci\u00f3n ideal de jab\u00f3n y suavizante, sin desperdicio y con excelente disoluci\u00f3n para ropa m\u00e1s limpia. * Sistema Cyclonic 3D, alto movimiento de agua en toda la m\u00e1quina, lo que permite eliminar la suciedad de la ropa con mayor facilidad. * Capacidad de 10 kg para lavar hasta 18 s\u00e1banas extragrandes. * Alta durabilidad para lavar m\u00e1s de 2.400 veces. * Filtro integrado sistema de filtraci\u00f3n m\u00faltiple. * Bajo consumo de agua y energ\u00eda. * Consumo (kW &#8211; h * &#8211; mes) 0,08. * Potencia 400 W. * Volumen 10KG. * Funda extra\u00edble. Im\u00e1genes meramente ilustrativas. Im\u00e1genes e informaci\u00f3n sujetas a cambios sin previo aviso.<\/p>\n","protected":false},"featured_media":4825,"comment_status":"open","ping_status":"closed","template":"","meta":{"_et_pb_use_builder":"","_et_pb_old_content":"","_et_gb_content_width":""},"product_brand":[],"product_cat":[41],"product_tag":[],"class_list":{"0":"post-740","1":"product","2":"type-product","3":"status-publish","4":"has-post-thumbnail","6":"product_cat-lavado-y-cuidado-de-prendas","8":"first","9":"instock","10":"shipping-taxable","11":"purchasable","12":"product-type-simple"},"_links":{"self":[{"href":"https:\/\/rubi.com.py\/index.php\/wp-json\/wp\/v2\/product\/740","targetHints":{"allow":["GET"]}}],"collection":[{"href":"https:\/\/rubi.com.py\/index.php\/wp-json\/wp\/v2\/product"}],"about":[{"href":"https:\/\/rubi.com.py\/index.php\/wp-json\/wp\/v2\/types\/product"}],"replies":[{"embeddable":true,"href":"https:\/\/rubi.com.py\/index.php\/wp-json\/wp\/v2\/comments?post=740"}],"wp:featuredmedia":[{"embeddable":true,"href":"https:\/\/rubi.com.py\/index.php\/wp-json\/wp\/v2\/media\/4825"}],"wp:attachment":[{"href":"https:\/\/rubi.com.py\/index.php\/wp-json\/wp\/v2\/media?parent=740"}],"wp:term":[{"taxonomy":"product_brand","embeddable":true,"href":"https:\/\/rubi.com.py\/index.php\/wp-json\/wp\/v2\/product_brand?post=740"},{"taxonomy":"product_cat","embeddable":true,"href":"https:\/\/rubi.com.py\/index.php\/wp-json\/wp\/v2\/product_cat?post=740"},{"taxonomy":"product_tag","embeddable":true,"href":"https:\/\/rubi.com.py\/index.php\/wp-json\/wp\/v2\/product_tag?post=740"}],"curies":[{"name":"wp","href":"https:\/\/api.w.org\/{rel}","templated":true}]}}