{"id":744,"date":"2025-10-06T19:38:53","date_gmt":"2025-10-06T17:38:53","guid":{"rendered":"https:\/\/rubi.com.py\/index.php\/producto\/kit-cortapelo-facial-remington-mod-pg6125-r-220v-adaptador\/"},"modified":"2026-04-22T13:09:37","modified_gmt":"2026-04-22T11:09:37","slug":"kit-cortapelo-facial-remington-mod-pg6125-r-220v-adaptador","status":"publish","type":"product","link":"https:\/\/rubi.com.py\/index.php\/producto\/kit-cortapelo-facial-remington-mod-pg6125-r-220v-adaptador\/","title":{"rendered":"KIT CORTAPELO FACIAL REMINGTON MOD PG6125-R  220V + ADAPTADOR"},"content":{"rendered":"<p>* Peines intercambiables lavables y de f\u00e1cil limpieza. * Hasta 65 minutos de uso sin cable. * Cuchillas de acero quir\u00fargico. * Carga completa en 4 horas. * Bater\u00eda Lithium Power. INCLUYE. * 1 Cortador de vello para nariz y o\u00eddos. * 1 Gu\u00eda de utilizaci\u00f3n y cuidados. * 1 Peine para cortar el cabello. * 1 Bolsa de almacenamiento. * 1 Cortador para detalles. * 1 Adaptador de carga. * 1 Mini afeitadora. * 3 Peines de gu\u00eda. Im\u00e1genes meramente ilustrativas. Im\u00e1genes e informaci\u00f3n sujetas a cambios sin previo aviso. Detalles t\u00e9cnicos: \u2022 ANCHO: 8,1 CM \u2022 ALTO: 26 CM \u2022 LARGO: 14,4 CM \u2022 PESO: 1000 GR<\/p>\n","protected":false},"excerpt":{"rendered":"<p>* Peines intercambiables lavables y de f\u00e1cil limpieza. * Hasta 65 minutos de uso sin cable. * Cuchillas de acero quir\u00fargico. * Carga completa en 4 horas. * Bater\u00eda Lithium Power. INCLUYE. * 1 Cortador de vello para nariz y o\u00eddos. * 1 Gu\u00eda de utilizaci\u00f3n y cuidados. * 1 Peine para cortar el cabello. * 1 Bolsa de almacenamiento. * 1 Cortador para detalles. * 1 Adaptador de carga. * 1 Mini afeitadora. * 3 Peines de gu\u00eda. Im\u00e1genes meramente ilustrativas. Im\u00e1genes e informaci\u00f3n sujetas a cambios sin previo aviso.<\/p>\n","protected":false},"featured_media":4822,"comment_status":"open","ping_status":"closed","template":"","meta":{"_et_pb_use_builder":"","_et_pb_old_content":"","_et_gb_content_width":""},"product_brand":[],"product_cat":[45],"product_tag":[],"class_list":{"0":"post-744","1":"product","2":"type-product","3":"status-publish","4":"has-post-thumbnail","6":"product_cat-salud-y-belleza","8":"first","9":"instock","10":"shipping-taxable","11":"purchasable","12":"product-type-simple"},"_links":{"self":[{"href":"https:\/\/rubi.com.py\/index.php\/wp-json\/wp\/v2\/product\/744","targetHints":{"allow":["GET"]}}],"collection":[{"href":"https:\/\/rubi.com.py\/index.php\/wp-json\/wp\/v2\/product"}],"about":[{"href":"https:\/\/rubi.com.py\/index.php\/wp-json\/wp\/v2\/types\/product"}],"replies":[{"embeddable":true,"href":"https:\/\/rubi.com.py\/index.php\/wp-json\/wp\/v2\/comments?post=744"}],"wp:featuredmedia":[{"embeddable":true,"href":"https:\/\/rubi.com.py\/index.php\/wp-json\/wp\/v2\/media\/4822"}],"wp:attachment":[{"href":"https:\/\/rubi.com.py\/index.php\/wp-json\/wp\/v2\/media?parent=744"}],"wp:term":[{"taxonomy":"product_brand","embeddable":true,"href":"https:\/\/rubi.com.py\/index.php\/wp-json\/wp\/v2\/product_brand?post=744"},{"taxonomy":"product_cat","embeddable":true,"href":"https:\/\/rubi.com.py\/index.php\/wp-json\/wp\/v2\/product_cat?post=744"},{"taxonomy":"product_tag","embeddable":true,"href":"https:\/\/rubi.com.py\/index.php\/wp-json\/wp\/v2\/product_tag?post=744"}],"curies":[{"name":"wp","href":"https:\/\/api.w.org\/{rel}","templated":true}]}}