{"id":750,"date":"2025-10-06T19:41:15","date_gmt":"2025-10-06T17:41:15","guid":{"rendered":"https:\/\/rubi.com.py\/index.php\/producto\/humidificador-digital-tokyo-3en1-ioniza-purifica-y-aromatiza-4-5lts-indicador-l\/"},"modified":"2026-04-22T13:48:32","modified_gmt":"2026-04-22T11:48:32","slug":"humidificador-digital-tokyo-3en1-ioniza-purifica-y-aromatiza-4-5lts-indicador-l","status":"publish","type":"product","link":"https:\/\/rubi.com.py\/index.php\/producto\/humidificador-digital-tokyo-3en1-ioniza-purifica-y-aromatiza-4-5lts-indicador-l\/","title":{"rendered":"HUMIDIFICADOR DIGITAL TOKYO 3en1 IONIZA, PURIFICA Y AROMATIZA 4.5Lts INDICADOR L"},"content":{"rendered":"<p>* Capacidad 4.5L. * 30W. 220V-50hz. * Doble boquilla. * Salida de niebla de 360. * Modo manual y autom\u00e1tico. * Vol\u00famen de niebla ajustable (3 niveles). * Control de panel t\u00e1ctil con pantalla LCD, indica la humidificaci\u00f3n y la temperatura. * Ajuste y tiempo de humidificaci\u00f3n, luz nocturna arco\u00edris + luz blanca. * Protecci\u00f3n de parada autom\u00e1tica por escasez de agua. * Salida de niebla 350 mlh. * Timer 24 hs. * Funci\u00f3n ani\u00f3nica (Ionizador). Detalles t\u00e9cnicos: \u2022 ANCHO: 21,5 CM \u2022 ALTO: 39,5 CM \u2022 LARGO: 21 CM \u2022 PESO: 1500 GR<\/p>\n","protected":false},"excerpt":{"rendered":"<p>* Capacidad 4.5L. * 30W. 220V-50hz. * Doble boquilla. * Salida de niebla de 360. * Modo manual y autom\u00e1tico. * Vol\u00famen de niebla ajustable (3 niveles). * Control de panel t\u00e1ctil con pantalla LCD, indica la humidificaci\u00f3n y la temperatura. * Ajuste y tiempo de humidificaci\u00f3n, luz nocturna arco\u00edris + luz blanca. * Protecci\u00f3n de parada autom\u00e1tica por escasez de agua. * Salida de niebla 350 mlh. * Timer 24 hs. * Funci\u00f3n ani\u00f3nica (Ionizador).<\/p>\n","protected":false},"featured_media":4847,"comment_status":"open","ping_status":"closed","template":"","meta":{"_et_pb_use_builder":"","_et_pb_old_content":"","_et_gb_content_width":""},"product_brand":[],"product_cat":[38],"product_tag":[],"class_list":{"0":"post-750","1":"product","2":"type-product","3":"status-publish","4":"has-post-thumbnail","6":"product_cat-hogar-y-limpieza","8":"first","9":"instock","10":"shipping-taxable","11":"purchasable","12":"product-type-simple"},"_links":{"self":[{"href":"https:\/\/rubi.com.py\/index.php\/wp-json\/wp\/v2\/product\/750","targetHints":{"allow":["GET"]}}],"collection":[{"href":"https:\/\/rubi.com.py\/index.php\/wp-json\/wp\/v2\/product"}],"about":[{"href":"https:\/\/rubi.com.py\/index.php\/wp-json\/wp\/v2\/types\/product"}],"replies":[{"embeddable":true,"href":"https:\/\/rubi.com.py\/index.php\/wp-json\/wp\/v2\/comments?post=750"}],"wp:featuredmedia":[{"embeddable":true,"href":"https:\/\/rubi.com.py\/index.php\/wp-json\/wp\/v2\/media\/4847"}],"wp:attachment":[{"href":"https:\/\/rubi.com.py\/index.php\/wp-json\/wp\/v2\/media?parent=750"}],"wp:term":[{"taxonomy":"product_brand","embeddable":true,"href":"https:\/\/rubi.com.py\/index.php\/wp-json\/wp\/v2\/product_brand?post=750"},{"taxonomy":"product_cat","embeddable":true,"href":"https:\/\/rubi.com.py\/index.php\/wp-json\/wp\/v2\/product_cat?post=750"},{"taxonomy":"product_tag","embeddable":true,"href":"https:\/\/rubi.com.py\/index.php\/wp-json\/wp\/v2\/product_tag?post=750"}],"curies":[{"name":"wp","href":"https:\/\/api.w.org\/{rel}","templated":true}]}}