{"id":755,"date":"2025-10-06T19:45:20","date_gmt":"2025-10-06T17:45:20","guid":{"rendered":"https:\/\/rubi.com.py\/index.php\/producto\/horno-pizzero-tokyo-18-litros-c-convector-5-funciones\/"},"modified":"2026-04-22T13:32:06","modified_gmt":"2026-04-22T11:32:06","slug":"horno-pizzero-tokyo-18-litros-c-convector-5-funciones","status":"publish","type":"product","link":"https:\/\/rubi.com.py\/index.php\/producto\/horno-pizzero-tokyo-18-litros-c-convector-5-funciones\/","title":{"rendered":"HORNO PIZZERO TOKYO 18 LITROS C\/CONVECTOR 5 FUNCIONES"},"content":{"rendered":"<p>* Funci\u00f3n de tostado para panes, con 3 niveles. * Espacio para una pizza de 30cm. * Temperatura m\u00e1xima 300\u00b0C. * Incluye bandeja y rejilla. * Capacidad 18 litros. * Potencia 1.500W. * Timer 60 minutos. Im\u00e1genes meramente ilustrativas. Im\u00e1genes e informaci\u00f3n sujetas a cambios sin previo aviso. Detalles t\u00e9cnicos: \u2022 ANCHO: 58 CM \u2022 ALTO: 29 CM \u2022 LARGO: 51 CM \u2022 PESO: 8000 GR<\/p>\n","protected":false},"excerpt":{"rendered":"<p>* Funci\u00f3n de tostado para panes, con 3 niveles. * Espacio para una pizza de 30cm. * Temperatura m\u00e1xima 300\u00b0C. * Incluye bandeja y rejilla. * Capacidad 18 litros. * Potencia 1.500W. * Timer 60 minutos. Im\u00e1genes meramente ilustrativas. Im\u00e1genes e informaci\u00f3n sujetas a cambios sin previo aviso.<\/p>\n","protected":false},"featured_media":4838,"comment_status":"open","ping_status":"closed","template":"","meta":{"_et_pb_use_builder":"","_et_pb_old_content":"","_et_gb_content_width":""},"product_brand":[],"product_cat":[33],"product_tag":[],"class_list":{"0":"post-755","1":"product","2":"type-product","3":"status-publish","4":"has-post-thumbnail","6":"product_cat-cocina-y-comedor","8":"first","9":"instock","10":"shipping-taxable","11":"purchasable","12":"product-type-simple"},"_links":{"self":[{"href":"https:\/\/rubi.com.py\/index.php\/wp-json\/wp\/v2\/product\/755","targetHints":{"allow":["GET"]}}],"collection":[{"href":"https:\/\/rubi.com.py\/index.php\/wp-json\/wp\/v2\/product"}],"about":[{"href":"https:\/\/rubi.com.py\/index.php\/wp-json\/wp\/v2\/types\/product"}],"replies":[{"embeddable":true,"href":"https:\/\/rubi.com.py\/index.php\/wp-json\/wp\/v2\/comments?post=755"}],"wp:featuredmedia":[{"embeddable":true,"href":"https:\/\/rubi.com.py\/index.php\/wp-json\/wp\/v2\/media\/4838"}],"wp:attachment":[{"href":"https:\/\/rubi.com.py\/index.php\/wp-json\/wp\/v2\/media?parent=755"}],"wp:term":[{"taxonomy":"product_brand","embeddable":true,"href":"https:\/\/rubi.com.py\/index.php\/wp-json\/wp\/v2\/product_brand?post=755"},{"taxonomy":"product_cat","embeddable":true,"href":"https:\/\/rubi.com.py\/index.php\/wp-json\/wp\/v2\/product_cat?post=755"},{"taxonomy":"product_tag","embeddable":true,"href":"https:\/\/rubi.com.py\/index.php\/wp-json\/wp\/v2\/product_tag?post=755"}],"curies":[{"name":"wp","href":"https:\/\/api.w.org\/{rel}","templated":true}]}}