{"id":757,"date":"2025-10-06T19:45:53","date_gmt":"2025-10-06T17:45:53","guid":{"rendered":"https:\/\/rubi.com.py\/index.php\/producto\/horno-inox-skymsen-400o-con-piedra-refractaria-aislado-termico-anal\/"},"modified":"2026-04-22T13:31:17","modified_gmt":"2026-04-22T11:31:17","slug":"horno-inox-skymsen-400o-con-piedra-refractaria-aislado-termico-anal","status":"publish","type":"product","link":"https:\/\/rubi.com.py\/index.php\/producto\/horno-inox-skymsen-400o-con-piedra-refractaria-aislado-termico-anal\/","title":{"rendered":"HORNO INOX SKYMSEN 400\u00ba CON PIEDRA REFRACTARIA AISLADO TERMICO ANAL"},"content":{"rendered":"<p>* Incluye 2 resistencias, posicionadas en la parte superior e inferior, con controles independientes de temperatura, posibilitando atender una amplia gama de recetas. * Aislamiento t\u00e9rmico especial, en manta cer\u00e1mica, bajo consumo de energ\u00eda y menor tiempo de cocci\u00f3n. * Alcanza hasta 400\u00b0C, atendiendo a todas las pizzer\u00edas, inclusive las m\u00e1s exigentes. * Pizza Lista en 120 seg. (Pizza pre horneada). * Piedra refractaria de alta calidad. * Consumo aproximado 1.7 kw-h. * Potencia del motor 3300 W. * Temperatura m\u00e1xima 400\u00b0C * Tensi\u00f3n El\u00e9ctrica 220 V. * Frecuencia 50 &#8211; 60 Hz * Peso neto 36 kg. * Peso bruto 41 kg MEDIDAS DEL PRODUCTO. * Altura 310 mm. * Largo 700 mm. * Profundidad 710 mm. Im\u00e1genes meramente ilustrativas. Im\u00e1genes e informaci\u00f3n sujetas a cambios sin previo aviso. Detalles t\u00e9cnicos: \u2022 ANCHO: 78 CM \u2022 ALTO: 36,5 CM \u2022 LARGO: 78 CM \u2022 PESO: 16548 GR<\/p>\n","protected":false},"excerpt":{"rendered":"<p>* Incluye 2 resistencias, posicionadas en la parte superior e inferior, con controles independientes de temperatura, posibilitando atender una amplia gama de recetas. * Aislamiento t\u00e9rmico especial, en manta cer\u00e1mica, bajo consumo de energ\u00eda y menor tiempo de cocci\u00f3n. * Alcanza hasta 400\u00b0C, atendiendo a todas las pizzer\u00edas, inclusive las m\u00e1s exigentes. * Pizza Lista en 120 seg. (Pizza pre horneada). * Piedra refractaria de alta calidad. * Consumo aproximado 1.7 kw-h. * Potencia del motor 3300 W. * Temperatura m\u00e1xima 400\u00b0C * Tensi\u00f3n El\u00e9ctrica 220 V. * Frecuencia 50 &#8211; 60 Hz * Peso neto 36 kg. * Peso bruto 41 kg MEDIDAS DEL PRODUCTO. * Altura 310 mm. * Largo 700 mm. * Profundidad 710 mm. Im\u00e1genes meramente ilustrativas. Im\u00e1genes e informaci\u00f3n sujetas a cambios sin previo aviso.<\/p>\n","protected":false},"featured_media":4837,"comment_status":"open","ping_status":"closed","template":"","meta":{"_et_pb_use_builder":"","_et_pb_old_content":"","_et_gb_content_width":""},"product_brand":[],"product_cat":[33],"product_tag":[],"class_list":{"0":"post-757","1":"product","2":"type-product","3":"status-publish","4":"has-post-thumbnail","6":"product_cat-cocina-y-comedor","8":"first","9":"instock","10":"shipping-taxable","11":"purchasable","12":"product-type-simple"},"_links":{"self":[{"href":"https:\/\/rubi.com.py\/index.php\/wp-json\/wp\/v2\/product\/757","targetHints":{"allow":["GET"]}}],"collection":[{"href":"https:\/\/rubi.com.py\/index.php\/wp-json\/wp\/v2\/product"}],"about":[{"href":"https:\/\/rubi.com.py\/index.php\/wp-json\/wp\/v2\/types\/product"}],"replies":[{"embeddable":true,"href":"https:\/\/rubi.com.py\/index.php\/wp-json\/wp\/v2\/comments?post=757"}],"wp:featuredmedia":[{"embeddable":true,"href":"https:\/\/rubi.com.py\/index.php\/wp-json\/wp\/v2\/media\/4837"}],"wp:attachment":[{"href":"https:\/\/rubi.com.py\/index.php\/wp-json\/wp\/v2\/media?parent=757"}],"wp:term":[{"taxonomy":"product_brand","embeddable":true,"href":"https:\/\/rubi.com.py\/index.php\/wp-json\/wp\/v2\/product_brand?post=757"},{"taxonomy":"product_cat","embeddable":true,"href":"https:\/\/rubi.com.py\/index.php\/wp-json\/wp\/v2\/product_cat?post=757"},{"taxonomy":"product_tag","embeddable":true,"href":"https:\/\/rubi.com.py\/index.php\/wp-json\/wp\/v2\/product_tag?post=757"}],"curies":[{"name":"wp","href":"https:\/\/api.w.org\/{rel}","templated":true}]}}