{"id":760,"date":"2025-10-06T19:47:30","date_gmt":"2025-10-06T17:47:30","guid":{"rendered":"https:\/\/rubi.com.py\/index.php\/producto\/horno-electrico-whirlpool-w7om44s1p-73lts-inox-6to-sentido-panel-touch\/"},"modified":"2026-04-22T13:43:25","modified_gmt":"2026-04-22T11:43:25","slug":"horno-electrico-whirlpool-w7om44s1p-73lts-inox-6to-sentido-panel-touch","status":"publish","type":"product","link":"https:\/\/rubi.com.py\/index.php\/producto\/horno-electrico-whirlpool-w7om44s1p-73lts-inox-6to-sentido-panel-touch\/","title":{"rendered":"HORNO ELECTRICO WHIRLPOOL W7OM44S1P 73Lts INOX 6TO SENTIDO PANEL TOUCH"},"content":{"rendered":"<p>* Funci\u00f3n Cook 4 permite cocinar cuatro platos distintos en forma simultanea. * Rejillas con gu\u00edas telesc\u00f3picas. * Tecnolog\u00eda Sexto Sentido. * Eficiencia energ\u00e9tica A+. * Puerta con cierre suave. * Capacidad 73 litros. * Hecho en Italia. * Panel t\u00e1ctil. Im\u00e1genes meramente ilustrativas. Im\u00e1genes e informaci\u00f3n sujetas a cambios sin previo aviso. Detalles t\u00e9cnicos: \u2022 CAPACIDAD: 73 Litros \u2022 ANCHO: 64,3 CM \u2022 ALTO: 66,5 CM \u2022 LARGO: 63 CM \u2022 PESO: 33000 GR<\/p>\n","protected":false},"excerpt":{"rendered":"<p>* Funci\u00f3n Cook 4 permite cocinar cuatro platos distintos en forma simultanea. * Rejillas con gu\u00edas telesc\u00f3picas. * Tecnolog\u00eda Sexto Sentido. * Eficiencia energ\u00e9tica A+. * Puerta con cierre suave. * Capacidad 73 litros. * Hecho en Italia. * Panel t\u00e1ctil. Im\u00e1genes meramente ilustrativas. Im\u00e1genes e informaci\u00f3n sujetas a cambios sin previo aviso.<\/p>\n","protected":false},"featured_media":4846,"comment_status":"open","ping_status":"closed","template":"","meta":{"_et_pb_use_builder":"","_et_pb_old_content":"","_et_gb_content_width":""},"product_brand":[],"product_cat":[33],"product_tag":[],"class_list":{"0":"post-760","1":"product","2":"type-product","3":"status-publish","4":"has-post-thumbnail","6":"product_cat-cocina-y-comedor","8":"first","9":"instock","10":"shipping-taxable","11":"purchasable","12":"product-type-simple"},"_links":{"self":[{"href":"https:\/\/rubi.com.py\/index.php\/wp-json\/wp\/v2\/product\/760","targetHints":{"allow":["GET"]}}],"collection":[{"href":"https:\/\/rubi.com.py\/index.php\/wp-json\/wp\/v2\/product"}],"about":[{"href":"https:\/\/rubi.com.py\/index.php\/wp-json\/wp\/v2\/types\/product"}],"replies":[{"embeddable":true,"href":"https:\/\/rubi.com.py\/index.php\/wp-json\/wp\/v2\/comments?post=760"}],"wp:featuredmedia":[{"embeddable":true,"href":"https:\/\/rubi.com.py\/index.php\/wp-json\/wp\/v2\/media\/4846"}],"wp:attachment":[{"href":"https:\/\/rubi.com.py\/index.php\/wp-json\/wp\/v2\/media?parent=760"}],"wp:term":[{"taxonomy":"product_brand","embeddable":true,"href":"https:\/\/rubi.com.py\/index.php\/wp-json\/wp\/v2\/product_brand?post=760"},{"taxonomy":"product_cat","embeddable":true,"href":"https:\/\/rubi.com.py\/index.php\/wp-json\/wp\/v2\/product_cat?post=760"},{"taxonomy":"product_tag","embeddable":true,"href":"https:\/\/rubi.com.py\/index.php\/wp-json\/wp\/v2\/product_tag?post=760"}],"curies":[{"name":"wp","href":"https:\/\/api.w.org\/{rel}","templated":true}]}}