{"id":763,"date":"2025-10-06T19:48:34","date_gmt":"2025-10-06T17:48:34","guid":{"rendered":"https:\/\/rubi.com.py\/index.php\/producto\/horno-electrico-tokyo-exquisite-45l-300c-espejado\/"},"modified":"2026-04-22T13:28:55","modified_gmt":"2026-04-22T11:28:55","slug":"horno-electrico-tokyo-exquisite-45l-300c-espejado","status":"publish","type":"product","link":"https:\/\/rubi.com.py\/index.php\/producto\/horno-electrico-tokyo-exquisite-45l-300c-espejado\/","title":{"rendered":"HORNO ELECTRICO TOKYO EXQUISITE 45L 300\u00b0C ESPEJADO"},"content":{"rendered":"<p>* Temperatura m\u00e1xima 300\u00b0C. * Puerta con doble vidrio. * Luz interna y luz piloto. * Interior antiadherente. * Bandeja de cocci\u00f3n. * 2 rejillas met\u00e1licas. * Capacidad 45L. * Frente espejado. * Agarradera. MEDIDAS DEL PRODUCTO. MEDIDAS CON PATITAS * Ancho 60 cm. * Alto 43 cm. * Profundidad 35 cm. MEDIDAS SIN PATITAS * Ancho 60 cm. * Alto 43 cm. * Profundidad 33 cm. Im\u00e1genes meramente ilustrativas. Im\u00e1genes e informaci\u00f3n sujetas a cambios sin previo aviso. Detalles t\u00e9cnicos: \u2022 ANCHO: 66 CM \u2022 ALTO: 40 CM \u2022 LARGO: 45 CM \u2022 PESO: 7170 GR<\/p>\n","protected":false},"excerpt":{"rendered":"<p>* Temperatura m\u00e1xima 300\u00b0C. * Puerta con doble vidrio. * Luz interna y luz piloto. * Interior antiadherente. * Bandeja de cocci\u00f3n. * 2 rejillas met\u00e1licas. * Capacidad 45L. * Frente espejado. * Agarradera. MEDIDAS DEL PRODUCTO. MEDIDAS CON PATITAS * Ancho 60 cm. * Alto 43 cm. * Profundidad 35 cm. MEDIDAS SIN PATITAS * Ancho 60 cm. * Alto 43 cm. * Profundidad 33 cm. Im\u00e1genes meramente ilustrativas. Im\u00e1genes e informaci\u00f3n sujetas a cambios sin previo aviso.<\/p>\n","protected":false},"featured_media":4834,"comment_status":"open","ping_status":"closed","template":"","meta":{"_et_pb_use_builder":"","_et_pb_old_content":"","_et_gb_content_width":""},"product_brand":[],"product_cat":[33],"product_tag":[],"class_list":{"0":"post-763","1":"product","2":"type-product","3":"status-publish","4":"has-post-thumbnail","6":"product_cat-cocina-y-comedor","8":"first","9":"instock","10":"shipping-taxable","11":"purchasable","12":"product-type-simple"},"_links":{"self":[{"href":"https:\/\/rubi.com.py\/index.php\/wp-json\/wp\/v2\/product\/763","targetHints":{"allow":["GET"]}}],"collection":[{"href":"https:\/\/rubi.com.py\/index.php\/wp-json\/wp\/v2\/product"}],"about":[{"href":"https:\/\/rubi.com.py\/index.php\/wp-json\/wp\/v2\/types\/product"}],"replies":[{"embeddable":true,"href":"https:\/\/rubi.com.py\/index.php\/wp-json\/wp\/v2\/comments?post=763"}],"wp:featuredmedia":[{"embeddable":true,"href":"https:\/\/rubi.com.py\/index.php\/wp-json\/wp\/v2\/media\/4834"}],"wp:attachment":[{"href":"https:\/\/rubi.com.py\/index.php\/wp-json\/wp\/v2\/media?parent=763"}],"wp:term":[{"taxonomy":"product_brand","embeddable":true,"href":"https:\/\/rubi.com.py\/index.php\/wp-json\/wp\/v2\/product_brand?post=763"},{"taxonomy":"product_cat","embeddable":true,"href":"https:\/\/rubi.com.py\/index.php\/wp-json\/wp\/v2\/product_cat?post=763"},{"taxonomy":"product_tag","embeddable":true,"href":"https:\/\/rubi.com.py\/index.php\/wp-json\/wp\/v2\/product_tag?post=763"}],"curies":[{"name":"wp","href":"https:\/\/api.w.org\/{rel}","templated":true}]}}