{"id":765,"date":"2025-10-06T19:48:55","date_gmt":"2025-10-06T17:48:55","guid":{"rendered":"https:\/\/rubi.com.py\/index.php\/producto\/horno-electrico-tokyo-listo-plus-46lts-negro-2rej-1band-1rec-mig-1agarrad-250\/"},"modified":"2026-04-22T13:28:35","modified_gmt":"2026-04-22T11:28:35","slug":"horno-electrico-tokyo-listo-plus-46lts-negro-2rej-1band-1rec-mig-1agarrad-250","status":"publish","type":"product","link":"https:\/\/rubi.com.py\/index.php\/producto\/horno-electrico-tokyo-listo-plus-46lts-negro-2rej-1band-1rec-mig-1agarrad-250\/","title":{"rendered":"HORNO ELECTRICO TOKYO  LISTO PLUS 46LTS NEGRO 2REJ\/1BAND\/1REC.MIG.\/1AGARRAD. 250"},"content":{"rendered":"<p>* Temporizador hasta 120 minutos. * Temperatura m\u00e1xima 250 \u00baC. * Luz interna y luz piloto. * Capacidad 46 litros. * Potencia 1.800W. INCLUYE * Agarradera de seguridad. * Bandeja de cocci\u00f3n. * Rejilla met\u00e1lica. Im\u00e1genes meramente ilustrativas. Im\u00e1genes e informaci\u00f3n sujetas a cambios sin previo aviso. Detalles t\u00e9cnicos: \u2022 ANCHO: 58,1 CM \u2022 ALTO: 41 CM \u2022 LARGO: 37,6 CM \u2022 PESO: 7170 GR<\/p>\n","protected":false},"excerpt":{"rendered":"<p>* Temporizador hasta 120 minutos. * Temperatura m\u00e1xima 250 \u00baC. * Luz interna y luz piloto. * Capacidad 46 litros. * Potencia 1.800W. INCLUYE * Agarradera de seguridad. * Bandeja de cocci\u00f3n. * Rejilla met\u00e1lica. Im\u00e1genes meramente ilustrativas. Im\u00e1genes e informaci\u00f3n sujetas a cambios sin previo aviso.<\/p>\n","protected":false},"featured_media":4833,"comment_status":"open","ping_status":"closed","template":"","meta":{"_et_pb_use_builder":"","_et_pb_old_content":"","_et_gb_content_width":""},"product_brand":[],"product_cat":[33],"product_tag":[],"class_list":{"0":"post-765","1":"product","2":"type-product","3":"status-publish","4":"has-post-thumbnail","6":"product_cat-cocina-y-comedor","8":"first","9":"instock","10":"shipping-taxable","11":"purchasable","12":"product-type-simple"},"_links":{"self":[{"href":"https:\/\/rubi.com.py\/index.php\/wp-json\/wp\/v2\/product\/765","targetHints":{"allow":["GET"]}}],"collection":[{"href":"https:\/\/rubi.com.py\/index.php\/wp-json\/wp\/v2\/product"}],"about":[{"href":"https:\/\/rubi.com.py\/index.php\/wp-json\/wp\/v2\/types\/product"}],"replies":[{"embeddable":true,"href":"https:\/\/rubi.com.py\/index.php\/wp-json\/wp\/v2\/comments?post=765"}],"wp:featuredmedia":[{"embeddable":true,"href":"https:\/\/rubi.com.py\/index.php\/wp-json\/wp\/v2\/media\/4833"}],"wp:attachment":[{"href":"https:\/\/rubi.com.py\/index.php\/wp-json\/wp\/v2\/media?parent=765"}],"wp:term":[{"taxonomy":"product_brand","embeddable":true,"href":"https:\/\/rubi.com.py\/index.php\/wp-json\/wp\/v2\/product_brand?post=765"},{"taxonomy":"product_cat","embeddable":true,"href":"https:\/\/rubi.com.py\/index.php\/wp-json\/wp\/v2\/product_cat?post=765"},{"taxonomy":"product_tag","embeddable":true,"href":"https:\/\/rubi.com.py\/index.php\/wp-json\/wp\/v2\/product_tag?post=765"}],"curies":[{"name":"wp","href":"https:\/\/api.w.org\/{rel}","templated":true}]}}