{"id":767,"date":"2025-10-06T19:49:35","date_gmt":"2025-10-06T17:49:35","guid":{"rendered":"https:\/\/rubi.com.py\/index.php\/producto\/horno-electrico-ariston-fi7871spixa-73-lts-inox-touch\/"},"modified":"2026-04-22T13:54:19","modified_gmt":"2026-04-22T11:54:19","slug":"horno-electrico-ariston-fi7871spixa-73-lts-inox-touch","status":"publish","type":"product","link":"https:\/\/rubi.com.py\/index.php\/producto\/horno-electrico-ariston-fi7871spixa-73-lts-inox-touch\/","title":{"rendered":"HORNO ELECTRICO ARISTON FI7871SPIXA 73 LTS INOX TOUCH"},"content":{"rendered":"<p>* Grill el\u00e9ctrico &#8211; Luz autom\u00e1tica. * Eficiencia energ\u00e9tica A+. * Rejillas Shelf-Stopper. * Tecnolog\u00eda Multiflow. * Capacidad 73 litros. * Puerta Soft Closing. * Limpieza Pirol\u00edtica. * 17 Funciones. * Panel Touch. MEDIDAS DEL PRODUCTO. * Alto 59,5 cm. * Ancho 59,5 cm. * Profundidad 56,4 cm. Im\u00e1genes meramente ilustrativas. Im\u00e1genes e informaci\u00f3n sujetas a cambios sin previo aviso. Detalles t\u00e9cnicos: \u2022 TENSION ELECTRICA: 220-240 VOLTIOS \u2022 FRECUENCIA ELECTRICA: 50\/60 HERTZ \u2022 POTENCIA: 3650 Watts \u2022 ANCHO: 64,5 CM \u2022 ALTO: 67,5 CM \u2022 LARGO: 63,3 CM \u2022 PESO: 33000 GR<\/p>\n","protected":false},"excerpt":{"rendered":"<p>* Grill el\u00e9ctrico &#8211; Luz autom\u00e1tica. * Eficiencia energ\u00e9tica A+. * Rejillas Shelf-Stopper. * Tecnolog\u00eda Multiflow. * Capacidad 73 litros. * Puerta Soft Closing. * Limpieza Pirol\u00edtica. * 17 Funciones. * Panel Touch. MEDIDAS DEL PRODUCTO. * Alto 59,5 cm. * Ancho 59,5 cm. * Profundidad 56,4 cm. Im\u00e1genes meramente ilustrativas. Im\u00e1genes e informaci\u00f3n sujetas a cambios sin previo aviso.<\/p>\n","protected":false},"featured_media":4860,"comment_status":"open","ping_status":"closed","template":"","meta":{"_et_pb_use_builder":"","_et_pb_old_content":"","_et_gb_content_width":""},"product_brand":[],"product_cat":[33],"product_tag":[],"class_list":{"0":"post-767","1":"product","2":"type-product","3":"status-publish","4":"has-post-thumbnail","6":"product_cat-cocina-y-comedor","8":"first","9":"instock","10":"shipping-taxable","11":"purchasable","12":"product-type-simple"},"_links":{"self":[{"href":"https:\/\/rubi.com.py\/index.php\/wp-json\/wp\/v2\/product\/767","targetHints":{"allow":["GET"]}}],"collection":[{"href":"https:\/\/rubi.com.py\/index.php\/wp-json\/wp\/v2\/product"}],"about":[{"href":"https:\/\/rubi.com.py\/index.php\/wp-json\/wp\/v2\/types\/product"}],"replies":[{"embeddable":true,"href":"https:\/\/rubi.com.py\/index.php\/wp-json\/wp\/v2\/comments?post=767"}],"wp:featuredmedia":[{"embeddable":true,"href":"https:\/\/rubi.com.py\/index.php\/wp-json\/wp\/v2\/media\/4860"}],"wp:attachment":[{"href":"https:\/\/rubi.com.py\/index.php\/wp-json\/wp\/v2\/media?parent=767"}],"wp:term":[{"taxonomy":"product_brand","embeddable":true,"href":"https:\/\/rubi.com.py\/index.php\/wp-json\/wp\/v2\/product_brand?post=767"},{"taxonomy":"product_cat","embeddable":true,"href":"https:\/\/rubi.com.py\/index.php\/wp-json\/wp\/v2\/product_cat?post=767"},{"taxonomy":"product_tag","embeddable":true,"href":"https:\/\/rubi.com.py\/index.php\/wp-json\/wp\/v2\/product_tag?post=767"}],"curies":[{"name":"wp","href":"https:\/\/api.w.org\/{rel}","templated":true}]}}