{"id":779,"date":"2025-10-06T19:53:22","date_gmt":"2025-10-06T17:53:22","guid":{"rendered":"https:\/\/rubi.com.py\/index.php\/producto\/horno-elec-empotrable-tokyo-clara-45l-negro\/"},"modified":"2026-04-22T13:51:19","modified_gmt":"2026-04-22T11:51:19","slug":"horno-elec-empotrable-tokyo-clara-45l-negro","status":"publish","type":"product","link":"https:\/\/rubi.com.py\/index.php\/producto\/horno-elec-empotrable-tokyo-clara-45l-negro\/","title":{"rendered":"HORNO ELEC EMPOTRABLE TOKYO CLARA 45L NEGRO"},"content":{"rendered":"<p>* Recubierto interior especial EASY CLEAN, limpieza m\u00e1s r\u00e1pida y eficiente. * Timer de 120 minutos con aviso sonoro en la finalizaci\u00f3n de la cocci\u00f3n. * Luz interna para mayor visualizaci\u00f3n de tus alimentos. * Rejilla y bandeja esmaltada removibles. * Aislamiento t\u00e9rmico de alta resistencia. * Temperatura regulable 0 a 300 \u00b0C. MEDIDAS DEL PRODUCTO * Ancho57 cm. * Alto 32 cm. * Profundidad 48 cm. MEDIDAS CON EL EMBALADO * Ancho59,6 cm. * Alto 39 cm. * Profundidad 57,2 cm. Im\u00e1genes meramente ilustrativas. Im\u00e1genes e informaci\u00f3n sujetas a cambios sin previo aviso. Detalles t\u00e9cnicos: \u2022 ANCHO: 61 CM \u2022 ALTO: 48 CM \u2022 LARGO: 75 CM \u2022 PESO: 2234 GR<\/p>\n","protected":false},"excerpt":{"rendered":"<p>* Recubierto interior especial EASY CLEAN, limpieza m\u00e1s r\u00e1pida y eficiente. * Timer de 120 minutos con aviso sonoro en la finalizaci\u00f3n de la cocci\u00f3n. * Luz interna para mayor visualizaci\u00f3n de tus alimentos. * Rejilla y bandeja esmaltada removibles. * Aislamiento t\u00e9rmico de alta resistencia. * Temperatura regulable 0 a 300 \u00b0C. MEDIDAS DEL PRODUCTO * Ancho57 cm. * Alto 32 cm. * Profundidad 48 cm. MEDIDAS CON EL EMBALADO * Ancho59,6 cm. * Alto 39 cm. * Profundidad 57,2 cm. Im\u00e1genes meramente ilustrativas. Im\u00e1genes e informaci\u00f3n sujetas a cambios sin previo aviso.<\/p>\n","protected":false},"featured_media":4854,"comment_status":"open","ping_status":"closed","template":"","meta":{"_et_pb_use_builder":"","_et_pb_old_content":"","_et_gb_content_width":""},"product_brand":[],"product_cat":[33],"product_tag":[],"class_list":{"0":"post-779","1":"product","2":"type-product","3":"status-publish","4":"has-post-thumbnail","6":"product_cat-cocina-y-comedor","8":"first","9":"instock","10":"shipping-taxable","11":"purchasable","12":"product-type-simple"},"_links":{"self":[{"href":"https:\/\/rubi.com.py\/index.php\/wp-json\/wp\/v2\/product\/779","targetHints":{"allow":["GET"]}}],"collection":[{"href":"https:\/\/rubi.com.py\/index.php\/wp-json\/wp\/v2\/product"}],"about":[{"href":"https:\/\/rubi.com.py\/index.php\/wp-json\/wp\/v2\/types\/product"}],"replies":[{"embeddable":true,"href":"https:\/\/rubi.com.py\/index.php\/wp-json\/wp\/v2\/comments?post=779"}],"wp:featuredmedia":[{"embeddable":true,"href":"https:\/\/rubi.com.py\/index.php\/wp-json\/wp\/v2\/media\/4854"}],"wp:attachment":[{"href":"https:\/\/rubi.com.py\/index.php\/wp-json\/wp\/v2\/media?parent=779"}],"wp:term":[{"taxonomy":"product_brand","embeddable":true,"href":"https:\/\/rubi.com.py\/index.php\/wp-json\/wp\/v2\/product_brand?post=779"},{"taxonomy":"product_cat","embeddable":true,"href":"https:\/\/rubi.com.py\/index.php\/wp-json\/wp\/v2\/product_cat?post=779"},{"taxonomy":"product_tag","embeddable":true,"href":"https:\/\/rubi.com.py\/index.php\/wp-json\/wp\/v2\/product_tag?post=779"}],"curies":[{"name":"wp","href":"https:\/\/api.w.org\/{rel}","templated":true}]}}