{"id":781,"date":"2025-10-06T19:53:56","date_gmt":"2025-10-06T17:53:56","guid":{"rendered":"https:\/\/rubi.com.py\/index.php\/producto\/horno-air-fryer-tokyo-34-lts-turbo-9-funciones-2000w\/"},"modified":"2026-04-22T13:51:05","modified_gmt":"2026-04-22T11:51:05","slug":"horno-air-fryer-tokyo-34-lts-turbo-9-funciones-2000w","status":"publish","type":"product","link":"https:\/\/rubi.com.py\/index.php\/producto\/horno-air-fryer-tokyo-34-lts-turbo-9-funciones-2000w\/","title":{"rendered":"HORNO AIR FRYER TOKYO 34 LTS TURBO 9 FUNCIONES 2000W"},"content":{"rendered":"<p>* Incluye bandeja, rejilla y canasta. * Temperatura m\u00e1xima 230\u00b0C. * 9 Funciones de cocci\u00f3n. * Puerta doble de vidrio. * Capacidad 34 litros. * Potencia 2.000W. * Timer 60 minutos. Im\u00e1genes meramente ilustrativas. Im\u00e1genes e informaci\u00f3n sujetas a cambios sin previo aviso. Detalles t\u00e9cnicos: \u2022 ANCHO: 45 CM \u2022 ALTO: 42 CM \u2022 LARGO: 56 CM \u2022 PESO: 9000 GR<\/p>\n","protected":false},"excerpt":{"rendered":"<p>* Incluye bandeja, rejilla y canasta. * Temperatura m\u00e1xima 230\u00b0C. * 9 Funciones de cocci\u00f3n. * Puerta doble de vidrio. * Capacidad 34 litros. * Potencia 2.000W. * Timer 60 minutos. Im\u00e1genes meramente ilustrativas. Im\u00e1genes e informaci\u00f3n sujetas a cambios sin previo aviso.<\/p>\n","protected":false},"featured_media":4853,"comment_status":"open","ping_status":"closed","template":"","meta":{"_et_pb_use_builder":"","_et_pb_old_content":"","_et_gb_content_width":""},"product_brand":[],"product_cat":[33],"product_tag":[],"class_list":{"0":"post-781","1":"product","2":"type-product","3":"status-publish","4":"has-post-thumbnail","6":"product_cat-cocina-y-comedor","8":"first","9":"instock","10":"shipping-taxable","11":"purchasable","12":"product-type-simple"},"_links":{"self":[{"href":"https:\/\/rubi.com.py\/index.php\/wp-json\/wp\/v2\/product\/781","targetHints":{"allow":["GET"]}}],"collection":[{"href":"https:\/\/rubi.com.py\/index.php\/wp-json\/wp\/v2\/product"}],"about":[{"href":"https:\/\/rubi.com.py\/index.php\/wp-json\/wp\/v2\/types\/product"}],"replies":[{"embeddable":true,"href":"https:\/\/rubi.com.py\/index.php\/wp-json\/wp\/v2\/comments?post=781"}],"wp:featuredmedia":[{"embeddable":true,"href":"https:\/\/rubi.com.py\/index.php\/wp-json\/wp\/v2\/media\/4853"}],"wp:attachment":[{"href":"https:\/\/rubi.com.py\/index.php\/wp-json\/wp\/v2\/media?parent=781"}],"wp:term":[{"taxonomy":"product_brand","embeddable":true,"href":"https:\/\/rubi.com.py\/index.php\/wp-json\/wp\/v2\/product_brand?post=781"},{"taxonomy":"product_cat","embeddable":true,"href":"https:\/\/rubi.com.py\/index.php\/wp-json\/wp\/v2\/product_cat?post=781"},{"taxonomy":"product_tag","embeddable":true,"href":"https:\/\/rubi.com.py\/index.php\/wp-json\/wp\/v2\/product_tag?post=781"}],"curies":[{"name":"wp","href":"https:\/\/api.w.org\/{rel}","templated":true}]}}