{"id":783,"date":"2025-10-06T19:54:25","date_gmt":"2025-10-06T17:54:25","guid":{"rendered":"https:\/\/rubi.com.py\/index.php\/producto\/hidrolavadora-michelin-mpx19ehds-2vel-1900w-140bar-manguera-6m-c-accesorios\/"},"modified":"2026-04-22T13:50:48","modified_gmt":"2026-04-22T11:50:48","slug":"hidrolavadora-michelin-mpx19ehds-2vel-1900w-140bar-manguera-6m-c-accesorios","status":"publish","type":"product","link":"https:\/\/rubi.com.py\/index.php\/producto\/hidrolavadora-michelin-mpx19ehds-2vel-1900w-140bar-manguera-6m-c-accesorios\/","title":{"rendered":"HIDROLAVADORA MICHELIN MPX19EHDS 2VEL 1900W \/140BAR \/MANGUERA 6M C\/ ACCESORIOS"},"content":{"rendered":"<p>* Temperatura de entrada de agua 50\u00b0C. * Flujo de salida 460 lts-h. * Total stop System. * Potencia 1900 W. * Presi\u00f3n 140 bar. ACCESORIOS * Pistola con conexi\u00f3n r\u00e1pida. * Manguera 6 m y carrete. * Boquilla espumadora. * Boquilla ajustable. * Boquilla rotativa. * Tubo alargador. Im\u00e1genes meramente ilustrativas. Im\u00e1genes e informaci\u00f3n sujetas a cambios sin previo aviso. Detalles t\u00e9cnicos: \u2022 POTENCIA: 1900 Watts \u2022 TENSION ELECTRICA: 220 VOLTIOS \u2022 ANCHO: 35 CM \u2022 ALTO: 76 CM \u2022 LARGO: 36 CM \u2022 PESO: 11,95 GR<\/p>\n","protected":false},"excerpt":{"rendered":"<p>* Temperatura de entrada de agua 50\u00b0C. * Flujo de salida 460 lts-h. * Total stop System. * Potencia 1900 W. * Presi\u00f3n 140 bar. ACCESORIOS * Pistola con conexi\u00f3n r\u00e1pida. * Manguera 6 m y carrete. * Boquilla espumadora. * Boquilla ajustable. * Boquilla rotativa. * Tubo alargador. Im\u00e1genes meramente ilustrativas. Im\u00e1genes e informaci\u00f3n sujetas a cambios sin previo aviso.<\/p>\n","protected":false},"featured_media":4852,"comment_status":"open","ping_status":"closed","template":"","meta":{"_et_pb_use_builder":"","_et_pb_old_content":"","_et_gb_content_width":""},"product_brand":[],"product_cat":[38],"product_tag":[],"class_list":{"0":"post-783","1":"product","2":"type-product","3":"status-publish","4":"has-post-thumbnail","6":"product_cat-hogar-y-limpieza","8":"first","9":"instock","10":"shipping-taxable","11":"purchasable","12":"product-type-simple"},"_links":{"self":[{"href":"https:\/\/rubi.com.py\/index.php\/wp-json\/wp\/v2\/product\/783","targetHints":{"allow":["GET"]}}],"collection":[{"href":"https:\/\/rubi.com.py\/index.php\/wp-json\/wp\/v2\/product"}],"about":[{"href":"https:\/\/rubi.com.py\/index.php\/wp-json\/wp\/v2\/types\/product"}],"replies":[{"embeddable":true,"href":"https:\/\/rubi.com.py\/index.php\/wp-json\/wp\/v2\/comments?post=783"}],"wp:featuredmedia":[{"embeddable":true,"href":"https:\/\/rubi.com.py\/index.php\/wp-json\/wp\/v2\/media\/4852"}],"wp:attachment":[{"href":"https:\/\/rubi.com.py\/index.php\/wp-json\/wp\/v2\/media?parent=783"}],"wp:term":[{"taxonomy":"product_brand","embeddable":true,"href":"https:\/\/rubi.com.py\/index.php\/wp-json\/wp\/v2\/product_brand?post=783"},{"taxonomy":"product_cat","embeddable":true,"href":"https:\/\/rubi.com.py\/index.php\/wp-json\/wp\/v2\/product_cat?post=783"},{"taxonomy":"product_tag","embeddable":true,"href":"https:\/\/rubi.com.py\/index.php\/wp-json\/wp\/v2\/product_tag?post=783"}],"curies":[{"name":"wp","href":"https:\/\/api.w.org\/{rel}","templated":true}]}}