{"id":788,"date":"2025-10-06T20:00:52","date_gmt":"2025-10-06T18:00:52","guid":{"rendered":"https:\/\/rubi.com.py\/index.php\/producto\/hervidora-tokyo-easy-pro-negra-jarra-de-acero-inoxidable-17-l-1500-w\/"},"modified":"2026-04-22T14:03:10","modified_gmt":"2026-04-22T12:03:10","slug":"hervidora-tokyo-easy-pro-negra-jarra-de-acero-inoxidable-17-l-1500-w","status":"publish","type":"product","link":"https:\/\/rubi.com.py\/index.php\/producto\/hervidora-tokyo-easy-pro-negra-jarra-de-acero-inoxidable-17-l-1500-w\/","title":{"rendered":"HERVIDORA TOKYO EASY PRO NEGRA JARRA DE ACERO INOXIDABLE  1,7 L 1500 W"},"content":{"rendered":"<p>* Disco calentador de acero inoxidable. * Funci\u00f3n de apagado autom\u00e1tico. * Base con enrollador de cable. * Desmontable con giro 360\u00b0. * Jarra de Acero Inoxidable. * Capacidad 1.7 litros de. * Potencia 1.500W. Im\u00e1genes meramente ilustrativas. Im\u00e1genes e informaci\u00f3n sujetas a cambios sin previo aviso. Detalles t\u00e9cnicos: \u2022 ANCHO: 19 CM \u2022 ALTO: 19,5 CM \u2022 LARGO: 21 CM \u2022 PESO: 950 GR<\/p>\n","protected":false},"excerpt":{"rendered":"<p>* Disco calentador de acero inoxidable. * Funci\u00f3n de apagado autom\u00e1tico. * Base con enrollador de cable. * Desmontable con giro 360\u00b0. * Jarra de Acero Inoxidable. * Capacidad 1.7 litros de. * Potencia 1.500W. Im\u00e1genes meramente ilustrativas. Im\u00e1genes e informaci\u00f3n sujetas a cambios sin previo aviso.<\/p>\n","protected":false},"featured_media":4876,"comment_status":"open","ping_status":"closed","template":"","meta":{"_et_pb_use_builder":"","_et_pb_old_content":"","_et_gb_content_width":""},"product_brand":[],"product_cat":[33],"product_tag":[],"class_list":{"0":"post-788","1":"product","2":"type-product","3":"status-publish","4":"has-post-thumbnail","6":"product_cat-cocina-y-comedor","8":"first","9":"instock","10":"shipping-taxable","11":"purchasable","12":"product-type-simple"},"_links":{"self":[{"href":"https:\/\/rubi.com.py\/index.php\/wp-json\/wp\/v2\/product\/788","targetHints":{"allow":["GET"]}}],"collection":[{"href":"https:\/\/rubi.com.py\/index.php\/wp-json\/wp\/v2\/product"}],"about":[{"href":"https:\/\/rubi.com.py\/index.php\/wp-json\/wp\/v2\/types\/product"}],"replies":[{"embeddable":true,"href":"https:\/\/rubi.com.py\/index.php\/wp-json\/wp\/v2\/comments?post=788"}],"wp:featuredmedia":[{"embeddable":true,"href":"https:\/\/rubi.com.py\/index.php\/wp-json\/wp\/v2\/media\/4876"}],"wp:attachment":[{"href":"https:\/\/rubi.com.py\/index.php\/wp-json\/wp\/v2\/media?parent=788"}],"wp:term":[{"taxonomy":"product_brand","embeddable":true,"href":"https:\/\/rubi.com.py\/index.php\/wp-json\/wp\/v2\/product_brand?post=788"},{"taxonomy":"product_cat","embeddable":true,"href":"https:\/\/rubi.com.py\/index.php\/wp-json\/wp\/v2\/product_cat?post=788"},{"taxonomy":"product_tag","embeddable":true,"href":"https:\/\/rubi.com.py\/index.php\/wp-json\/wp\/v2\/product_tag?post=788"}],"curies":[{"name":"wp","href":"https:\/\/api.w.org\/{rel}","templated":true}]}}