{"id":793,"date":"2025-10-06T20:03:59","date_gmt":"2025-10-06T18:03:59","guid":{"rendered":"https:\/\/rubi.com.py\/index.php\/producto\/hervidora-moulinex-mod-by320a10-soleil-1-7lts\/"},"modified":"2026-04-22T14:00:54","modified_gmt":"2026-04-22T12:00:54","slug":"hervidora-moulinex-mod-by320a10-soleil-1-7lts","status":"publish","type":"product","link":"https:\/\/rubi.com.py\/index.php\/producto\/hervidora-moulinex-mod-by320a10-soleil-1-7lts\/","title":{"rendered":"HERVIDORA MOULINEX MOD BY320A10 SOLEIL 1.7LTS"},"content":{"rendered":"<p>* Indicador dual para controlar el nivel del agua. * Filtro extra\u00edble para agua mas limpia. * Funcion autoapagado. * Capacidad 1.7 litros. * Base giratoria 360\u00ba. * Tapa con bisagras. * Potencia 2400 W. * Llena 7 tazas. Im\u00e1genes meramente ilustrativas. Im\u00e1genes e informaci\u00f3n sujetas a cambios sin previo aviso. Detalles t\u00e9cnicos: \u2022 ANCHO: 23 CM \u2022 ALTO: 27 CM \u2022 LARGO: 60 CM \u2022 PESO: 1526 GR<\/p>\n","protected":false},"excerpt":{"rendered":"<p>* Indicador dual para controlar el nivel del agua. * Filtro extra\u00edble para agua mas limpia. * Funcion autoapagado. * Capacidad 1.7 litros. * Base giratoria 360\u00ba. * Tapa con bisagras. * Potencia 2400 W. * Llena 7 tazas. Im\u00e1genes meramente ilustrativas. Im\u00e1genes e informaci\u00f3n sujetas a cambios sin previo aviso.<\/p>\n","protected":false},"featured_media":4872,"comment_status":"open","ping_status":"closed","template":"","meta":{"_et_pb_use_builder":"","_et_pb_old_content":"","_et_gb_content_width":""},"product_brand":[],"product_cat":[33],"product_tag":[],"class_list":{"0":"post-793","1":"product","2":"type-product","3":"status-publish","4":"has-post-thumbnail","6":"product_cat-cocina-y-comedor","8":"first","9":"instock","10":"shipping-taxable","11":"purchasable","12":"product-type-simple"},"_links":{"self":[{"href":"https:\/\/rubi.com.py\/index.php\/wp-json\/wp\/v2\/product\/793","targetHints":{"allow":["GET"]}}],"collection":[{"href":"https:\/\/rubi.com.py\/index.php\/wp-json\/wp\/v2\/product"}],"about":[{"href":"https:\/\/rubi.com.py\/index.php\/wp-json\/wp\/v2\/types\/product"}],"replies":[{"embeddable":true,"href":"https:\/\/rubi.com.py\/index.php\/wp-json\/wp\/v2\/comments?post=793"}],"wp:featuredmedia":[{"embeddable":true,"href":"https:\/\/rubi.com.py\/index.php\/wp-json\/wp\/v2\/media\/4872"}],"wp:attachment":[{"href":"https:\/\/rubi.com.py\/index.php\/wp-json\/wp\/v2\/media?parent=793"}],"wp:term":[{"taxonomy":"product_brand","embeddable":true,"href":"https:\/\/rubi.com.py\/index.php\/wp-json\/wp\/v2\/product_brand?post=793"},{"taxonomy":"product_cat","embeddable":true,"href":"https:\/\/rubi.com.py\/index.php\/wp-json\/wp\/v2\/product_cat?post=793"},{"taxonomy":"product_tag","embeddable":true,"href":"https:\/\/rubi.com.py\/index.php\/wp-json\/wp\/v2\/product_tag?post=793"}],"curies":[{"name":"wp","href":"https:\/\/api.w.org\/{rel}","templated":true}]}}