{"id":796,"date":"2025-10-06T20:04:42","date_gmt":"2025-10-06T18:04:42","guid":{"rendered":"https:\/\/rubi.com.py\/index.php\/producto\/heladera-whirlpool-wrm56ck-493-461l-evox-inverter-frio-seco-panel-touch\/"},"modified":"2026-04-22T13:59:28","modified_gmt":"2026-04-22T11:59:28","slug":"heladera-whirlpool-wrm56ck-493-461l-evox-inverter-frio-seco-panel-touch","status":"publish","type":"product","link":"https:\/\/rubi.com.py\/index.php\/producto\/heladera-whirlpool-wrm56ck-493-461l-evox-inverter-frio-seco-panel-touch\/","title":{"rendered":"HELADERA WHIRLPOOL WRM56CK 493\/461L EVOX INVERTER FRIO SECO PANEL TOUCH"},"content":{"rendered":"<p>* Aviso sonoro e indicaci\u00f3n en el panel cuando alguna de las puertas est\u00e1 abierta, para garantizar la temperatura correcta de los alimentos. * Conserva la frescura original de las frutas y-o verduras. Facilita la organizaci\u00f3n al contar con un estante para frutas y otro para verduras. * Compras, Vacaciones o Fiesta funciones para cada momento, que optimizan la temperatura seg\u00fan la necesidad. * Compartimiento especial para enfriar m\u00e1s rapido los alimentos aumentando la potencia del freezer. * Puedes regular la cantidad de aire frio hacia el freezer o la helader segun necesidades. * Permite controlar la temperatura de la heladera sin necesidad de abrir la puerta. * Estantes y bandejas con altura ajustable para optimizar el espacio al m\u00e1ximo. * Iluminaci\u00f3n panor\u00e1mica para una correcta visibilidad de los productos. * Sistema de ventilaci\u00f3n homog\u00e9neo que evita la formaci\u00f3n de hielo. * Efectivo sistema para retirar el hielo con solo girar una perilla. * Doble compartimiento extra fr\u00edo para enfr\u00edar m\u00e1s r\u00e1pido. * Alarma que avisa cuando el Hielo est\u00e1 listo para extraer. * Ahorro superior, mejor rendimiento* y durabilidad**. * Heladera nivelada para evitar ruidos y vibraciones. * Funci\u00f3n que acelera la fabricaci\u00f3n de hielo. Im\u00e1genes meramente ilustrativas. Im\u00e1genes e informaci\u00f3n sujetas a cambios sin previo aviso. Detalles t\u00e9cnicos: \u2022 ANCHO: 80 CM \u2022 ALTO: 194,5 CM \u2022 LARGO: 85,5 CM \u2022 PESO: 75000 GR<\/p>\n","protected":false},"excerpt":{"rendered":"<p>* Aviso sonoro e indicaci\u00f3n en el panel cuando alguna de las puertas est\u00e1 abierta, para garantizar la temperatura correcta de los alimentos. * Conserva la frescura original de las frutas y-o verduras. Facilita la organizaci\u00f3n al contar con un estante para frutas y otro para verduras. * Compras, Vacaciones o Fiesta funciones para cada momento, que optimizan la temperatura seg\u00fan la necesidad. * Compartimiento especial para enfriar m\u00e1s rapido los alimentos aumentando la potencia del freezer. * Puedes regular la cantidad de aire frio hacia el freezer o la helader segun necesidades. * Permite controlar la temperatura de la heladera sin necesidad de abrir la puerta. * Estantes y bandejas con altura ajustable para optimizar el espacio al m\u00e1ximo. * Iluminaci\u00f3n panor\u00e1mica para una correcta visibilidad de los productos. * Sistema de ventilaci\u00f3n homog\u00e9neo que evita la formaci\u00f3n de hielo. * Efectivo sistema para retirar el hielo con solo girar una perilla. * Doble compartimiento extra fr\u00edo para enfr\u00edar m\u00e1s r\u00e1pido. * Alarma que avisa cuando el Hielo est\u00e1 listo para extraer. * Ahorro superior, mejor rendimiento* y durabilidad**. * Heladera nivelada para evitar ruidos y vibraciones. * Funci\u00f3n que acelera la fabricaci\u00f3n de hielo. Im\u00e1genes meramente ilustrativas. Im\u00e1genes e informaci\u00f3n sujetas a cambios sin previo aviso.<\/p>\n","protected":false},"featured_media":4870,"comment_status":"open","ping_status":"closed","template":"","meta":{"_et_pb_use_builder":"","_et_pb_old_content":"","_et_gb_content_width":""},"product_brand":[],"product_cat":[43],"product_tag":[],"class_list":{"0":"post-796","1":"product","2":"type-product","3":"status-publish","4":"has-post-thumbnail","6":"product_cat-refrigeracion","8":"first","9":"instock","10":"shipping-taxable","11":"purchasable","12":"product-type-simple"},"_links":{"self":[{"href":"https:\/\/rubi.com.py\/index.php\/wp-json\/wp\/v2\/product\/796","targetHints":{"allow":["GET"]}}],"collection":[{"href":"https:\/\/rubi.com.py\/index.php\/wp-json\/wp\/v2\/product"}],"about":[{"href":"https:\/\/rubi.com.py\/index.php\/wp-json\/wp\/v2\/types\/product"}],"replies":[{"embeddable":true,"href":"https:\/\/rubi.com.py\/index.php\/wp-json\/wp\/v2\/comments?post=796"}],"wp:featuredmedia":[{"embeddable":true,"href":"https:\/\/rubi.com.py\/index.php\/wp-json\/wp\/v2\/media\/4870"}],"wp:attachment":[{"href":"https:\/\/rubi.com.py\/index.php\/wp-json\/wp\/v2\/media?parent=796"}],"wp:term":[{"taxonomy":"product_brand","embeddable":true,"href":"https:\/\/rubi.com.py\/index.php\/wp-json\/wp\/v2\/product_brand?post=796"},{"taxonomy":"product_cat","embeddable":true,"href":"https:\/\/rubi.com.py\/index.php\/wp-json\/wp\/v2\/product_cat?post=796"},{"taxonomy":"product_tag","embeddable":true,"href":"https:\/\/rubi.com.py\/index.php\/wp-json\/wp\/v2\/product_tag?post=796"}],"curies":[{"name":"wp","href":"https:\/\/api.w.org\/{rel}","templated":true}]}}