{"id":798,"date":"2025-10-06T20:05:12","date_gmt":"2025-10-06T18:05:12","guid":{"rendered":"https:\/\/rubi.com.py\/index.php\/producto\/heladera-whirlpool-wrm56bk-492-462l-evox-inverter-frio-seco-panel-touch\/"},"modified":"2026-04-22T13:57:18","modified_gmt":"2026-04-22T11:57:18","slug":"heladera-whirlpool-wrm56bk-492-462l-evox-inverter-frio-seco-panel-touch","status":"publish","type":"product","link":"https:\/\/rubi.com.py\/index.php\/producto\/heladera-whirlpool-wrm56bk-492-462l-evox-inverter-frio-seco-panel-touch\/","title":{"rendered":"HELADERA WHIRLPOOL WRM56BK 492\/462L EVOX INVERTER FRIO SECO PANEL TOUCH"},"content":{"rendered":"<p>* Mejor Preservaci\u00f3n de Alimentos enfr\u00eda m\u00e1s r\u00e1pido los alimentos y reduce las variaciones de temperaturas internas. * Mayor Ahorro de Energ\u00eda con tecnolog\u00eda de velocidad variable, ajusta el consumo de energ\u00eda seg\u00fan lo requiera. * Resistencia y Durabilidad Menor desgaste, menor ruido y un mayor rango de tensi\u00f3n para funcionamiento. * Turbo Freezer Permite enfriar alimentos y bebidas m\u00e1s r\u00e1pido aumentando la potencia del freezer. * Turbo Control Flexibilidad para conservar o enfriar m\u00e1s r\u00e1pido lo que necesites. * Turbo Hielo Hielo a mano m\u00e1s r\u00e1pido, siempre que necesites. * Xpert Inverter Mayor durabilidad y ahorro de energ\u00eda. * Modos Especiales fiesta, compras, vacaciones. * Capacidad Bruta 492 litros. * Capacidad Neta 462 litros. * Eficiencia Energ\u00e9tica A. * Panel Touch. * No Frost. MEDIDAS DEL PRODUCTO. * Ancho 70,1 cm. * Altura 184 cm. * Profundidad 75 cm. Im\u00e1genes meramente ilustrativas. Im\u00e1genes e informaci\u00f3n sujetas a cambios sin previo aviso. Detalles t\u00e9cnicos: \u2022 ANCHO: 78 CM \u2022 ALTO: 181 CM \u2022 LARGO: 75 CM \u2022 PESO: 1 GR<\/p>\n","protected":false},"excerpt":{"rendered":"<p>* Mejor Preservaci\u00f3n de Alimentos enfr\u00eda m\u00e1s r\u00e1pido los alimentos y reduce las variaciones de temperaturas internas. * Mayor Ahorro de Energ\u00eda con tecnolog\u00eda de velocidad variable, ajusta el consumo de energ\u00eda seg\u00fan lo requiera. * Resistencia y Durabilidad Menor desgaste, menor ruido y un mayor rango de tensi\u00f3n para funcionamiento. * Turbo Freezer Permite enfriar alimentos y bebidas m\u00e1s r\u00e1pido aumentando la potencia del freezer. * Turbo Control Flexibilidad para conservar o enfriar m\u00e1s r\u00e1pido lo que necesites. * Turbo Hielo Hielo a mano m\u00e1s r\u00e1pido, siempre que necesites. * Xpert Inverter Mayor durabilidad y ahorro de energ\u00eda. * Modos Especiales fiesta, compras, vacaciones. * Capacidad Bruta 492 litros. * Capacidad Neta 462 litros. * Eficiencia Energ\u00e9tica A. * Panel Touch. * No Frost. MEDIDAS DEL PRODUCTO. * Ancho 70,1 cm. * Altura 184 cm. * Profundidad 75 cm. Im\u00e1genes meramente ilustrativas. Im\u00e1genes e informaci\u00f3n sujetas a cambios sin previo aviso.<\/p>\n","protected":false},"featured_media":4869,"comment_status":"open","ping_status":"closed","template":"","meta":{"_et_pb_use_builder":"","_et_pb_old_content":"","_et_gb_content_width":""},"product_brand":[],"product_cat":[43],"product_tag":[],"class_list":{"0":"post-798","1":"product","2":"type-product","3":"status-publish","4":"has-post-thumbnail","6":"product_cat-refrigeracion","8":"first","9":"instock","10":"shipping-taxable","11":"purchasable","12":"product-type-simple"},"_links":{"self":[{"href":"https:\/\/rubi.com.py\/index.php\/wp-json\/wp\/v2\/product\/798","targetHints":{"allow":["GET"]}}],"collection":[{"href":"https:\/\/rubi.com.py\/index.php\/wp-json\/wp\/v2\/product"}],"about":[{"href":"https:\/\/rubi.com.py\/index.php\/wp-json\/wp\/v2\/types\/product"}],"replies":[{"embeddable":true,"href":"https:\/\/rubi.com.py\/index.php\/wp-json\/wp\/v2\/comments?post=798"}],"wp:featuredmedia":[{"embeddable":true,"href":"https:\/\/rubi.com.py\/index.php\/wp-json\/wp\/v2\/media\/4869"}],"wp:attachment":[{"href":"https:\/\/rubi.com.py\/index.php\/wp-json\/wp\/v2\/media?parent=798"}],"wp:term":[{"taxonomy":"product_brand","embeddable":true,"href":"https:\/\/rubi.com.py\/index.php\/wp-json\/wp\/v2\/product_brand?post=798"},{"taxonomy":"product_cat","embeddable":true,"href":"https:\/\/rubi.com.py\/index.php\/wp-json\/wp\/v2\/product_cat?post=798"},{"taxonomy":"product_tag","embeddable":true,"href":"https:\/\/rubi.com.py\/index.php\/wp-json\/wp\/v2\/product_tag?post=798"}],"curies":[{"name":"wp","href":"https:\/\/api.w.org\/{rel}","templated":true}]}}