{"id":800,"date":"2025-10-06T20:05:52","date_gmt":"2025-10-06T18:05:52","guid":{"rendered":"https:\/\/rubi.com.py\/index.php\/producto\/heladera-whirlpool-wrm45bk-400-375l-evox-frio-seco-panel-touch\/"},"modified":"2026-04-22T13:55:50","modified_gmt":"2026-04-22T11:55:50","slug":"heladera-whirlpool-wrm45bk-400-375l-evox-frio-seco-panel-touch","status":"publish","type":"product","link":"https:\/\/rubi.com.py\/index.php\/producto\/heladera-whirlpool-wrm45bk-400-375l-evox-frio-seco-panel-touch\/","title":{"rendered":"HELADERA WHIRLPOOL WRM45BK 400\/375L EVOX FRIO SECO PANEL TOUCH"},"content":{"rendered":"<p>* Turbo freezer Fresh Zone frutas y verduras frescas por m\u00e1s tiempo. * Panel touch con modos especiales. * Capacidad 400 litros. * Iluminaci\u00f3n LED. * Espacio Adapt. Im\u00e1genes meramente ilustrativas. Im\u00e1genes e informaci\u00f3n sujetas a cambios sin previo aviso. Detalles t\u00e9cnicos: \u2022 ANCHO: 73 CM \u2022 ALTO: 179 CM \u2022 LARGO: 64,5 CM \u2022 PESO: 3500 GR<\/p>\n","protected":false},"excerpt":{"rendered":"<p>* Turbo freezer Fresh Zone frutas y verduras frescas por m\u00e1s tiempo. * Panel touch con modos especiales. * Capacidad 400 litros. * Iluminaci\u00f3n LED. * Espacio Adapt. Im\u00e1genes meramente ilustrativas. Im\u00e1genes e informaci\u00f3n sujetas a cambios sin previo aviso.<\/p>\n","protected":false},"featured_media":4866,"comment_status":"open","ping_status":"closed","template":"","meta":{"_et_pb_use_builder":"","_et_pb_old_content":"","_et_gb_content_width":""},"product_brand":[],"product_cat":[43],"product_tag":[],"class_list":{"0":"post-800","1":"product","2":"type-product","3":"status-publish","4":"has-post-thumbnail","6":"product_cat-refrigeracion","8":"first","9":"instock","10":"shipping-taxable","11":"purchasable","12":"product-type-simple"},"_links":{"self":[{"href":"https:\/\/rubi.com.py\/index.php\/wp-json\/wp\/v2\/product\/800","targetHints":{"allow":["GET"]}}],"collection":[{"href":"https:\/\/rubi.com.py\/index.php\/wp-json\/wp\/v2\/product"}],"about":[{"href":"https:\/\/rubi.com.py\/index.php\/wp-json\/wp\/v2\/types\/product"}],"replies":[{"embeddable":true,"href":"https:\/\/rubi.com.py\/index.php\/wp-json\/wp\/v2\/comments?post=800"}],"wp:featuredmedia":[{"embeddable":true,"href":"https:\/\/rubi.com.py\/index.php\/wp-json\/wp\/v2\/media\/4866"}],"wp:attachment":[{"href":"https:\/\/rubi.com.py\/index.php\/wp-json\/wp\/v2\/media?parent=800"}],"wp:term":[{"taxonomy":"product_brand","embeddable":true,"href":"https:\/\/rubi.com.py\/index.php\/wp-json\/wp\/v2\/product_brand?post=800"},{"taxonomy":"product_cat","embeddable":true,"href":"https:\/\/rubi.com.py\/index.php\/wp-json\/wp\/v2\/product_cat?post=800"},{"taxonomy":"product_tag","embeddable":true,"href":"https:\/\/rubi.com.py\/index.php\/wp-json\/wp\/v2\/product_tag?post=800"}],"curies":[{"name":"wp","href":"https:\/\/api.w.org\/{rel}","templated":true}]}}