{"id":805,"date":"2025-10-06T20:07:49","date_gmt":"2025-10-06T18:07:49","guid":{"rendered":"https:\/\/rubi.com.py\/index.php\/producto\/heladera-whirlpool-wrm44hb-375-400l-blanco-frio-seco\/"},"modified":"2026-04-22T13:55:06","modified_gmt":"2026-04-22T11:55:06","slug":"heladera-whirlpool-wrm44hb-375-400l-blanco-frio-seco","status":"publish","type":"product","link":"https:\/\/rubi.com.py\/index.php\/producto\/heladera-whirlpool-wrm44hb-375-400l-blanco-frio-seco\/","title":{"rendered":"HELADERA WHIRLPOOL WRM44HB 375\/400L BLANCO FRIO SECO"},"content":{"rendered":"<p>* Turbo Freezer Permite enfriar alimentos y bebidas m\u00e1s r\u00e1pido aumentando la potencia del freezer. * Espacio Fresh Conserva la frescura original de tus frutas y verduras toda la semana. * Luz LED Permite una iluminaci\u00f3n panor\u00e1mica, ahorra energ\u00eda y dura m\u00e1s tiempo. * Control externo de temperatura. * Capacidad Bruta 399 litros. * Capacidad Neta 374 litros. * Compartimiento extra fr\u00edo. * No Frost. MEDIDAS DEL PRODUCTO. * Ancho 62,1 cm. * Alto 176 cm. * Profundidad 75,5 cm. Im\u00e1genes meramente ilustrativas. Im\u00e1genes e informaci\u00f3n sujetas a cambios sin previo aviso. Detalles t\u00e9cnicos: \u2022 ANCHO: 74 CM \u2022 ALTO: 179 CM \u2022 LARGO: 62 CM \u2022 PESO: 1 GR<\/p>\n","protected":false},"excerpt":{"rendered":"<p>* Turbo Freezer Permite enfriar alimentos y bebidas m\u00e1s r\u00e1pido aumentando la potencia del freezer. * Espacio Fresh Conserva la frescura original de tus frutas y verduras toda la semana. * Luz LED Permite una iluminaci\u00f3n panor\u00e1mica, ahorra energ\u00eda y dura m\u00e1s tiempo. * Control externo de temperatura. * Capacidad Bruta 399 litros. * Capacidad Neta 374 litros. * Compartimiento extra fr\u00edo. * No Frost. MEDIDAS DEL PRODUCTO. * Ancho 62,1 cm. * Alto 176 cm. * Profundidad 75,5 cm. Im\u00e1genes meramente ilustrativas. Im\u00e1genes e informaci\u00f3n sujetas a cambios sin previo aviso.<\/p>\n","protected":false},"featured_media":4863,"comment_status":"open","ping_status":"closed","template":"","meta":{"_et_pb_use_builder":"","_et_pb_old_content":"","_et_gb_content_width":""},"product_brand":[],"product_cat":[43],"product_tag":[],"class_list":{"0":"post-805","1":"product","2":"type-product","3":"status-publish","4":"has-post-thumbnail","6":"product_cat-refrigeracion","8":"first","9":"instock","10":"shipping-taxable","11":"purchasable","12":"product-type-simple"},"_links":{"self":[{"href":"https:\/\/rubi.com.py\/index.php\/wp-json\/wp\/v2\/product\/805","targetHints":{"allow":["GET"]}}],"collection":[{"href":"https:\/\/rubi.com.py\/index.php\/wp-json\/wp\/v2\/product"}],"about":[{"href":"https:\/\/rubi.com.py\/index.php\/wp-json\/wp\/v2\/types\/product"}],"replies":[{"embeddable":true,"href":"https:\/\/rubi.com.py\/index.php\/wp-json\/wp\/v2\/comments?post=805"}],"wp:featuredmedia":[{"embeddable":true,"href":"https:\/\/rubi.com.py\/index.php\/wp-json\/wp\/v2\/media\/4863"}],"wp:attachment":[{"href":"https:\/\/rubi.com.py\/index.php\/wp-json\/wp\/v2\/media?parent=805"}],"wp:term":[{"taxonomy":"product_brand","embeddable":true,"href":"https:\/\/rubi.com.py\/index.php\/wp-json\/wp\/v2\/product_brand?post=805"},{"taxonomy":"product_cat","embeddable":true,"href":"https:\/\/rubi.com.py\/index.php\/wp-json\/wp\/v2\/product_cat?post=805"},{"taxonomy":"product_tag","embeddable":true,"href":"https:\/\/rubi.com.py\/index.php\/wp-json\/wp\/v2\/product_tag?post=805"}],"curies":[{"name":"wp","href":"https:\/\/api.w.org\/{rel}","templated":true}]}}